{"id":349,"date":"2024-09-16T02:03:43","date_gmt":"2024-09-16T02:03:43","guid":{"rendered":"https:\/\/www.qzdjm.com\/?post_type=product&#038;p=349"},"modified":"2024-12-11T09:24:15","modified_gmt":"2024-12-11T09:24:15","slug":"concrete-block-making-machine-qt12-15","status":"publish","type":"product","link":"https:\/\/www.qzdjm.com\/de\/produkt\/concrete-block-making-machine-qt12-15\/","title":{"rendered":"BETONSTEINFERTIGUNGSMASCHINE QT12-15"},"content":{"rendered":"<p>Betonsteinfertigungsmaschine QT12-15 ist <b>vollautomatisches Arbeiten mit PLC<\/b>, geeignet f\u00fcr die Herstellung von <b>alle Arten von Hohlblocksteinen, Vollblocksteinen, Pflastersteinen, Bordsteinen <\/b>und so weiter. es verwenden unsere neuesten hydraulischen Druck, so kann der Block Qualit\u00e4t sehr gut zu gew\u00e4hrleisten. Jetzt, um die \u00dcberseem\u00e4rkte zu entsprechen und sicherzustellen, dass die Maschine effizienter arbeiten, haben wir viele Teile von einigen bekannten Marken aus \u00dcbersee importiert, Liste wie folgt<br \/>\n<b>1. SPS-Steuerung: <\/b>haben wir das Original ausgew\u00e4hlt<b> Siemens SPS <\/b>in Kombination mit einem unabh\u00e4ngig entwickelten Maschinensteuerungsprogramm einen stabilen und hocheffizienten Arbeitsstatus gew\u00e4hrleisten.<br \/>\n<b>2. Schalter und Motor: <\/b>Schalter verwenden <b>Japan Omron <\/b>und <b>Frankreich Schneider<\/b> Marke, der Motor wird die Marke Siemens oder ABB verwenden.<br \/>\n<b>3. Hydraulisches System:<\/b> Hydraulik-Ersatzteile k\u00f6nnen entsprechend den Eigenschaften unserer Blockmaschinen aus Taiwan bestellt werden.<br \/>\n<b>4. Materialzuf\u00fchrung:<\/b> Rotationsmischer Typ Materialzuf\u00fchrungswagen, Endprodukte erhalten h\u00f6here Dichte und Festigkeit.<br \/>\n<b>5. Schimmel:<\/b> neueste <b>W\u00e4rmebehandlungseinrichtung<\/b> eine l\u00e4ngere Lebensdauer der Form zu gew\u00e4hrleisten.<br \/>\n<b>6. Ersatzteile:<\/b> Nach der Auslieferung der Maschine liefern wir passende Verschlei\u00dfteile, der Kundendienst wird schneller sein.<\/p>","protected":false},"excerpt":{"rendered":"<p>CONCRETE HOLLOW BLOCK MAKING MACHINE QT 12-15 hohe Qualit\u00e4t mit bestem Preis und Service.<\/p>\n<p>Die Betonsteinmaschine QT12-15 ist eine vollautomatische R\u00fcttelmaschine, die die fortschrittliche europ\u00e4ische Technik der flachen Vibration als Referenz verwendet, mit geringerer Leistung; die automatische Pflastersteinmaschine realisiert den superstarken Vibrationseffekt und mischt jedes Material effektiv. Und die obere Form Vibration Kompression macht den Ziegel mit mittlerer Dichte und hohe Festigkeit, sowie die gro\u00df angelegte Ausr\u00fcstung.<\/p>\n<p><strong>Hersteller von Steinfertigungsmaschinen<\/strong><\/p>\n<p><strong>Artikel NO.<\/strong>:QT 12-15<\/p>\n<p><strong>Zahlung<\/strong>: T\/T<\/p>\n<p><strong>Produkt Herkunft<\/strong>: QuanZhou<\/p>\n<p><strong>Schifffahrtshafen<\/strong>: XIAMEN,CHINA<\/p>\n<p><strong>Vorlaufzeit<\/strong>: 30 TAGE<\/p>\n<p><strong>Bestellung (MOQ)<\/strong>: 1<\/p>\n<p><strong>Warenbestand<\/strong>: 10<\/p>\n<p><strong>Produkt Gewicht<\/strong>: 15200kg<\/p>","protected":false},"featured_media":373,"comment_status":"open","ping_status":"closed","template":"","meta":{"_acf_changed":false},"product_brand":[],"product_cat":[32],"product_tag":[],"class_list":{"0":"post-349","1":"product","2":"type-product","3":"status-publish","4":"has-post-thumbnail","6":"product_cat-block-making-production-line","8":"first","9":"instock","10":"shipping-taxable","11":"product-type-simple"},"acf":[],"yoast_head":"<!-- This site is optimized with the Yoast SEO plugin v26.6 - https:\/\/yoast.com\/wordpress\/plugins\/seo\/ -->\n<title>CONCRETE BLOCK MAKING MACHINE QT12-15 - Manufacturer of Block Making Machine | Block Moulds | Hydraulic Pressure Machine | Supporting Equipment<\/title>\n<meta name=\"description\" content=\"CONCRETE BLOCK MAKING MACHINE\u00a0 QT12-15 uses the European advanced flat vibration manufacturing technique for reference, with the lower power.\" \/>\n<meta name=\"robots\" content=\"index, follow, max-snippet:-1, max-image-preview:large, max-video-preview:-1\" \/>\n<link rel=\"canonical\" href=\"https:\/\/www.qzdjm.com\/de\/produkt\/concrete-block-making-machine-qt12-15\/\" \/>\n<meta property=\"og:locale\" content=\"de_DE\" \/>\n<meta property=\"og:type\" content=\"article\" \/>\n<meta property=\"og:title\" content=\"CONCRETE BLOCK MAKING MACHINE QT12-15 - Manufacturer of Block Making Machine | Block Moulds | Hydraulic Pressure Machine | Supporting Equipment\" \/>\n<meta property=\"og:description\" content=\"CONCRETE BLOCK MAKING MACHINE\u00a0 QT12-15 uses the European advanced flat vibration manufacturing technique for reference, with the lower power.\" \/>\n<meta property=\"og:url\" content=\"https:\/\/www.qzdjm.com\/de\/produkt\/concrete-block-making-machine-qt12-15\/\" \/>\n<meta property=\"og:site_name\" content=\"Manufacturer of Block Making Machine | Block Moulds | Hydraulic Pressure Machine | Supporting Equipment\" \/>\n<meta property=\"article:modified_time\" content=\"2024-12-11T09:24:15+00:00\" \/>\n<meta property=\"og:image\" content=\"https:\/\/www.qzdjm.com\/wp-content\/uploads\/2024\/09\/02-CONCRETE-HOLLOW-BLOCK-MAKING-MACHINE-QT12-15.jpg\" \/>\n\t<meta property=\"og:image:width\" content=\"1200\" \/>\n\t<meta property=\"og:image:height\" content=\"900\" \/>\n\t<meta property=\"og:image:type\" content=\"image\/jpeg\" \/>\n<meta name=\"twitter:card\" content=\"summary_large_image\" \/>\n<meta name=\"twitter:label1\" content=\"Gesch\u00e4tzte Lesezeit\" \/>\n\t<meta name=\"twitter:data1\" content=\"2\u00a0Minuten\" \/>\n<script type=\"application\/ld+json\" class=\"yoast-schema-graph\">{\"@context\":\"https:\/\/schema.org\",\"@graph\":[{\"@type\":\"WebPage\",\"@id\":\"https:\/\/www.qzdjm.com\/product\/concrete-block-making-machine-qt12-15\/\",\"url\":\"https:\/\/www.qzdjm.com\/product\/concrete-block-making-machine-qt12-15\/\",\"name\":\"CONCRETE BLOCK MAKING MACHINE QT12-15 - Manufacturer of Block Making Machine | Block Moulds | Hydraulic Pressure Machine | Supporting Equipment\",\"isPartOf\":{\"@id\":\"https:\/\/www.qzdjm.com\/#website\"},\"primaryImageOfPage\":{\"@id\":\"https:\/\/www.qzdjm.com\/product\/concrete-block-making-machine-qt12-15\/#primaryimage\"},\"image\":{\"@id\":\"https:\/\/www.qzdjm.com\/product\/concrete-block-making-machine-qt12-15\/#primaryimage\"},\"thumbnailUrl\":\"https:\/\/www.qzdjm.com\/wp-content\/uploads\/2024\/09\/02-CONCRETE-HOLLOW-BLOCK-MAKING-MACHINE-QT12-15.jpg\",\"datePublished\":\"2024-09-16T02:03:43+00:00\",\"dateModified\":\"2024-12-11T09:24:15+00:00\",\"description\":\"CONCRETE BLOCK MAKING MACHINE\u00a0 QT12-15 uses the European advanced flat vibration manufacturing technique for reference, with the lower power.\",\"breadcrumb\":{\"@id\":\"https:\/\/www.qzdjm.com\/product\/concrete-block-making-machine-qt12-15\/#breadcrumb\"},\"inLanguage\":\"de\",\"potentialAction\":[{\"@type\":\"ReadAction\",\"target\":[\"https:\/\/www.qzdjm.com\/product\/concrete-block-making-machine-qt12-15\/\"]}]},{\"@type\":\"ImageObject\",\"inLanguage\":\"de\",\"@id\":\"https:\/\/www.qzdjm.com\/product\/concrete-block-making-machine-qt12-15\/#primaryimage\",\"url\":\"https:\/\/www.qzdjm.com\/wp-content\/uploads\/2024\/09\/02-CONCRETE-HOLLOW-BLOCK-MAKING-MACHINE-QT12-15.jpg\",\"contentUrl\":\"https:\/\/www.qzdjm.com\/wp-content\/uploads\/2024\/09\/02-CONCRETE-HOLLOW-BLOCK-MAKING-MACHINE-QT12-15.jpg\",\"width\":1200,\"height\":900,\"caption\":\"CONCRETE BLOCK MAKING MACHINE\u00a0 QT12-15 uses the European advanced flat vibration manufacturing technique for reference, with the lower power.\"},{\"@type\":\"BreadcrumbList\",\"@id\":\"https:\/\/www.qzdjm.com\/product\/concrete-block-making-machine-qt12-15\/#breadcrumb\",\"itemListElement\":[{\"@type\":\"ListItem\",\"position\":1,\"name\":\"Home\",\"item\":\"https:\/\/www.qzdjm.com\/\"},{\"@type\":\"ListItem\",\"position\":2,\"name\":\"Products\",\"item\":\"https:\/\/www.qzdjm.com\/products\/\"},{\"@type\":\"ListItem\",\"position\":3,\"name\":\"CONCRETE BLOCK MAKING MACHINE QT12-15\"}]},{\"@type\":\"WebSite\",\"@id\":\"https:\/\/www.qzdjm.com\/#website\",\"url\":\"https:\/\/www.qzdjm.com\/\",\"name\":\"Manufacturer of Block Making Machine | Block Moulds | Hydraulic Pressure Machine | Supporting Equipment\",\"description\":\"\",\"publisher\":{\"@id\":\"https:\/\/www.qzdjm.com\/#organization\"},\"potentialAction\":[{\"@type\":\"SearchAction\",\"target\":{\"@type\":\"EntryPoint\",\"urlTemplate\":\"https:\/\/www.qzdjm.com\/?s={search_term_string}\"},\"query-input\":{\"@type\":\"PropertyValueSpecification\",\"valueRequired\":true,\"valueName\":\"search_term_string\"}}],\"inLanguage\":\"de\"},{\"@type\":\"Organization\",\"@id\":\"https:\/\/www.qzdjm.com\/#organization\",\"name\":\"Manufacturer of Block Making Machine | Block Moulds | Hydraulic Pressure Machine | Supporting Equipment\",\"url\":\"https:\/\/www.qzdjm.com\/\",\"logo\":{\"@type\":\"ImageObject\",\"inLanguage\":\"de\",\"@id\":\"https:\/\/www.qzdjm.com\/#\/schema\/logo\/image\/\",\"url\":\"https:\/\/www.qzdjm.com\/wp-content\/uploads\/2024\/08\/DJM-logo.png\",\"contentUrl\":\"https:\/\/www.qzdjm.com\/wp-content\/uploads\/2024\/08\/DJM-logo.png\",\"width\":6992,\"height\":2278,\"caption\":\"Manufacturer of Block Making Machine | Block Moulds | Hydraulic Pressure Machine | Supporting Equipment\"},\"image\":{\"@id\":\"https:\/\/www.qzdjm.com\/#\/schema\/logo\/image\/\"}}]}<\/script>\n<!-- \/ Yoast SEO plugin. -->","yoast_head_json":{"title":"CONCRETE BLOCK MAKING MACHINE QT12-15 - Manufacturer of Block Making Machine | Block Moulds | Hydraulic Pressure Machine | Supporting Equipment","description":"CONCRETE BLOCK MAKING MACHINE\u00a0 QT12-15 uses the European advanced flat vibration manufacturing technique for reference, with the lower power.","robots":{"index":"index","follow":"follow","max-snippet":"max-snippet:-1","max-image-preview":"max-image-preview:large","max-video-preview":"max-video-preview:-1"},"canonical":"https:\/\/www.qzdjm.com\/de\/produkt\/concrete-block-making-machine-qt12-15\/","og_locale":"de_DE","og_type":"article","og_title":"CONCRETE BLOCK MAKING MACHINE QT12-15 - Manufacturer of Block Making Machine | Block Moulds | Hydraulic Pressure Machine | Supporting Equipment","og_description":"CONCRETE BLOCK MAKING MACHINE\u00a0 QT12-15 uses the European advanced flat vibration manufacturing technique for reference, with the lower power.","og_url":"https:\/\/www.qzdjm.com\/de\/produkt\/concrete-block-making-machine-qt12-15\/","og_site_name":"Manufacturer of Block Making Machine | Block Moulds | Hydraulic Pressure Machine | Supporting Equipment","article_modified_time":"2024-12-11T09:24:15+00:00","og_image":[{"width":1200,"height":900,"url":"https:\/\/www.qzdjm.com\/wp-content\/uploads\/2024\/09\/02-CONCRETE-HOLLOW-BLOCK-MAKING-MACHINE-QT12-15.jpg","type":"image\/jpeg"}],"twitter_card":"summary_large_image","twitter_misc":{"Gesch\u00e4tzte Lesezeit":"2\u00a0Minuten"},"schema":{"@context":"https:\/\/schema.org","@graph":[{"@type":"WebPage","@id":"https:\/\/www.qzdjm.com\/product\/concrete-block-making-machine-qt12-15\/","url":"https:\/\/www.qzdjm.com\/product\/concrete-block-making-machine-qt12-15\/","name":"CONCRETE BLOCK MAKING MACHINE QT12-15 - Manufacturer of Block Making Machine | Block Moulds | Hydraulic Pressure Machine | Supporting Equipment","isPartOf":{"@id":"https:\/\/www.qzdjm.com\/#website"},"primaryImageOfPage":{"@id":"https:\/\/www.qzdjm.com\/product\/concrete-block-making-machine-qt12-15\/#primaryimage"},"image":{"@id":"https:\/\/www.qzdjm.com\/product\/concrete-block-making-machine-qt12-15\/#primaryimage"},"thumbnailUrl":"https:\/\/www.qzdjm.com\/wp-content\/uploads\/2024\/09\/02-CONCRETE-HOLLOW-BLOCK-MAKING-MACHINE-QT12-15.jpg","datePublished":"2024-09-16T02:03:43+00:00","dateModified":"2024-12-11T09:24:15+00:00","description":"CONCRETE BLOCK MAKING MACHINE\u00a0 QT12-15 uses the European advanced flat vibration manufacturing technique for reference, with the lower power.","breadcrumb":{"@id":"https:\/\/www.qzdjm.com\/product\/concrete-block-making-machine-qt12-15\/#breadcrumb"},"inLanguage":"de","potentialAction":[{"@type":"ReadAction","target":["https:\/\/www.qzdjm.com\/product\/concrete-block-making-machine-qt12-15\/"]}]},{"@type":"ImageObject","inLanguage":"de","@id":"https:\/\/www.qzdjm.com\/product\/concrete-block-making-machine-qt12-15\/#primaryimage","url":"https:\/\/www.qzdjm.com\/wp-content\/uploads\/2024\/09\/02-CONCRETE-HOLLOW-BLOCK-MAKING-MACHINE-QT12-15.jpg","contentUrl":"https:\/\/www.qzdjm.com\/wp-content\/uploads\/2024\/09\/02-CONCRETE-HOLLOW-BLOCK-MAKING-MACHINE-QT12-15.jpg","width":1200,"height":900,"caption":"CONCRETE BLOCK MAKING MACHINE\u00a0 QT12-15 uses the European advanced flat vibration manufacturing technique for reference, with the lower power."},{"@type":"BreadcrumbList","@id":"https:\/\/www.qzdjm.com\/product\/concrete-block-making-machine-qt12-15\/#breadcrumb","itemListElement":[{"@type":"ListItem","position":1,"name":"Home","item":"https:\/\/www.qzdjm.com\/"},{"@type":"ListItem","position":2,"name":"Products","item":"https:\/\/www.qzdjm.com\/products\/"},{"@type":"ListItem","position":3,"name":"CONCRETE BLOCK MAKING MACHINE QT12-15"}]},{"@type":"WebSite","@id":"https:\/\/www.qzdjm.com\/#website","url":"https:\/\/www.qzdjm.com\/","name":"Manufacturer of Block Making Machine | Block Moulds | Hydraulic Pressure Machine | Supporting Equipment","description":"","publisher":{"@id":"https:\/\/www.qzdjm.com\/#organization"},"potentialAction":[{"@type":"SearchAction","target":{"@type":"EntryPoint","urlTemplate":"https:\/\/www.qzdjm.com\/?s={search_term_string}"},"query-input":{"@type":"PropertyValueSpecification","valueRequired":true,"valueName":"search_term_string"}}],"inLanguage":"de"},{"@type":"Organization","@id":"https:\/\/www.qzdjm.com\/#organization","name":"Manufacturer of Block Making Machine | Block Moulds | Hydraulic Pressure Machine | Supporting Equipment","url":"https:\/\/www.qzdjm.com\/","logo":{"@type":"ImageObject","inLanguage":"de","@id":"https:\/\/www.qzdjm.com\/#\/schema\/logo\/image\/","url":"https:\/\/www.qzdjm.com\/wp-content\/uploads\/2024\/08\/DJM-logo.png","contentUrl":"https:\/\/www.qzdjm.com\/wp-content\/uploads\/2024\/08\/DJM-logo.png","width":6992,"height":2278,"caption":"Manufacturer of Block Making Machine | Block Moulds | Hydraulic Pressure Machine | Supporting Equipment"},"image":{"@id":"https:\/\/www.qzdjm.com\/#\/schema\/logo\/image\/"}}]}},"_links":{"self":[{"href":"https:\/\/www.qzdjm.com\/de\/wp-json\/wp\/v2\/product\/349","targetHints":{"allow":["GET"]}}],"collection":[{"href":"https:\/\/www.qzdjm.com\/de\/wp-json\/wp\/v2\/product"}],"about":[{"href":"https:\/\/www.qzdjm.com\/de\/wp-json\/wp\/v2\/types\/product"}],"replies":[{"embeddable":true,"href":"https:\/\/www.qzdjm.com\/de\/wp-json\/wp\/v2\/comments?post=349"}],"wp:featuredmedia":[{"embeddable":true,"href":"https:\/\/www.qzdjm.com\/de\/wp-json\/wp\/v2\/media\/373"}],"wp:attachment":[{"href":"https:\/\/www.qzdjm.com\/de\/wp-json\/wp\/v2\/media?parent=349"}],"wp:term":[{"taxonomy":"product_brand","embeddable":true,"href":"https:\/\/www.qzdjm.com\/de\/wp-json\/wp\/v2\/product_brand?post=349"},{"taxonomy":"product_cat","embeddable":true,"href":"https:\/\/www.qzdjm.com\/de\/wp-json\/wp\/v2\/product_cat?post=349"},{"taxonomy":"product_tag","embeddable":true,"href":"https:\/\/www.qzdjm.com\/de\/wp-json\/wp\/v2\/product_tag?post=349"}],"curies":[{"name":"wp","href":"https:\/\/api.w.org\/{rel}","templated":true}]}}