{"id":381,"date":"2024-09-16T03:39:13","date_gmt":"2024-09-16T03:39:13","guid":{"rendered":"https:\/\/www.qzdjm.com\/?post_type=product&#038;p=381"},"modified":"2024-12-05T09:45:34","modified_gmt":"2024-12-05T09:45:34","slug":"block-cuber-system","status":"publish","type":"product","link":"https:\/\/www.qzdjm.com\/de\/produkt\/block-cuber-system\/","title":{"rendered":"BLOCK CUBER SYSTEM"},"content":{"rendered":"<p>This automatic block cuber system is mainly used to provide service of stacking blocks and bundle of bricks automatically in concrete block production line.<\/p>\n<p>It is also called Block clamper and block stacker, this block packing robot machine system will greatly improve the working efficiency for the block production line.<\/p>","protected":false},"excerpt":{"rendered":"<p>DJ-G1200 Simple cuber System Es eignet sich f\u00fcr eine Palette geh\u00e4rtet Ziegel, nachdem die Kombination ist in der N\u00e4he eines Platzes oder die beiden Paletten sind in der N\u00e4he eines Platzes keine Notwendigkeit, die Ziegel zu trennen verschmolzen.Die Ausr\u00fcstung umfasst Palettenzuf\u00fchrung, Anstieg, Pusher, Portalstapler, Heavy-Duty-Kettenf\u00f6rderer, electirc Steuerungssystem und Hydrauliksystem.<\/p>\n<p>This is one of our high-end concrete block stacking machine. During producing, it does not need blocks or pallets stacking by labors. It is full automatic brick cuber and block stacking sysatem and stacking up blocks and pallets right away. Only 2 or 3 workers can operate well the whole block palletizer production line, so you can save cost on block cubering, pallets stacking, labours on stacking. This is a model specially for exporting, it has the best configuration and the best quality inspection. It is an idea block making machine palletizer or block cuber with great performance and power consumption.<\/p>\n<p><strong>Artikel NO.<\/strong>:DJ-G1200<\/p>\n<p><strong>Zahlung<\/strong>: T\/T<\/p>\n<p><strong>Produkt Herkunft<\/strong>: QuanZhou<\/p>\n<p><strong>Schifffahrtshafen<\/strong>: XIAMEN,CHINA<\/p>\n<p><strong>Vorlaufzeit<\/strong>: 30 TAGE<\/p>\n<p><strong>Bestellung (MOQ)<\/strong>: 1<\/p>\n<p><strong>Warenbestand<\/strong>: 10<\/p>\n<p><strong>Produkt Gewicht<\/strong>: 1000kg<\/p>","protected":false},"featured_media":398,"comment_status":"open","ping_status":"closed","template":"","meta":{"_acf_changed":false},"product_brand":[],"product_cat":[35],"product_tag":[],"class_list":{"0":"post-381","1":"product","2":"type-product","3":"status-publish","4":"has-post-thumbnail","6":"product_cat-palletizingcuber-system","8":"first","9":"instock","10":"shipping-taxable","11":"product-type-simple"},"acf":[],"yoast_head":"<!-- This site is optimized with the Yoast SEO plugin v26.6 - https:\/\/yoast.com\/wordpress\/plugins\/seo\/ -->\n<title>BLOCK CUBER SYSTEM - Manufacturer of Block Making Machine | Block Moulds | Hydraulic Pressure Machine | Supporting Equipment<\/title>\n<meta name=\"description\" content=\"This automatic block cuber system is mainly used to provide service of stacking blocks and bundle of bricks automatically in concrete block production line.\" \/>\n<meta name=\"robots\" content=\"index, follow, max-snippet:-1, max-image-preview:large, max-video-preview:-1\" \/>\n<link rel=\"canonical\" href=\"https:\/\/www.qzdjm.com\/de\/produkt\/block-cuber-system\/\" \/>\n<meta property=\"og:locale\" content=\"de_DE\" \/>\n<meta property=\"og:type\" content=\"article\" \/>\n<meta property=\"og:title\" content=\"BLOCK CUBER SYSTEM - Manufacturer of Block Making Machine | Block Moulds | Hydraulic Pressure Machine | Supporting Equipment\" \/>\n<meta property=\"og:description\" content=\"This automatic block cuber system is mainly used to provide service of stacking blocks and bundle of bricks automatically in concrete block production line.\" \/>\n<meta property=\"og:url\" content=\"https:\/\/www.qzdjm.com\/de\/produkt\/block-cuber-system\/\" \/>\n<meta property=\"og:site_name\" content=\"Manufacturer of Block Making Machine | Block Moulds | Hydraulic Pressure Machine | Supporting Equipment\" \/>\n<meta property=\"article:modified_time\" content=\"2024-12-05T09:45:34+00:00\" \/>\n<meta property=\"og:image\" content=\"https:\/\/www.qzdjm.com\/wp-content\/uploads\/2024\/09\/01-BLOCK-MACHINE-HIGH-LEVEL-PALLETIZING-SYSTEM.jpg\" \/>\n\t<meta property=\"og:image:width\" content=\"1200\" \/>\n\t<meta property=\"og:image:height\" content=\"900\" \/>\n\t<meta property=\"og:image:type\" content=\"image\/jpeg\" \/>\n<meta name=\"twitter:card\" content=\"summary_large_image\" \/>\n<meta name=\"twitter:label1\" content=\"Gesch\u00e4tzte Lesezeit\" \/>\n\t<meta name=\"twitter:data1\" content=\"1\u00a0Minute\" \/>\n<script type=\"application\/ld+json\" class=\"yoast-schema-graph\">{\"@context\":\"https:\/\/schema.org\",\"@graph\":[{\"@type\":\"WebPage\",\"@id\":\"https:\/\/www.qzdjm.com\/product\/block-cuber-system\/\",\"url\":\"https:\/\/www.qzdjm.com\/product\/block-cuber-system\/\",\"name\":\"BLOCK CUBER SYSTEM - Manufacturer of Block Making Machine | Block Moulds | Hydraulic Pressure Machine | Supporting Equipment\",\"isPartOf\":{\"@id\":\"https:\/\/www.qzdjm.com\/#website\"},\"primaryImageOfPage\":{\"@id\":\"https:\/\/www.qzdjm.com\/product\/block-cuber-system\/#primaryimage\"},\"image\":{\"@id\":\"https:\/\/www.qzdjm.com\/product\/block-cuber-system\/#primaryimage\"},\"thumbnailUrl\":\"https:\/\/www.qzdjm.com\/wp-content\/uploads\/2024\/09\/01-BLOCK-MACHINE-HIGH-LEVEL-PALLETIZING-SYSTEM.jpg\",\"datePublished\":\"2024-09-16T03:39:13+00:00\",\"dateModified\":\"2024-12-05T09:45:34+00:00\",\"description\":\"This automatic block cuber system is mainly used to provide service of stacking blocks and bundle of bricks automatically in concrete block production line.\",\"breadcrumb\":{\"@id\":\"https:\/\/www.qzdjm.com\/product\/block-cuber-system\/#breadcrumb\"},\"inLanguage\":\"de\",\"potentialAction\":[{\"@type\":\"ReadAction\",\"target\":[\"https:\/\/www.qzdjm.com\/product\/block-cuber-system\/\"]}]},{\"@type\":\"ImageObject\",\"inLanguage\":\"de\",\"@id\":\"https:\/\/www.qzdjm.com\/product\/block-cuber-system\/#primaryimage\",\"url\":\"https:\/\/www.qzdjm.com\/wp-content\/uploads\/2024\/09\/01-BLOCK-MACHINE-HIGH-LEVEL-PALLETIZING-SYSTEM.jpg\",\"contentUrl\":\"https:\/\/www.qzdjm.com\/wp-content\/uploads\/2024\/09\/01-BLOCK-MACHINE-HIGH-LEVEL-PALLETIZING-SYSTEM.jpg\",\"width\":1200,\"height\":900,\"caption\":\"This automatic block cuber system is mainly used to provide service of stacking blocks and bundle of bricks automatically in concrete block production line.\"},{\"@type\":\"BreadcrumbList\",\"@id\":\"https:\/\/www.qzdjm.com\/product\/block-cuber-system\/#breadcrumb\",\"itemListElement\":[{\"@type\":\"ListItem\",\"position\":1,\"name\":\"Home\",\"item\":\"https:\/\/www.qzdjm.com\/\"},{\"@type\":\"ListItem\",\"position\":2,\"name\":\"Products\",\"item\":\"https:\/\/www.qzdjm.com\/products\/\"},{\"@type\":\"ListItem\",\"position\":3,\"name\":\"BLOCK CUBER SYSTEM\"}]},{\"@type\":\"WebSite\",\"@id\":\"https:\/\/www.qzdjm.com\/#website\",\"url\":\"https:\/\/www.qzdjm.com\/\",\"name\":\"Manufacturer of Block Making Machine | Block Moulds | Hydraulic Pressure Machine | Supporting Equipment\",\"description\":\"\",\"publisher\":{\"@id\":\"https:\/\/www.qzdjm.com\/#organization\"},\"potentialAction\":[{\"@type\":\"SearchAction\",\"target\":{\"@type\":\"EntryPoint\",\"urlTemplate\":\"https:\/\/www.qzdjm.com\/?s={search_term_string}\"},\"query-input\":{\"@type\":\"PropertyValueSpecification\",\"valueRequired\":true,\"valueName\":\"search_term_string\"}}],\"inLanguage\":\"de\"},{\"@type\":\"Organization\",\"@id\":\"https:\/\/www.qzdjm.com\/#organization\",\"name\":\"Manufacturer of Block Making Machine | Block Moulds | Hydraulic Pressure Machine | Supporting Equipment\",\"url\":\"https:\/\/www.qzdjm.com\/\",\"logo\":{\"@type\":\"ImageObject\",\"inLanguage\":\"de\",\"@id\":\"https:\/\/www.qzdjm.com\/#\/schema\/logo\/image\/\",\"url\":\"https:\/\/www.qzdjm.com\/wp-content\/uploads\/2024\/08\/DJM-logo.png\",\"contentUrl\":\"https:\/\/www.qzdjm.com\/wp-content\/uploads\/2024\/08\/DJM-logo.png\",\"width\":6992,\"height\":2278,\"caption\":\"Manufacturer of Block Making Machine | Block Moulds | Hydraulic Pressure Machine | Supporting Equipment\"},\"image\":{\"@id\":\"https:\/\/www.qzdjm.com\/#\/schema\/logo\/image\/\"}}]}<\/script>\n<!-- \/ Yoast SEO plugin. -->","yoast_head_json":{"title":"BLOCK CUBER SYSTEM - Manufacturer of Block Making Machine | Block Moulds | Hydraulic Pressure Machine | Supporting Equipment","description":"This automatic block cuber system is mainly used to provide service of stacking blocks and bundle of bricks automatically in concrete block production line.","robots":{"index":"index","follow":"follow","max-snippet":"max-snippet:-1","max-image-preview":"max-image-preview:large","max-video-preview":"max-video-preview:-1"},"canonical":"https:\/\/www.qzdjm.com\/de\/produkt\/block-cuber-system\/","og_locale":"de_DE","og_type":"article","og_title":"BLOCK CUBER SYSTEM - Manufacturer of Block Making Machine | Block Moulds | Hydraulic Pressure Machine | Supporting Equipment","og_description":"This automatic block cuber system is mainly used to provide service of stacking blocks and bundle of bricks automatically in concrete block production line.","og_url":"https:\/\/www.qzdjm.com\/de\/produkt\/block-cuber-system\/","og_site_name":"Manufacturer of Block Making Machine | Block Moulds | Hydraulic Pressure Machine | Supporting Equipment","article_modified_time":"2024-12-05T09:45:34+00:00","og_image":[{"width":1200,"height":900,"url":"https:\/\/www.qzdjm.com\/wp-content\/uploads\/2024\/09\/01-BLOCK-MACHINE-HIGH-LEVEL-PALLETIZING-SYSTEM.jpg","type":"image\/jpeg"}],"twitter_card":"summary_large_image","twitter_misc":{"Gesch\u00e4tzte Lesezeit":"1\u00a0Minute"},"schema":{"@context":"https:\/\/schema.org","@graph":[{"@type":"WebPage","@id":"https:\/\/www.qzdjm.com\/product\/block-cuber-system\/","url":"https:\/\/www.qzdjm.com\/product\/block-cuber-system\/","name":"BLOCK CUBER SYSTEM - Manufacturer of Block Making Machine | Block Moulds | Hydraulic Pressure Machine | Supporting Equipment","isPartOf":{"@id":"https:\/\/www.qzdjm.com\/#website"},"primaryImageOfPage":{"@id":"https:\/\/www.qzdjm.com\/product\/block-cuber-system\/#primaryimage"},"image":{"@id":"https:\/\/www.qzdjm.com\/product\/block-cuber-system\/#primaryimage"},"thumbnailUrl":"https:\/\/www.qzdjm.com\/wp-content\/uploads\/2024\/09\/01-BLOCK-MACHINE-HIGH-LEVEL-PALLETIZING-SYSTEM.jpg","datePublished":"2024-09-16T03:39:13+00:00","dateModified":"2024-12-05T09:45:34+00:00","description":"This automatic block cuber system is mainly used to provide service of stacking blocks and bundle of bricks automatically in concrete block production line.","breadcrumb":{"@id":"https:\/\/www.qzdjm.com\/product\/block-cuber-system\/#breadcrumb"},"inLanguage":"de","potentialAction":[{"@type":"ReadAction","target":["https:\/\/www.qzdjm.com\/product\/block-cuber-system\/"]}]},{"@type":"ImageObject","inLanguage":"de","@id":"https:\/\/www.qzdjm.com\/product\/block-cuber-system\/#primaryimage","url":"https:\/\/www.qzdjm.com\/wp-content\/uploads\/2024\/09\/01-BLOCK-MACHINE-HIGH-LEVEL-PALLETIZING-SYSTEM.jpg","contentUrl":"https:\/\/www.qzdjm.com\/wp-content\/uploads\/2024\/09\/01-BLOCK-MACHINE-HIGH-LEVEL-PALLETIZING-SYSTEM.jpg","width":1200,"height":900,"caption":"This automatic block cuber system is mainly used to provide service of stacking blocks and bundle of bricks automatically in concrete block production line."},{"@type":"BreadcrumbList","@id":"https:\/\/www.qzdjm.com\/product\/block-cuber-system\/#breadcrumb","itemListElement":[{"@type":"ListItem","position":1,"name":"Home","item":"https:\/\/www.qzdjm.com\/"},{"@type":"ListItem","position":2,"name":"Products","item":"https:\/\/www.qzdjm.com\/products\/"},{"@type":"ListItem","position":3,"name":"BLOCK CUBER SYSTEM"}]},{"@type":"WebSite","@id":"https:\/\/www.qzdjm.com\/#website","url":"https:\/\/www.qzdjm.com\/","name":"Manufacturer of Block Making Machine | Block Moulds | Hydraulic Pressure Machine | Supporting Equipment","description":"","publisher":{"@id":"https:\/\/www.qzdjm.com\/#organization"},"potentialAction":[{"@type":"SearchAction","target":{"@type":"EntryPoint","urlTemplate":"https:\/\/www.qzdjm.com\/?s={search_term_string}"},"query-input":{"@type":"PropertyValueSpecification","valueRequired":true,"valueName":"search_term_string"}}],"inLanguage":"de"},{"@type":"Organization","@id":"https:\/\/www.qzdjm.com\/#organization","name":"Manufacturer of Block Making Machine | Block Moulds | Hydraulic Pressure Machine | Supporting Equipment","url":"https:\/\/www.qzdjm.com\/","logo":{"@type":"ImageObject","inLanguage":"de","@id":"https:\/\/www.qzdjm.com\/#\/schema\/logo\/image\/","url":"https:\/\/www.qzdjm.com\/wp-content\/uploads\/2024\/08\/DJM-logo.png","contentUrl":"https:\/\/www.qzdjm.com\/wp-content\/uploads\/2024\/08\/DJM-logo.png","width":6992,"height":2278,"caption":"Manufacturer of Block Making Machine | Block Moulds | Hydraulic Pressure Machine | Supporting Equipment"},"image":{"@id":"https:\/\/www.qzdjm.com\/#\/schema\/logo\/image\/"}}]}},"_links":{"self":[{"href":"https:\/\/www.qzdjm.com\/de\/wp-json\/wp\/v2\/product\/381","targetHints":{"allow":["GET"]}}],"collection":[{"href":"https:\/\/www.qzdjm.com\/de\/wp-json\/wp\/v2\/product"}],"about":[{"href":"https:\/\/www.qzdjm.com\/de\/wp-json\/wp\/v2\/types\/product"}],"replies":[{"embeddable":true,"href":"https:\/\/www.qzdjm.com\/de\/wp-json\/wp\/v2\/comments?post=381"}],"wp:featuredmedia":[{"embeddable":true,"href":"https:\/\/www.qzdjm.com\/de\/wp-json\/wp\/v2\/media\/398"}],"wp:attachment":[{"href":"https:\/\/www.qzdjm.com\/de\/wp-json\/wp\/v2\/media?parent=381"}],"wp:term":[{"taxonomy":"product_brand","embeddable":true,"href":"https:\/\/www.qzdjm.com\/de\/wp-json\/wp\/v2\/product_brand?post=381"},{"taxonomy":"product_cat","embeddable":true,"href":"https:\/\/www.qzdjm.com\/de\/wp-json\/wp\/v2\/product_cat?post=381"},{"taxonomy":"product_tag","embeddable":true,"href":"https:\/\/www.qzdjm.com\/de\/wp-json\/wp\/v2\/product_tag?post=381"}],"curies":[{"name":"wp","href":"https:\/\/api.w.org\/{rel}","templated":true}]}}