{"id":707,"date":"2024-09-27T00:49:42","date_gmt":"2024-09-27T00:49:42","guid":{"rendered":"https:\/\/www.qzdjm.com\/?post_type=product&#038;p=707"},"modified":"2024-11-04T10:07:22","modified_gmt":"2024-11-04T10:07:22","slug":"concrete-block-mould","status":"publish","type":"product","link":"https:\/\/www.qzdjm.com\/de\/produkt\/concrete-block-mould\/","title":{"rendered":"Betonsteinform"},"content":{"rendered":"<p>Die Betonsteinform ist ein unverzichtbares Werkzeug f\u00fcr die Herstellung hochwertiger Betonsteine. Sie besteht aus langlebigen Materialien, die einer regelm\u00e4\u00dfigen Nutzung standhalten, und kann Bl\u00f6cke in verschiedenen Gr\u00f6\u00dfen und Formen herstellen.<\/p>\n<p>Die Produktion kann je nach den Bed\u00fcrfnissen des Kunden angepasst werden.<\/p>","protected":false},"excerpt":{"rendered":"<p style=\"font-weight: 400;\">Die Betonsteinform ist ein unverzichtbares Werkzeug f\u00fcr die Herstellung hochwertiger Betonsteine. Sie besteht aus langlebigen Materialien, die einer regelm\u00e4\u00dfigen Nutzung standhalten, und kann Bl\u00f6cke in verschiedenen Gr\u00f6\u00dfen und Formen herstellen. Die Produktion kann je nach Kundenbedarf individuell gestaltet werden<\/p>\n<p style=\"font-weight: 400;\">Die Form ist so konstruiert, dass sie leicht entformt werden kann, was einen reibungslosen und einfachen Produktionsprozess gew\u00e4hrleistet.<\/p>\n<p><strong>W\u00e4rmebehandlung<\/strong>: Aufkohlen, Nitrieren und Abschrecken<\/p>\n<p><strong>H\u00e4rte des Schimmels<\/strong>: HRC58-HRC62<\/p>\n<p><strong>Fabrikation Weg<\/strong>: Schneiden von Draht<\/p>\n<p><strong>Material f\u00fcr Gussformen<\/strong>: 16# Manganstahl, NM500, usw.<\/p>\n<p><strong>Lebensdauer der Dienstleistung<\/strong>80.000 ~120.000 Zyklen<\/p>\n<p><strong>Zahlung<\/strong>: T\/T<\/p>\n<p><strong>Produkt Herkunft<\/strong>: QuanZhou<\/p>\n<p><strong>Schifffahrtshafen<\/strong>: XIAMEN,CHINA<\/p>\n<p><strong>Vorlaufzeit<\/strong>: 30 TAGE<\/p>\n<p><strong>Bestellung (MOQ)<\/strong>: 1<\/p>\n<p><strong>Warenbestand<\/strong>: 50<\/p>","protected":false},"featured_media":709,"comment_status":"open","ping_status":"closed","template":"","meta":{"_acf_changed":false},"product_brand":[],"product_cat":[37],"product_tag":[],"class_list":{"0":"post-707","1":"product","2":"type-product","3":"status-publish","4":"has-post-thumbnail","6":"product_cat-block-moulds","8":"first","9":"instock","10":"shipping-taxable","11":"product-type-simple"},"acf":[],"yoast_head":"<!-- This site is optimized with the Yoast SEO plugin v26.6 - https:\/\/yoast.com\/wordpress\/plugins\/seo\/ -->\n<title>Concrete Block Mould - Manufacturer of Block Making Machine | Block Moulds | Hydraulic Pressure Machine | Supporting Equipment<\/title>\n<meta name=\"description\" content=\"The Concrete Block Mould is an essential tool for producing high-quality concrete blocks. Customized production can be carried out as customer needs.\" \/>\n<meta name=\"robots\" content=\"index, follow, max-snippet:-1, max-image-preview:large, max-video-preview:-1\" \/>\n<link rel=\"canonical\" href=\"https:\/\/www.qzdjm.com\/de\/produkt\/concrete-block-mould\/\" \/>\n<meta property=\"og:locale\" content=\"de_DE\" \/>\n<meta property=\"og:type\" content=\"article\" \/>\n<meta property=\"og:title\" content=\"Concrete Block Mould - Manufacturer of Block Making Machine | Block Moulds | Hydraulic Pressure Machine | Supporting Equipment\" \/>\n<meta property=\"og:description\" content=\"The Concrete Block Mould is an essential tool for producing high-quality concrete blocks. Customized production can be carried out as customer needs.\" \/>\n<meta property=\"og:url\" content=\"https:\/\/www.qzdjm.com\/de\/produkt\/concrete-block-mould\/\" \/>\n<meta property=\"og:site_name\" content=\"Manufacturer of Block Making Machine | Block Moulds | Hydraulic Pressure Machine | Supporting Equipment\" \/>\n<meta property=\"article:modified_time\" content=\"2024-11-04T10:07:22+00:00\" \/>\n<meta property=\"og:image\" content=\"https:\/\/www.qzdjm.com\/wp-content\/uploads\/2024\/09\/Concrete-Block-Mould-2.jpg\" \/>\n\t<meta property=\"og:image:width\" content=\"640\" \/>\n\t<meta property=\"og:image:height\" content=\"604\" \/>\n\t<meta property=\"og:image:type\" content=\"image\/jpeg\" \/>\n<meta name=\"twitter:card\" content=\"summary_large_image\" \/>\n<meta name=\"twitter:label1\" content=\"Gesch\u00e4tzte Lesezeit\" \/>\n\t<meta name=\"twitter:data1\" content=\"1\u00a0Minute\" \/>\n<script type=\"application\/ld+json\" class=\"yoast-schema-graph\">{\"@context\":\"https:\/\/schema.org\",\"@graph\":[{\"@type\":\"WebPage\",\"@id\":\"https:\/\/www.qzdjm.com\/product\/concrete-block-mould\/\",\"url\":\"https:\/\/www.qzdjm.com\/product\/concrete-block-mould\/\",\"name\":\"Concrete Block Mould - Manufacturer of Block Making Machine | Block Moulds | Hydraulic Pressure Machine | Supporting Equipment\",\"isPartOf\":{\"@id\":\"https:\/\/www.qzdjm.com\/#website\"},\"primaryImageOfPage\":{\"@id\":\"https:\/\/www.qzdjm.com\/product\/concrete-block-mould\/#primaryimage\"},\"image\":{\"@id\":\"https:\/\/www.qzdjm.com\/product\/concrete-block-mould\/#primaryimage\"},\"thumbnailUrl\":\"https:\/\/www.qzdjm.com\/wp-content\/uploads\/2024\/09\/Concrete-Block-Mould-2.jpg\",\"datePublished\":\"2024-09-27T00:49:42+00:00\",\"dateModified\":\"2024-11-04T10:07:22+00:00\",\"description\":\"The Concrete Block Mould is an essential tool for producing high-quality concrete blocks. Customized production can be carried out as customer needs.\",\"breadcrumb\":{\"@id\":\"https:\/\/www.qzdjm.com\/product\/concrete-block-mould\/#breadcrumb\"},\"inLanguage\":\"de\",\"potentialAction\":[{\"@type\":\"ReadAction\",\"target\":[\"https:\/\/www.qzdjm.com\/product\/concrete-block-mould\/\"]}]},{\"@type\":\"ImageObject\",\"inLanguage\":\"de\",\"@id\":\"https:\/\/www.qzdjm.com\/product\/concrete-block-mould\/#primaryimage\",\"url\":\"https:\/\/www.qzdjm.com\/wp-content\/uploads\/2024\/09\/Concrete-Block-Mould-2.jpg\",\"contentUrl\":\"https:\/\/www.qzdjm.com\/wp-content\/uploads\/2024\/09\/Concrete-Block-Mould-2.jpg\",\"width\":640,\"height\":604,\"caption\":\"mould for block making machine\"},{\"@type\":\"BreadcrumbList\",\"@id\":\"https:\/\/www.qzdjm.com\/product\/concrete-block-mould\/#breadcrumb\",\"itemListElement\":[{\"@type\":\"ListItem\",\"position\":1,\"name\":\"Home\",\"item\":\"https:\/\/www.qzdjm.com\/\"},{\"@type\":\"ListItem\",\"position\":2,\"name\":\"Products\",\"item\":\"https:\/\/www.qzdjm.com\/products\/\"},{\"@type\":\"ListItem\",\"position\":3,\"name\":\"Concrete Block Mould\"}]},{\"@type\":\"WebSite\",\"@id\":\"https:\/\/www.qzdjm.com\/#website\",\"url\":\"https:\/\/www.qzdjm.com\/\",\"name\":\"Manufacturer of Block Making Machine | Block Moulds | Hydraulic Pressure Machine | Supporting Equipment\",\"description\":\"\",\"publisher\":{\"@id\":\"https:\/\/www.qzdjm.com\/#organization\"},\"potentialAction\":[{\"@type\":\"SearchAction\",\"target\":{\"@type\":\"EntryPoint\",\"urlTemplate\":\"https:\/\/www.qzdjm.com\/?s={search_term_string}\"},\"query-input\":{\"@type\":\"PropertyValueSpecification\",\"valueRequired\":true,\"valueName\":\"search_term_string\"}}],\"inLanguage\":\"de\"},{\"@type\":\"Organization\",\"@id\":\"https:\/\/www.qzdjm.com\/#organization\",\"name\":\"Manufacturer of Block Making Machine | Block Moulds | Hydraulic Pressure Machine | Supporting Equipment\",\"url\":\"https:\/\/www.qzdjm.com\/\",\"logo\":{\"@type\":\"ImageObject\",\"inLanguage\":\"de\",\"@id\":\"https:\/\/www.qzdjm.com\/#\/schema\/logo\/image\/\",\"url\":\"https:\/\/www.qzdjm.com\/wp-content\/uploads\/2024\/08\/DJM-logo.png\",\"contentUrl\":\"https:\/\/www.qzdjm.com\/wp-content\/uploads\/2024\/08\/DJM-logo.png\",\"width\":6992,\"height\":2278,\"caption\":\"Manufacturer of Block Making Machine | Block Moulds | Hydraulic Pressure Machine | Supporting Equipment\"},\"image\":{\"@id\":\"https:\/\/www.qzdjm.com\/#\/schema\/logo\/image\/\"}}]}<\/script>\n<!-- \/ Yoast SEO plugin. -->","yoast_head_json":{"title":"Concrete Block Mould - Manufacturer of Block Making Machine | Block Moulds | Hydraulic Pressure Machine | Supporting Equipment","description":"The Concrete Block Mould is an essential tool for producing high-quality concrete blocks. Customized production can be carried out as customer needs.","robots":{"index":"index","follow":"follow","max-snippet":"max-snippet:-1","max-image-preview":"max-image-preview:large","max-video-preview":"max-video-preview:-1"},"canonical":"https:\/\/www.qzdjm.com\/de\/produkt\/concrete-block-mould\/","og_locale":"de_DE","og_type":"article","og_title":"Concrete Block Mould - Manufacturer of Block Making Machine | Block Moulds | Hydraulic Pressure Machine | Supporting Equipment","og_description":"The Concrete Block Mould is an essential tool for producing high-quality concrete blocks. Customized production can be carried out as customer needs.","og_url":"https:\/\/www.qzdjm.com\/de\/produkt\/concrete-block-mould\/","og_site_name":"Manufacturer of Block Making Machine | Block Moulds | Hydraulic Pressure Machine | Supporting Equipment","article_modified_time":"2024-11-04T10:07:22+00:00","og_image":[{"width":640,"height":604,"url":"https:\/\/www.qzdjm.com\/wp-content\/uploads\/2024\/09\/Concrete-Block-Mould-2.jpg","type":"image\/jpeg"}],"twitter_card":"summary_large_image","twitter_misc":{"Gesch\u00e4tzte Lesezeit":"1\u00a0Minute"},"schema":{"@context":"https:\/\/schema.org","@graph":[{"@type":"WebPage","@id":"https:\/\/www.qzdjm.com\/product\/concrete-block-mould\/","url":"https:\/\/www.qzdjm.com\/product\/concrete-block-mould\/","name":"Concrete Block Mould - Manufacturer of Block Making Machine | Block Moulds | Hydraulic Pressure Machine | Supporting Equipment","isPartOf":{"@id":"https:\/\/www.qzdjm.com\/#website"},"primaryImageOfPage":{"@id":"https:\/\/www.qzdjm.com\/product\/concrete-block-mould\/#primaryimage"},"image":{"@id":"https:\/\/www.qzdjm.com\/product\/concrete-block-mould\/#primaryimage"},"thumbnailUrl":"https:\/\/www.qzdjm.com\/wp-content\/uploads\/2024\/09\/Concrete-Block-Mould-2.jpg","datePublished":"2024-09-27T00:49:42+00:00","dateModified":"2024-11-04T10:07:22+00:00","description":"The Concrete Block Mould is an essential tool for producing high-quality concrete blocks. Customized production can be carried out as customer needs.","breadcrumb":{"@id":"https:\/\/www.qzdjm.com\/product\/concrete-block-mould\/#breadcrumb"},"inLanguage":"de","potentialAction":[{"@type":"ReadAction","target":["https:\/\/www.qzdjm.com\/product\/concrete-block-mould\/"]}]},{"@type":"ImageObject","inLanguage":"de","@id":"https:\/\/www.qzdjm.com\/product\/concrete-block-mould\/#primaryimage","url":"https:\/\/www.qzdjm.com\/wp-content\/uploads\/2024\/09\/Concrete-Block-Mould-2.jpg","contentUrl":"https:\/\/www.qzdjm.com\/wp-content\/uploads\/2024\/09\/Concrete-Block-Mould-2.jpg","width":640,"height":604,"caption":"mould for block making machine"},{"@type":"BreadcrumbList","@id":"https:\/\/www.qzdjm.com\/product\/concrete-block-mould\/#breadcrumb","itemListElement":[{"@type":"ListItem","position":1,"name":"Home","item":"https:\/\/www.qzdjm.com\/"},{"@type":"ListItem","position":2,"name":"Products","item":"https:\/\/www.qzdjm.com\/products\/"},{"@type":"ListItem","position":3,"name":"Concrete Block Mould"}]},{"@type":"WebSite","@id":"https:\/\/www.qzdjm.com\/#website","url":"https:\/\/www.qzdjm.com\/","name":"Manufacturer of Block Making Machine | Block Moulds | Hydraulic Pressure Machine | Supporting Equipment","description":"","publisher":{"@id":"https:\/\/www.qzdjm.com\/#organization"},"potentialAction":[{"@type":"SearchAction","target":{"@type":"EntryPoint","urlTemplate":"https:\/\/www.qzdjm.com\/?s={search_term_string}"},"query-input":{"@type":"PropertyValueSpecification","valueRequired":true,"valueName":"search_term_string"}}],"inLanguage":"de"},{"@type":"Organization","@id":"https:\/\/www.qzdjm.com\/#organization","name":"Manufacturer of Block Making Machine | Block Moulds | Hydraulic Pressure Machine | Supporting Equipment","url":"https:\/\/www.qzdjm.com\/","logo":{"@type":"ImageObject","inLanguage":"de","@id":"https:\/\/www.qzdjm.com\/#\/schema\/logo\/image\/","url":"https:\/\/www.qzdjm.com\/wp-content\/uploads\/2024\/08\/DJM-logo.png","contentUrl":"https:\/\/www.qzdjm.com\/wp-content\/uploads\/2024\/08\/DJM-logo.png","width":6992,"height":2278,"caption":"Manufacturer of Block Making Machine | Block Moulds | Hydraulic Pressure Machine | Supporting Equipment"},"image":{"@id":"https:\/\/www.qzdjm.com\/#\/schema\/logo\/image\/"}}]}},"_links":{"self":[{"href":"https:\/\/www.qzdjm.com\/de\/wp-json\/wp\/v2\/product\/707","targetHints":{"allow":["GET"]}}],"collection":[{"href":"https:\/\/www.qzdjm.com\/de\/wp-json\/wp\/v2\/product"}],"about":[{"href":"https:\/\/www.qzdjm.com\/de\/wp-json\/wp\/v2\/types\/product"}],"replies":[{"embeddable":true,"href":"https:\/\/www.qzdjm.com\/de\/wp-json\/wp\/v2\/comments?post=707"}],"wp:featuredmedia":[{"embeddable":true,"href":"https:\/\/www.qzdjm.com\/de\/wp-json\/wp\/v2\/media\/709"}],"wp:attachment":[{"href":"https:\/\/www.qzdjm.com\/de\/wp-json\/wp\/v2\/media?parent=707"}],"wp:term":[{"taxonomy":"product_brand","embeddable":true,"href":"https:\/\/www.qzdjm.com\/de\/wp-json\/wp\/v2\/product_brand?post=707"},{"taxonomy":"product_cat","embeddable":true,"href":"https:\/\/www.qzdjm.com\/de\/wp-json\/wp\/v2\/product_cat?post=707"},{"taxonomy":"product_tag","embeddable":true,"href":"https:\/\/www.qzdjm.com\/de\/wp-json\/wp\/v2\/product_tag?post=707"}],"curies":[{"name":"wp","href":"https:\/\/api.w.org\/{rel}","templated":true}]}}