{"id":349,"date":"2024-09-16T02:03:43","date_gmt":"2024-09-16T02:03:43","guid":{"rendered":"https:\/\/www.qzdjm.com\/?post_type=product&#038;p=349"},"modified":"2024-12-11T09:24:15","modified_gmt":"2024-12-11T09:24:15","slug":"concrete-block-making-machine-qt12-15","status":"publish","type":"product","link":"https:\/\/www.qzdjm.com\/es\/producto\/concrete-block-making-machine-qt12-15\/","title":{"rendered":"M\u00c1QUINA PARA FABRICAR BLOQUES DE HORMIG\u00d3N QT12-15"},"content":{"rendered":"<p>M\u00c1QUINA DE HACER BLOQUES DE HORMIG\u00d3N QT12-15 es <b>trabajo totalmente autom\u00e1tico con PLC<\/b>adecuado para hacer <b>todo tipo de bloques huecos, bloques macizos, adoquines, bordillos <\/b>utiliza nuestra \u00faltima presi\u00f3n hidr\u00e1ulica, por lo que puede garantizar la calidad del bloque muy bueno. Ahora, con el fin de adaptarse a los mercados de ultramar y garantizar el trabajo de la m\u00e1quina de manera m\u00e1s eficiente, hemos utilizado muchas partes de algunas marcas conocidas importados de pa\u00edses de ultramar, Lista de la siguiente manera<br \/>\n<b>1. Control PLC: <\/b>seleccionamos original<b> Siemens PLC <\/b>combinar con el programa de control de la m\u00e1quina de desarrollo independiente, asegurar el estado de trabajo estable y de alta eficiencia.<br \/>\n<b>2. Interruptores y motor: <\/b>interruptores utilizar\u00e1n <b>Jap\u00f3n Omron <\/b>y <b>Francia Schneider<\/b> marca, el motor utilizar\u00e1 la marca Siemens o ABB.<br \/>\n<b>3. Sistema hidr\u00e1ulico:<\/b> Las piezas de repuesto hidr\u00e1ulicas se pueden pedir desde Taiw\u00e1n seg\u00fan las caracter\u00edsticas de nuestra m\u00e1quina de bloques.<br \/>\n<b>4. Alimentador de material:<\/b> carro de alimentaci\u00f3n de material tipo mezclador rotativo, los productos acabados obtienen mayor densidad y resistencia.<br \/>\n<b>5. Molde:<\/b> m\u00e1s reciente <b>dispositivo de tratamiento t\u00e9rmico<\/b> garantizar una mayor vida \u00fatil del molde.<br \/>\n<b>6. Piezas de recambio:<\/b> Tras el env\u00edo de la m\u00e1quina, suministramos piezas de desgaste adecuadas, los servicios postventa ser\u00e1n m\u00e1s r\u00e1pidos.<\/p>","protected":false},"excerpt":{"rendered":"<p>CONCRETE HOLLOW BLOCK MAKING MACHINE QT 12-15 de alta calidad con el mejor precio y servicio.<\/p>\n<p>CONCRETE BLOCK MAKING MACHINE QT12-15 es totalmente autom\u00e1tica m\u00e1quina de bloques de fuerza vibrante.esta m\u00e1quina de bloques utiliza la t\u00e9cnica de fabricaci\u00f3n de vibraci\u00f3n plana avanzada europea de referencia, con la potencia m\u00e1s baja; m\u00e1quina autom\u00e1tica de bloques de pavimentaci\u00f3n se da cuenta de la super fuerte efecto de vibraci\u00f3n, la mezcla de cada material de manera efectiva. Y la compresi\u00f3n de vibraci\u00f3n del molde superior hace que el ladrillo con densidad media y alta resistencia, as\u00ed como el equipo a gran escala.<\/p>\n<p><strong>fabricantes de m\u00e1quinas para fabricar bloques<\/strong><\/p>\n<p><strong>Art\u00edculo NO.<\/strong>:QT 12-15<\/p>\n<p><strong>Pago<\/strong>: T\/T<\/p>\n<p><strong>Origen del producto<\/strong>: QuanZhou<\/p>\n<p><strong>Puerto de embarque<\/strong>: XIAMEN,CHINA<\/p>\n<p><strong>Plazos de entrega<\/strong>: 30 D\u00cdAS<\/p>\n<p><strong>Pedido (MOQ)<\/strong>: 1<\/p>\n<p><strong>Existencias<\/strong>: 10<\/p>\n<p><strong>Peso del producto<\/strong>: 15200kg<\/p>","protected":false},"featured_media":373,"comment_status":"open","ping_status":"closed","template":"","meta":{"_acf_changed":false},"product_brand":[],"product_cat":[32],"product_tag":[],"class_list":{"0":"post-349","1":"product","2":"type-product","3":"status-publish","4":"has-post-thumbnail","6":"product_cat-block-making-production-line","8":"first","9":"instock","10":"shipping-taxable","11":"product-type-simple"},"acf":[],"yoast_head":"<!-- This site is optimized with the Yoast SEO plugin v26.6 - https:\/\/yoast.com\/wordpress\/plugins\/seo\/ -->\n<title>CONCRETE BLOCK MAKING MACHINE QT12-15 - Manufacturer of Block Making Machine | Block Moulds | Hydraulic Pressure Machine | Supporting Equipment<\/title>\n<meta name=\"description\" content=\"CONCRETE BLOCK MAKING MACHINE\u00a0 QT12-15 uses the European advanced flat vibration manufacturing technique for reference, with the lower power.\" \/>\n<meta name=\"robots\" content=\"index, follow, max-snippet:-1, max-image-preview:large, max-video-preview:-1\" \/>\n<link rel=\"canonical\" href=\"https:\/\/www.qzdjm.com\/es\/producto\/concrete-block-making-machine-qt12-15\/\" \/>\n<meta property=\"og:locale\" content=\"es_ES\" \/>\n<meta property=\"og:type\" content=\"article\" \/>\n<meta property=\"og:title\" content=\"CONCRETE BLOCK MAKING MACHINE QT12-15 - Manufacturer of Block Making Machine | Block Moulds | Hydraulic Pressure Machine | Supporting Equipment\" \/>\n<meta property=\"og:description\" content=\"CONCRETE BLOCK MAKING MACHINE\u00a0 QT12-15 uses the European advanced flat vibration manufacturing technique for reference, with the lower power.\" \/>\n<meta property=\"og:url\" content=\"https:\/\/www.qzdjm.com\/es\/producto\/concrete-block-making-machine-qt12-15\/\" \/>\n<meta property=\"og:site_name\" content=\"Manufacturer of Block Making Machine | Block Moulds | Hydraulic Pressure Machine | Supporting Equipment\" \/>\n<meta property=\"article:modified_time\" content=\"2024-12-11T09:24:15+00:00\" \/>\n<meta property=\"og:image\" content=\"https:\/\/www.qzdjm.com\/wp-content\/uploads\/2024\/09\/02-CONCRETE-HOLLOW-BLOCK-MAKING-MACHINE-QT12-15.jpg\" \/>\n\t<meta property=\"og:image:width\" content=\"1200\" \/>\n\t<meta property=\"og:image:height\" content=\"900\" \/>\n\t<meta property=\"og:image:type\" content=\"image\/jpeg\" \/>\n<meta name=\"twitter:card\" content=\"summary_large_image\" \/>\n<meta name=\"twitter:label1\" content=\"Tiempo de lectura\" \/>\n\t<meta name=\"twitter:data1\" content=\"2 minutos\" \/>\n<script type=\"application\/ld+json\" class=\"yoast-schema-graph\">{\"@context\":\"https:\/\/schema.org\",\"@graph\":[{\"@type\":\"WebPage\",\"@id\":\"https:\/\/www.qzdjm.com\/product\/concrete-block-making-machine-qt12-15\/\",\"url\":\"https:\/\/www.qzdjm.com\/product\/concrete-block-making-machine-qt12-15\/\",\"name\":\"CONCRETE BLOCK MAKING MACHINE QT12-15 - Manufacturer of Block Making Machine | Block Moulds | Hydraulic Pressure Machine | Supporting Equipment\",\"isPartOf\":{\"@id\":\"https:\/\/www.qzdjm.com\/#website\"},\"primaryImageOfPage\":{\"@id\":\"https:\/\/www.qzdjm.com\/product\/concrete-block-making-machine-qt12-15\/#primaryimage\"},\"image\":{\"@id\":\"https:\/\/www.qzdjm.com\/product\/concrete-block-making-machine-qt12-15\/#primaryimage\"},\"thumbnailUrl\":\"https:\/\/www.qzdjm.com\/wp-content\/uploads\/2024\/09\/02-CONCRETE-HOLLOW-BLOCK-MAKING-MACHINE-QT12-15.jpg\",\"datePublished\":\"2024-09-16T02:03:43+00:00\",\"dateModified\":\"2024-12-11T09:24:15+00:00\",\"description\":\"CONCRETE BLOCK MAKING MACHINE\u00a0 QT12-15 uses the European advanced flat vibration manufacturing technique for reference, with the lower power.\",\"breadcrumb\":{\"@id\":\"https:\/\/www.qzdjm.com\/product\/concrete-block-making-machine-qt12-15\/#breadcrumb\"},\"inLanguage\":\"es\",\"potentialAction\":[{\"@type\":\"ReadAction\",\"target\":[\"https:\/\/www.qzdjm.com\/product\/concrete-block-making-machine-qt12-15\/\"]}]},{\"@type\":\"ImageObject\",\"inLanguage\":\"es\",\"@id\":\"https:\/\/www.qzdjm.com\/product\/concrete-block-making-machine-qt12-15\/#primaryimage\",\"url\":\"https:\/\/www.qzdjm.com\/wp-content\/uploads\/2024\/09\/02-CONCRETE-HOLLOW-BLOCK-MAKING-MACHINE-QT12-15.jpg\",\"contentUrl\":\"https:\/\/www.qzdjm.com\/wp-content\/uploads\/2024\/09\/02-CONCRETE-HOLLOW-BLOCK-MAKING-MACHINE-QT12-15.jpg\",\"width\":1200,\"height\":900,\"caption\":\"CONCRETE BLOCK MAKING MACHINE\u00a0 QT12-15 uses the European advanced flat vibration manufacturing technique for reference, with the lower power.\"},{\"@type\":\"BreadcrumbList\",\"@id\":\"https:\/\/www.qzdjm.com\/product\/concrete-block-making-machine-qt12-15\/#breadcrumb\",\"itemListElement\":[{\"@type\":\"ListItem\",\"position\":1,\"name\":\"Home\",\"item\":\"https:\/\/www.qzdjm.com\/\"},{\"@type\":\"ListItem\",\"position\":2,\"name\":\"Products\",\"item\":\"https:\/\/www.qzdjm.com\/products\/\"},{\"@type\":\"ListItem\",\"position\":3,\"name\":\"CONCRETE BLOCK MAKING MACHINE QT12-15\"}]},{\"@type\":\"WebSite\",\"@id\":\"https:\/\/www.qzdjm.com\/#website\",\"url\":\"https:\/\/www.qzdjm.com\/\",\"name\":\"Manufacturer of Block Making Machine | Block Moulds | Hydraulic Pressure Machine | Supporting Equipment\",\"description\":\"\",\"publisher\":{\"@id\":\"https:\/\/www.qzdjm.com\/#organization\"},\"potentialAction\":[{\"@type\":\"SearchAction\",\"target\":{\"@type\":\"EntryPoint\",\"urlTemplate\":\"https:\/\/www.qzdjm.com\/?s={search_term_string}\"},\"query-input\":{\"@type\":\"PropertyValueSpecification\",\"valueRequired\":true,\"valueName\":\"search_term_string\"}}],\"inLanguage\":\"es\"},{\"@type\":\"Organization\",\"@id\":\"https:\/\/www.qzdjm.com\/#organization\",\"name\":\"Manufacturer of Block Making Machine | Block Moulds | Hydraulic Pressure Machine | Supporting Equipment\",\"url\":\"https:\/\/www.qzdjm.com\/\",\"logo\":{\"@type\":\"ImageObject\",\"inLanguage\":\"es\",\"@id\":\"https:\/\/www.qzdjm.com\/#\/schema\/logo\/image\/\",\"url\":\"https:\/\/www.qzdjm.com\/wp-content\/uploads\/2024\/08\/DJM-logo.png\",\"contentUrl\":\"https:\/\/www.qzdjm.com\/wp-content\/uploads\/2024\/08\/DJM-logo.png\",\"width\":6992,\"height\":2278,\"caption\":\"Manufacturer of Block Making Machine | Block Moulds | Hydraulic Pressure Machine | Supporting Equipment\"},\"image\":{\"@id\":\"https:\/\/www.qzdjm.com\/#\/schema\/logo\/image\/\"}}]}<\/script>\n<!-- \/ Yoast SEO plugin. -->","yoast_head_json":{"title":"CONCRETE BLOCK MAKING MACHINE QT12-15 - Manufacturer of Block Making Machine | Block Moulds | Hydraulic Pressure Machine | Supporting Equipment","description":"CONCRETE BLOCK MAKING MACHINE\u00a0 QT12-15 uses the European advanced flat vibration manufacturing technique for reference, with the lower power.","robots":{"index":"index","follow":"follow","max-snippet":"max-snippet:-1","max-image-preview":"max-image-preview:large","max-video-preview":"max-video-preview:-1"},"canonical":"https:\/\/www.qzdjm.com\/es\/producto\/concrete-block-making-machine-qt12-15\/","og_locale":"es_ES","og_type":"article","og_title":"CONCRETE BLOCK MAKING MACHINE QT12-15 - Manufacturer of Block Making Machine | Block Moulds | Hydraulic Pressure Machine | Supporting Equipment","og_description":"CONCRETE BLOCK MAKING MACHINE\u00a0 QT12-15 uses the European advanced flat vibration manufacturing technique for reference, with the lower power.","og_url":"https:\/\/www.qzdjm.com\/es\/producto\/concrete-block-making-machine-qt12-15\/","og_site_name":"Manufacturer of Block Making Machine | Block Moulds | Hydraulic Pressure Machine | Supporting Equipment","article_modified_time":"2024-12-11T09:24:15+00:00","og_image":[{"width":1200,"height":900,"url":"https:\/\/www.qzdjm.com\/wp-content\/uploads\/2024\/09\/02-CONCRETE-HOLLOW-BLOCK-MAKING-MACHINE-QT12-15.jpg","type":"image\/jpeg"}],"twitter_card":"summary_large_image","twitter_misc":{"Tiempo de lectura":"2 minutos"},"schema":{"@context":"https:\/\/schema.org","@graph":[{"@type":"WebPage","@id":"https:\/\/www.qzdjm.com\/product\/concrete-block-making-machine-qt12-15\/","url":"https:\/\/www.qzdjm.com\/product\/concrete-block-making-machine-qt12-15\/","name":"CONCRETE BLOCK MAKING MACHINE QT12-15 - Manufacturer of Block Making Machine | Block Moulds | Hydraulic Pressure Machine | Supporting Equipment","isPartOf":{"@id":"https:\/\/www.qzdjm.com\/#website"},"primaryImageOfPage":{"@id":"https:\/\/www.qzdjm.com\/product\/concrete-block-making-machine-qt12-15\/#primaryimage"},"image":{"@id":"https:\/\/www.qzdjm.com\/product\/concrete-block-making-machine-qt12-15\/#primaryimage"},"thumbnailUrl":"https:\/\/www.qzdjm.com\/wp-content\/uploads\/2024\/09\/02-CONCRETE-HOLLOW-BLOCK-MAKING-MACHINE-QT12-15.jpg","datePublished":"2024-09-16T02:03:43+00:00","dateModified":"2024-12-11T09:24:15+00:00","description":"CONCRETE BLOCK MAKING MACHINE\u00a0 QT12-15 uses the European advanced flat vibration manufacturing technique for reference, with the lower power.","breadcrumb":{"@id":"https:\/\/www.qzdjm.com\/product\/concrete-block-making-machine-qt12-15\/#breadcrumb"},"inLanguage":"es","potentialAction":[{"@type":"ReadAction","target":["https:\/\/www.qzdjm.com\/product\/concrete-block-making-machine-qt12-15\/"]}]},{"@type":"ImageObject","inLanguage":"es","@id":"https:\/\/www.qzdjm.com\/product\/concrete-block-making-machine-qt12-15\/#primaryimage","url":"https:\/\/www.qzdjm.com\/wp-content\/uploads\/2024\/09\/02-CONCRETE-HOLLOW-BLOCK-MAKING-MACHINE-QT12-15.jpg","contentUrl":"https:\/\/www.qzdjm.com\/wp-content\/uploads\/2024\/09\/02-CONCRETE-HOLLOW-BLOCK-MAKING-MACHINE-QT12-15.jpg","width":1200,"height":900,"caption":"CONCRETE BLOCK MAKING MACHINE\u00a0 QT12-15 uses the European advanced flat vibration manufacturing technique for reference, with the lower power."},{"@type":"BreadcrumbList","@id":"https:\/\/www.qzdjm.com\/product\/concrete-block-making-machine-qt12-15\/#breadcrumb","itemListElement":[{"@type":"ListItem","position":1,"name":"Home","item":"https:\/\/www.qzdjm.com\/"},{"@type":"ListItem","position":2,"name":"Products","item":"https:\/\/www.qzdjm.com\/products\/"},{"@type":"ListItem","position":3,"name":"CONCRETE BLOCK MAKING MACHINE QT12-15"}]},{"@type":"WebSite","@id":"https:\/\/www.qzdjm.com\/#website","url":"https:\/\/www.qzdjm.com\/","name":"Manufacturer of Block Making Machine | Block Moulds | Hydraulic Pressure Machine | Supporting Equipment","description":"","publisher":{"@id":"https:\/\/www.qzdjm.com\/#organization"},"potentialAction":[{"@type":"SearchAction","target":{"@type":"EntryPoint","urlTemplate":"https:\/\/www.qzdjm.com\/?s={search_term_string}"},"query-input":{"@type":"PropertyValueSpecification","valueRequired":true,"valueName":"search_term_string"}}],"inLanguage":"es"},{"@type":"Organization","@id":"https:\/\/www.qzdjm.com\/#organization","name":"Manufacturer of Block Making Machine | Block Moulds | Hydraulic Pressure Machine | Supporting Equipment","url":"https:\/\/www.qzdjm.com\/","logo":{"@type":"ImageObject","inLanguage":"es","@id":"https:\/\/www.qzdjm.com\/#\/schema\/logo\/image\/","url":"https:\/\/www.qzdjm.com\/wp-content\/uploads\/2024\/08\/DJM-logo.png","contentUrl":"https:\/\/www.qzdjm.com\/wp-content\/uploads\/2024\/08\/DJM-logo.png","width":6992,"height":2278,"caption":"Manufacturer of Block Making Machine | Block Moulds | Hydraulic Pressure Machine | Supporting Equipment"},"image":{"@id":"https:\/\/www.qzdjm.com\/#\/schema\/logo\/image\/"}}]}},"_links":{"self":[{"href":"https:\/\/www.qzdjm.com\/es\/wp-json\/wp\/v2\/product\/349","targetHints":{"allow":["GET"]}}],"collection":[{"href":"https:\/\/www.qzdjm.com\/es\/wp-json\/wp\/v2\/product"}],"about":[{"href":"https:\/\/www.qzdjm.com\/es\/wp-json\/wp\/v2\/types\/product"}],"replies":[{"embeddable":true,"href":"https:\/\/www.qzdjm.com\/es\/wp-json\/wp\/v2\/comments?post=349"}],"wp:featuredmedia":[{"embeddable":true,"href":"https:\/\/www.qzdjm.com\/es\/wp-json\/wp\/v2\/media\/373"}],"wp:attachment":[{"href":"https:\/\/www.qzdjm.com\/es\/wp-json\/wp\/v2\/media?parent=349"}],"wp:term":[{"taxonomy":"product_brand","embeddable":true,"href":"https:\/\/www.qzdjm.com\/es\/wp-json\/wp\/v2\/product_brand?post=349"},{"taxonomy":"product_cat","embeddable":true,"href":"https:\/\/www.qzdjm.com\/es\/wp-json\/wp\/v2\/product_cat?post=349"},{"taxonomy":"product_tag","embeddable":true,"href":"https:\/\/www.qzdjm.com\/es\/wp-json\/wp\/v2\/product_tag?post=349"}],"curies":[{"name":"wp","href":"https:\/\/api.w.org\/{rel}","templated":true}]}}