{"id":365,"date":"2024-09-16T02:54:40","date_gmt":"2024-09-16T02:54:40","guid":{"rendered":"https:\/\/www.qzdjm.com\/?post_type=product&#038;p=365"},"modified":"2024-12-05T09:59:01","modified_gmt":"2024-12-05T09:59:01","slug":"concrete-solid-brick-making-machine-qt6-15","status":"publish","type":"product","link":"https:\/\/www.qzdjm.com\/es\/producto\/concrete-solid-brick-making-machine-qt6-15\/","title":{"rendered":"M\u00c1QUINA PARA FABRICAR LADRILLOS MACIZOS DE HORMIG\u00d3N QT6-15"},"content":{"rendered":"<p>CONCRETE SOLID BRICK MAKING MACHINE QT6-15, is a special-purpose equipment for making building block making machine. The material of this machine can be flyash, slag, gangue or the others industrial waste, river sand, gravel, cement etc. Makes different sizes of hollow blocks, porous blocks, curbstone, pavement blocks, grass blocks, slope-protecting blocks, ring-tree blocks etc. If add color machine, it can make layering blocks.<\/p>","protected":false},"excerpt":{"rendered":"<p>QT6-15 M\u00e1quina para fabricar ladrillos macizos de hormig\u00f3n , se compone de silo de cemento, m\u00e1quina dosificadora, mezcladora, cinta transportadora, m\u00e1quina anfitriona y apiladora.<\/p>\n<p><strong>Art\u00edculo NO.<\/strong>: QT6-15<\/p>\n<p><strong>Pago<\/strong>: T\/T<\/p>\n<p><strong>Origen del producto<\/strong>: QuanZhou<\/p>\n<p><strong>Puerto de embarque<\/strong>: XIAMEN,CHINA<\/p>\n<p><strong>Plazos de entrega<\/strong>: 30 D\u00cdAS<\/p>\n<p><strong>Pedido (MOQ)<\/strong>: 1<\/p>\n<p><strong>Existencias<\/strong>: 10<\/p>\n<p><strong>Peso del producto<\/strong>: 17200kg<\/p>","protected":false},"featured_media":376,"comment_status":"open","ping_status":"closed","template":"","meta":{"_acf_changed":false},"product_brand":[],"product_cat":[32],"product_tag":[],"class_list":{"0":"post-365","1":"product","2":"type-product","3":"status-publish","4":"has-post-thumbnail","6":"product_cat-block-making-production-line","8":"first","9":"instock","10":"shipping-taxable","11":"product-type-simple"},"acf":[],"yoast_head":"<!-- This site is optimized with the Yoast SEO plugin v26.6 - https:\/\/yoast.com\/wordpress\/plugins\/seo\/ -->\n<title>CONCRETE SOLID BRICK MAKING MACHINE QT6-15 - Manufacturer of Block Making Machine | Block Moulds | Hydraulic Pressure Machine | Supporting Equipment<\/title>\n<meta name=\"description\" content=\"CONCRETE SOLID BRICK MAKING MACHINE QT6-15, is a special-purpose equipment for making building block making machine.\" \/>\n<meta name=\"robots\" content=\"index, follow, max-snippet:-1, max-image-preview:large, max-video-preview:-1\" \/>\n<link rel=\"canonical\" href=\"https:\/\/www.qzdjm.com\/es\/producto\/concrete-solid-brick-making-machine-qt6-15\/\" \/>\n<meta property=\"og:locale\" content=\"es_ES\" \/>\n<meta property=\"og:type\" content=\"article\" \/>\n<meta property=\"og:title\" content=\"CONCRETE SOLID BRICK MAKING MACHINE QT6-15 - Manufacturer of Block Making Machine | Block Moulds | Hydraulic Pressure Machine | Supporting Equipment\" \/>\n<meta property=\"og:description\" content=\"CONCRETE SOLID BRICK MAKING MACHINE QT6-15, is a special-purpose equipment for making building block making machine.\" \/>\n<meta property=\"og:url\" content=\"https:\/\/www.qzdjm.com\/es\/producto\/concrete-solid-brick-making-machine-qt6-15\/\" \/>\n<meta property=\"og:site_name\" content=\"Manufacturer of Block Making Machine | Block Moulds | Hydraulic Pressure Machine | Supporting Equipment\" \/>\n<meta property=\"article:modified_time\" content=\"2024-12-05T09:59:01+00:00\" \/>\n<meta property=\"og:image\" content=\"https:\/\/www.qzdjm.com\/wp-content\/uploads\/2024\/09\/05-CONCRETE-SOLID-BRICK-MAKING-MACHINE-QT6-15.jpg\" \/>\n\t<meta property=\"og:image:width\" content=\"1200\" \/>\n\t<meta property=\"og:image:height\" content=\"900\" \/>\n\t<meta property=\"og:image:type\" content=\"image\/jpeg\" \/>\n<meta name=\"twitter:card\" content=\"summary_large_image\" \/>\n<meta name=\"twitter:label1\" content=\"Tiempo de lectura\" \/>\n\t<meta name=\"twitter:data1\" content=\"1 minuto\" \/>\n<script type=\"application\/ld+json\" class=\"yoast-schema-graph\">{\"@context\":\"https:\/\/schema.org\",\"@graph\":[{\"@type\":\"WebPage\",\"@id\":\"https:\/\/www.qzdjm.com\/product\/concrete-solid-brick-making-machine-qt6-15\/\",\"url\":\"https:\/\/www.qzdjm.com\/product\/concrete-solid-brick-making-machine-qt6-15\/\",\"name\":\"CONCRETE SOLID BRICK MAKING MACHINE QT6-15 - Manufacturer of Block Making Machine | Block Moulds | Hydraulic Pressure Machine | Supporting Equipment\",\"isPartOf\":{\"@id\":\"https:\/\/www.qzdjm.com\/#website\"},\"primaryImageOfPage\":{\"@id\":\"https:\/\/www.qzdjm.com\/product\/concrete-solid-brick-making-machine-qt6-15\/#primaryimage\"},\"image\":{\"@id\":\"https:\/\/www.qzdjm.com\/product\/concrete-solid-brick-making-machine-qt6-15\/#primaryimage\"},\"thumbnailUrl\":\"https:\/\/www.qzdjm.com\/wp-content\/uploads\/2024\/09\/05-CONCRETE-SOLID-BRICK-MAKING-MACHINE-QT6-15.jpg\",\"datePublished\":\"2024-09-16T02:54:40+00:00\",\"dateModified\":\"2024-12-05T09:59:01+00:00\",\"description\":\"CONCRETE SOLID BRICK MAKING MACHINE QT6-15, is a special-purpose equipment for making building block making machine.\",\"breadcrumb\":{\"@id\":\"https:\/\/www.qzdjm.com\/product\/concrete-solid-brick-making-machine-qt6-15\/#breadcrumb\"},\"inLanguage\":\"es\",\"potentialAction\":[{\"@type\":\"ReadAction\",\"target\":[\"https:\/\/www.qzdjm.com\/product\/concrete-solid-brick-making-machine-qt6-15\/\"]}]},{\"@type\":\"ImageObject\",\"inLanguage\":\"es\",\"@id\":\"https:\/\/www.qzdjm.com\/product\/concrete-solid-brick-making-machine-qt6-15\/#primaryimage\",\"url\":\"https:\/\/www.qzdjm.com\/wp-content\/uploads\/2024\/09\/05-CONCRETE-SOLID-BRICK-MAKING-MACHINE-QT6-15.jpg\",\"contentUrl\":\"https:\/\/www.qzdjm.com\/wp-content\/uploads\/2024\/09\/05-CONCRETE-SOLID-BRICK-MAKING-MACHINE-QT6-15.jpg\",\"width\":1200,\"height\":900,\"caption\":\"CONCRETE SOLID BRICK MAKING MACHINE QT6-15, is a special-purpose equipment for making building block making machine.\"},{\"@type\":\"BreadcrumbList\",\"@id\":\"https:\/\/www.qzdjm.com\/product\/concrete-solid-brick-making-machine-qt6-15\/#breadcrumb\",\"itemListElement\":[{\"@type\":\"ListItem\",\"position\":1,\"name\":\"Home\",\"item\":\"https:\/\/www.qzdjm.com\/\"},{\"@type\":\"ListItem\",\"position\":2,\"name\":\"Products\",\"item\":\"https:\/\/www.qzdjm.com\/products\/\"},{\"@type\":\"ListItem\",\"position\":3,\"name\":\"CONCRETE SOLID BRICK MAKING MACHINE QT6-15\"}]},{\"@type\":\"WebSite\",\"@id\":\"https:\/\/www.qzdjm.com\/#website\",\"url\":\"https:\/\/www.qzdjm.com\/\",\"name\":\"Manufacturer of Block Making Machine | Block Moulds | Hydraulic Pressure Machine | Supporting Equipment\",\"description\":\"\",\"publisher\":{\"@id\":\"https:\/\/www.qzdjm.com\/#organization\"},\"potentialAction\":[{\"@type\":\"SearchAction\",\"target\":{\"@type\":\"EntryPoint\",\"urlTemplate\":\"https:\/\/www.qzdjm.com\/?s={search_term_string}\"},\"query-input\":{\"@type\":\"PropertyValueSpecification\",\"valueRequired\":true,\"valueName\":\"search_term_string\"}}],\"inLanguage\":\"es\"},{\"@type\":\"Organization\",\"@id\":\"https:\/\/www.qzdjm.com\/#organization\",\"name\":\"Manufacturer of Block Making Machine | Block Moulds | Hydraulic Pressure Machine | Supporting Equipment\",\"url\":\"https:\/\/www.qzdjm.com\/\",\"logo\":{\"@type\":\"ImageObject\",\"inLanguage\":\"es\",\"@id\":\"https:\/\/www.qzdjm.com\/#\/schema\/logo\/image\/\",\"url\":\"https:\/\/www.qzdjm.com\/wp-content\/uploads\/2024\/08\/DJM-logo.png\",\"contentUrl\":\"https:\/\/www.qzdjm.com\/wp-content\/uploads\/2024\/08\/DJM-logo.png\",\"width\":6992,\"height\":2278,\"caption\":\"Manufacturer of Block Making Machine | Block Moulds | Hydraulic Pressure Machine | Supporting Equipment\"},\"image\":{\"@id\":\"https:\/\/www.qzdjm.com\/#\/schema\/logo\/image\/\"}}]}<\/script>\n<!-- \/ Yoast SEO plugin. -->","yoast_head_json":{"title":"CONCRETE SOLID BRICK MAKING MACHINE QT6-15 - Manufacturer of Block Making Machine | Block Moulds | Hydraulic Pressure Machine | Supporting Equipment","description":"CONCRETE SOLID BRICK MAKING MACHINE QT6-15, is a special-purpose equipment for making building block making machine.","robots":{"index":"index","follow":"follow","max-snippet":"max-snippet:-1","max-image-preview":"max-image-preview:large","max-video-preview":"max-video-preview:-1"},"canonical":"https:\/\/www.qzdjm.com\/es\/producto\/concrete-solid-brick-making-machine-qt6-15\/","og_locale":"es_ES","og_type":"article","og_title":"CONCRETE SOLID BRICK MAKING MACHINE QT6-15 - Manufacturer of Block Making Machine | Block Moulds | Hydraulic Pressure Machine | Supporting Equipment","og_description":"CONCRETE SOLID BRICK MAKING MACHINE QT6-15, is a special-purpose equipment for making building block making machine.","og_url":"https:\/\/www.qzdjm.com\/es\/producto\/concrete-solid-brick-making-machine-qt6-15\/","og_site_name":"Manufacturer of Block Making Machine | Block Moulds | Hydraulic Pressure Machine | Supporting Equipment","article_modified_time":"2024-12-05T09:59:01+00:00","og_image":[{"width":1200,"height":900,"url":"https:\/\/www.qzdjm.com\/wp-content\/uploads\/2024\/09\/05-CONCRETE-SOLID-BRICK-MAKING-MACHINE-QT6-15.jpg","type":"image\/jpeg"}],"twitter_card":"summary_large_image","twitter_misc":{"Tiempo de lectura":"1 minuto"},"schema":{"@context":"https:\/\/schema.org","@graph":[{"@type":"WebPage","@id":"https:\/\/www.qzdjm.com\/product\/concrete-solid-brick-making-machine-qt6-15\/","url":"https:\/\/www.qzdjm.com\/product\/concrete-solid-brick-making-machine-qt6-15\/","name":"CONCRETE SOLID BRICK MAKING MACHINE QT6-15 - Manufacturer of Block Making Machine | Block Moulds | Hydraulic Pressure Machine | Supporting Equipment","isPartOf":{"@id":"https:\/\/www.qzdjm.com\/#website"},"primaryImageOfPage":{"@id":"https:\/\/www.qzdjm.com\/product\/concrete-solid-brick-making-machine-qt6-15\/#primaryimage"},"image":{"@id":"https:\/\/www.qzdjm.com\/product\/concrete-solid-brick-making-machine-qt6-15\/#primaryimage"},"thumbnailUrl":"https:\/\/www.qzdjm.com\/wp-content\/uploads\/2024\/09\/05-CONCRETE-SOLID-BRICK-MAKING-MACHINE-QT6-15.jpg","datePublished":"2024-09-16T02:54:40+00:00","dateModified":"2024-12-05T09:59:01+00:00","description":"CONCRETE SOLID BRICK MAKING MACHINE QT6-15, is a special-purpose equipment for making building block making machine.","breadcrumb":{"@id":"https:\/\/www.qzdjm.com\/product\/concrete-solid-brick-making-machine-qt6-15\/#breadcrumb"},"inLanguage":"es","potentialAction":[{"@type":"ReadAction","target":["https:\/\/www.qzdjm.com\/product\/concrete-solid-brick-making-machine-qt6-15\/"]}]},{"@type":"ImageObject","inLanguage":"es","@id":"https:\/\/www.qzdjm.com\/product\/concrete-solid-brick-making-machine-qt6-15\/#primaryimage","url":"https:\/\/www.qzdjm.com\/wp-content\/uploads\/2024\/09\/05-CONCRETE-SOLID-BRICK-MAKING-MACHINE-QT6-15.jpg","contentUrl":"https:\/\/www.qzdjm.com\/wp-content\/uploads\/2024\/09\/05-CONCRETE-SOLID-BRICK-MAKING-MACHINE-QT6-15.jpg","width":1200,"height":900,"caption":"CONCRETE SOLID BRICK MAKING MACHINE QT6-15, is a special-purpose equipment for making building block making machine."},{"@type":"BreadcrumbList","@id":"https:\/\/www.qzdjm.com\/product\/concrete-solid-brick-making-machine-qt6-15\/#breadcrumb","itemListElement":[{"@type":"ListItem","position":1,"name":"Home","item":"https:\/\/www.qzdjm.com\/"},{"@type":"ListItem","position":2,"name":"Products","item":"https:\/\/www.qzdjm.com\/products\/"},{"@type":"ListItem","position":3,"name":"CONCRETE SOLID BRICK MAKING MACHINE QT6-15"}]},{"@type":"WebSite","@id":"https:\/\/www.qzdjm.com\/#website","url":"https:\/\/www.qzdjm.com\/","name":"Manufacturer of Block Making Machine | Block Moulds | Hydraulic Pressure Machine | Supporting Equipment","description":"","publisher":{"@id":"https:\/\/www.qzdjm.com\/#organization"},"potentialAction":[{"@type":"SearchAction","target":{"@type":"EntryPoint","urlTemplate":"https:\/\/www.qzdjm.com\/?s={search_term_string}"},"query-input":{"@type":"PropertyValueSpecification","valueRequired":true,"valueName":"search_term_string"}}],"inLanguage":"es"},{"@type":"Organization","@id":"https:\/\/www.qzdjm.com\/#organization","name":"Manufacturer of Block Making Machine | Block Moulds | Hydraulic Pressure Machine | Supporting Equipment","url":"https:\/\/www.qzdjm.com\/","logo":{"@type":"ImageObject","inLanguage":"es","@id":"https:\/\/www.qzdjm.com\/#\/schema\/logo\/image\/","url":"https:\/\/www.qzdjm.com\/wp-content\/uploads\/2024\/08\/DJM-logo.png","contentUrl":"https:\/\/www.qzdjm.com\/wp-content\/uploads\/2024\/08\/DJM-logo.png","width":6992,"height":2278,"caption":"Manufacturer of Block Making Machine | Block Moulds | Hydraulic Pressure Machine | Supporting Equipment"},"image":{"@id":"https:\/\/www.qzdjm.com\/#\/schema\/logo\/image\/"}}]}},"_links":{"self":[{"href":"https:\/\/www.qzdjm.com\/es\/wp-json\/wp\/v2\/product\/365","targetHints":{"allow":["GET"]}}],"collection":[{"href":"https:\/\/www.qzdjm.com\/es\/wp-json\/wp\/v2\/product"}],"about":[{"href":"https:\/\/www.qzdjm.com\/es\/wp-json\/wp\/v2\/types\/product"}],"replies":[{"embeddable":true,"href":"https:\/\/www.qzdjm.com\/es\/wp-json\/wp\/v2\/comments?post=365"}],"wp:featuredmedia":[{"embeddable":true,"href":"https:\/\/www.qzdjm.com\/es\/wp-json\/wp\/v2\/media\/376"}],"wp:attachment":[{"href":"https:\/\/www.qzdjm.com\/es\/wp-json\/wp\/v2\/media?parent=365"}],"wp:term":[{"taxonomy":"product_brand","embeddable":true,"href":"https:\/\/www.qzdjm.com\/es\/wp-json\/wp\/v2\/product_brand?post=365"},{"taxonomy":"product_cat","embeddable":true,"href":"https:\/\/www.qzdjm.com\/es\/wp-json\/wp\/v2\/product_cat?post=365"},{"taxonomy":"product_tag","embeddable":true,"href":"https:\/\/www.qzdjm.com\/es\/wp-json\/wp\/v2\/product_tag?post=365"}],"curies":[{"name":"wp","href":"https:\/\/api.w.org\/{rel}","templated":true}]}}