{"id":430,"date":"2024-09-16T06:46:15","date_gmt":"2024-09-16T06:46:15","guid":{"rendered":"https:\/\/www.qzdjm.com\/?post_type=product&#038;p=430"},"modified":"2024-12-05T09:26:09","modified_gmt":"2024-12-05T09:26:09","slug":"bucket-wheel-sand-wahser","status":"publish","type":"product","link":"https:\/\/www.qzdjm.com\/es\/producto\/bucket-wheel-sand-wahser\/","title":{"rendered":"ARENADORA DE RUEDA DE CANGILONES"},"content":{"rendered":"<p>La lavadora de arena es un tipo de equipo de lavado con ruedas, y puede limpiar y separar el polvo de la arena. La lavadora de arena se utiliza principalmente en obras de construcci\u00f3n, plantas de grava, construcci\u00f3n de presas de hormig\u00f3n de centrales hidroel\u00e9ctricas, etc., y con caracter\u00edsticas de alto grado de limpieza, estructura razonable, gran capacidad, bajo consumo de energ\u00eda, peque\u00f1a p\u00e9rdida de arena durante el proceso de lavado, especialmente para que las partes de accionamiento de la lavadora de arena est\u00e9n separadas del agua y la arena. Por lo que tiene menor tasa de fallos que la lavadora de arena habitual.<\/p>","protected":false},"excerpt":{"rendered":"<p>La lavadora de arena es un tipo de equipo de lavado con ruedas, y puede limpiar y separar el polvo de la arena. La lavadora de arena se utiliza principalmente en obras de construcci\u00f3n, plantas de grava, construcci\u00f3n de presas de hormig\u00f3n de centrales hidroel\u00e9ctricas, etc., y con caracter\u00edsticas de alto grado de limpieza, estructura razonable, gran capacidad, bajo consumo de energ\u00eda, peque\u00f1a p\u00e9rdida de arena durante el proceso de lavado, especialmente para que las partes de accionamiento de la lavadora de arena est\u00e9n separadas del agua y la arena. Por lo que tiene menor tasa de fallos que la lavadora de arena habitual.<\/p>\n<p>&nbsp;<\/p>\n<p><strong>Art\u00edculo NO.<\/strong>: XSD<\/p>\n<p><strong>Pago<\/strong>: T\/T<\/p>\n<p><strong>Origen del producto<\/strong>: QuanZhou<\/p>\n<p><strong>Puerto de embarque<\/strong>: XIAMEN,CHINA<\/p>\n<p><strong>Plazos de entrega<\/strong>: 30 D\u00cdAS<\/p>\n<p><strong>Pedido (MOQ)<\/strong>: 1<\/p>\n<p><strong>Existencias<\/strong>: 4<\/p>","protected":false},"featured_media":431,"comment_status":"open","ping_status":"closed","template":"","meta":{"_acf_changed":false},"product_brand":[],"product_cat":[39],"product_tag":[],"class_list":{"0":"post-430","1":"product","2":"type-product","3":"status-publish","4":"has-post-thumbnail","6":"product_cat-mining-crushing-equipment","8":"first","9":"instock","10":"shipping-taxable","11":"product-type-simple"},"acf":[],"yoast_head":"<!-- This site is optimized with the Yoast SEO plugin v26.6 - https:\/\/yoast.com\/wordpress\/plugins\/seo\/ -->\n<title>BUCKET WHEEL SAND WAHSER - Manufacturer of Block Making Machine | Block Moulds | Hydraulic Pressure Machine | Supporting Equipment<\/title>\n<meta name=\"description\" content=\"Sand Washing Machine is a kind of wheeled washing equipment, and can clean and separate the dust and powder from the sand.\" \/>\n<meta name=\"robots\" content=\"index, follow, max-snippet:-1, max-image-preview:large, max-video-preview:-1\" \/>\n<link rel=\"canonical\" href=\"https:\/\/www.qzdjm.com\/es\/producto\/bucket-wheel-sand-wahser\/\" \/>\n<meta property=\"og:locale\" content=\"es_ES\" \/>\n<meta property=\"og:type\" content=\"article\" \/>\n<meta property=\"og:title\" content=\"BUCKET WHEEL SAND WAHSER - Manufacturer of Block Making Machine | Block Moulds | Hydraulic Pressure Machine | Supporting Equipment\" \/>\n<meta property=\"og:description\" content=\"Sand Washing Machine is a kind of wheeled washing equipment, and can clean and separate the dust and powder from the sand.\" \/>\n<meta property=\"og:url\" content=\"https:\/\/www.qzdjm.com\/es\/producto\/bucket-wheel-sand-wahser\/\" \/>\n<meta property=\"og:site_name\" content=\"Manufacturer of Block Making Machine | Block Moulds | Hydraulic Pressure Machine | Supporting Equipment\" \/>\n<meta property=\"article:modified_time\" content=\"2024-12-05T09:26:09+00:00\" \/>\n<meta property=\"og:image\" content=\"https:\/\/www.qzdjm.com\/wp-content\/uploads\/2024\/09\/BUCKET-WHEEL-SAND-WAHSER-Product-Image-3.jpg\" \/>\n\t<meta property=\"og:image:width\" content=\"1729\" \/>\n\t<meta property=\"og:image:height\" content=\"1297\" \/>\n\t<meta property=\"og:image:type\" content=\"image\/jpeg\" \/>\n<meta name=\"twitter:card\" content=\"summary_large_image\" \/>\n<meta name=\"twitter:label1\" content=\"Tiempo de lectura\" \/>\n\t<meta name=\"twitter:data1\" content=\"1 minuto\" \/>\n<script type=\"application\/ld+json\" class=\"yoast-schema-graph\">{\"@context\":\"https:\/\/schema.org\",\"@graph\":[{\"@type\":\"WebPage\",\"@id\":\"https:\/\/www.qzdjm.com\/product\/bucket-wheel-sand-wahser\/\",\"url\":\"https:\/\/www.qzdjm.com\/product\/bucket-wheel-sand-wahser\/\",\"name\":\"BUCKET WHEEL SAND WAHSER - Manufacturer of Block Making Machine | Block Moulds | Hydraulic Pressure Machine | Supporting Equipment\",\"isPartOf\":{\"@id\":\"https:\/\/www.qzdjm.com\/#website\"},\"primaryImageOfPage\":{\"@id\":\"https:\/\/www.qzdjm.com\/product\/bucket-wheel-sand-wahser\/#primaryimage\"},\"image\":{\"@id\":\"https:\/\/www.qzdjm.com\/product\/bucket-wheel-sand-wahser\/#primaryimage\"},\"thumbnailUrl\":\"https:\/\/www.qzdjm.com\/wp-content\/uploads\/2024\/09\/BUCKET-WHEEL-SAND-WAHSER-Product-Image-3.jpg\",\"datePublished\":\"2024-09-16T06:46:15+00:00\",\"dateModified\":\"2024-12-05T09:26:09+00:00\",\"description\":\"Sand Washing Machine is a kind of wheeled washing equipment, and can clean and separate the dust and powder from the sand.\",\"breadcrumb\":{\"@id\":\"https:\/\/www.qzdjm.com\/product\/bucket-wheel-sand-wahser\/#breadcrumb\"},\"inLanguage\":\"es\",\"potentialAction\":[{\"@type\":\"ReadAction\",\"target\":[\"https:\/\/www.qzdjm.com\/product\/bucket-wheel-sand-wahser\/\"]}]},{\"@type\":\"ImageObject\",\"inLanguage\":\"es\",\"@id\":\"https:\/\/www.qzdjm.com\/product\/bucket-wheel-sand-wahser\/#primaryimage\",\"url\":\"https:\/\/www.qzdjm.com\/wp-content\/uploads\/2024\/09\/BUCKET-WHEEL-SAND-WAHSER-Product-Image-3.jpg\",\"contentUrl\":\"https:\/\/www.qzdjm.com\/wp-content\/uploads\/2024\/09\/BUCKET-WHEEL-SAND-WAHSER-Product-Image-3.jpg\",\"width\":1729,\"height\":1297,\"caption\":\"Sand Washing Machine is a kind of wheeled washing equipment, and can clean and separate the dust and powder from the sand.\"},{\"@type\":\"BreadcrumbList\",\"@id\":\"https:\/\/www.qzdjm.com\/product\/bucket-wheel-sand-wahser\/#breadcrumb\",\"itemListElement\":[{\"@type\":\"ListItem\",\"position\":1,\"name\":\"Home\",\"item\":\"https:\/\/www.qzdjm.com\/\"},{\"@type\":\"ListItem\",\"position\":2,\"name\":\"Products\",\"item\":\"https:\/\/www.qzdjm.com\/products\/\"},{\"@type\":\"ListItem\",\"position\":3,\"name\":\"BUCKET WHEEL SAND WAHSER\"}]},{\"@type\":\"WebSite\",\"@id\":\"https:\/\/www.qzdjm.com\/#website\",\"url\":\"https:\/\/www.qzdjm.com\/\",\"name\":\"Manufacturer of Block Making Machine | Block Moulds | Hydraulic Pressure Machine | Supporting Equipment\",\"description\":\"\",\"publisher\":{\"@id\":\"https:\/\/www.qzdjm.com\/#organization\"},\"potentialAction\":[{\"@type\":\"SearchAction\",\"target\":{\"@type\":\"EntryPoint\",\"urlTemplate\":\"https:\/\/www.qzdjm.com\/?s={search_term_string}\"},\"query-input\":{\"@type\":\"PropertyValueSpecification\",\"valueRequired\":true,\"valueName\":\"search_term_string\"}}],\"inLanguage\":\"es\"},{\"@type\":\"Organization\",\"@id\":\"https:\/\/www.qzdjm.com\/#organization\",\"name\":\"Manufacturer of Block Making Machine | Block Moulds | Hydraulic Pressure Machine | Supporting Equipment\",\"url\":\"https:\/\/www.qzdjm.com\/\",\"logo\":{\"@type\":\"ImageObject\",\"inLanguage\":\"es\",\"@id\":\"https:\/\/www.qzdjm.com\/#\/schema\/logo\/image\/\",\"url\":\"https:\/\/www.qzdjm.com\/wp-content\/uploads\/2024\/08\/DJM-logo.png\",\"contentUrl\":\"https:\/\/www.qzdjm.com\/wp-content\/uploads\/2024\/08\/DJM-logo.png\",\"width\":6992,\"height\":2278,\"caption\":\"Manufacturer of Block Making Machine | Block Moulds | Hydraulic Pressure Machine | Supporting Equipment\"},\"image\":{\"@id\":\"https:\/\/www.qzdjm.com\/#\/schema\/logo\/image\/\"}}]}<\/script>\n<!-- \/ Yoast SEO plugin. -->","yoast_head_json":{"title":"BUCKET WHEEL SAND WAHSER - Manufacturer of Block Making Machine | Block Moulds | Hydraulic Pressure Machine | Supporting Equipment","description":"Sand Washing Machine is a kind of wheeled washing equipment, and can clean and separate the dust and powder from the sand.","robots":{"index":"index","follow":"follow","max-snippet":"max-snippet:-1","max-image-preview":"max-image-preview:large","max-video-preview":"max-video-preview:-1"},"canonical":"https:\/\/www.qzdjm.com\/es\/producto\/bucket-wheel-sand-wahser\/","og_locale":"es_ES","og_type":"article","og_title":"BUCKET WHEEL SAND WAHSER - Manufacturer of Block Making Machine | Block Moulds | Hydraulic Pressure Machine | Supporting Equipment","og_description":"Sand Washing Machine is a kind of wheeled washing equipment, and can clean and separate the dust and powder from the sand.","og_url":"https:\/\/www.qzdjm.com\/es\/producto\/bucket-wheel-sand-wahser\/","og_site_name":"Manufacturer of Block Making Machine | Block Moulds | Hydraulic Pressure Machine | Supporting Equipment","article_modified_time":"2024-12-05T09:26:09+00:00","og_image":[{"width":1729,"height":1297,"url":"https:\/\/www.qzdjm.com\/wp-content\/uploads\/2024\/09\/BUCKET-WHEEL-SAND-WAHSER-Product-Image-3.jpg","type":"image\/jpeg"}],"twitter_card":"summary_large_image","twitter_misc":{"Tiempo de lectura":"1 minuto"},"schema":{"@context":"https:\/\/schema.org","@graph":[{"@type":"WebPage","@id":"https:\/\/www.qzdjm.com\/product\/bucket-wheel-sand-wahser\/","url":"https:\/\/www.qzdjm.com\/product\/bucket-wheel-sand-wahser\/","name":"BUCKET WHEEL SAND WAHSER - Manufacturer of Block Making Machine | Block Moulds | Hydraulic Pressure Machine | Supporting Equipment","isPartOf":{"@id":"https:\/\/www.qzdjm.com\/#website"},"primaryImageOfPage":{"@id":"https:\/\/www.qzdjm.com\/product\/bucket-wheel-sand-wahser\/#primaryimage"},"image":{"@id":"https:\/\/www.qzdjm.com\/product\/bucket-wheel-sand-wahser\/#primaryimage"},"thumbnailUrl":"https:\/\/www.qzdjm.com\/wp-content\/uploads\/2024\/09\/BUCKET-WHEEL-SAND-WAHSER-Product-Image-3.jpg","datePublished":"2024-09-16T06:46:15+00:00","dateModified":"2024-12-05T09:26:09+00:00","description":"Sand Washing Machine is a kind of wheeled washing equipment, and can clean and separate the dust and powder from the sand.","breadcrumb":{"@id":"https:\/\/www.qzdjm.com\/product\/bucket-wheel-sand-wahser\/#breadcrumb"},"inLanguage":"es","potentialAction":[{"@type":"ReadAction","target":["https:\/\/www.qzdjm.com\/product\/bucket-wheel-sand-wahser\/"]}]},{"@type":"ImageObject","inLanguage":"es","@id":"https:\/\/www.qzdjm.com\/product\/bucket-wheel-sand-wahser\/#primaryimage","url":"https:\/\/www.qzdjm.com\/wp-content\/uploads\/2024\/09\/BUCKET-WHEEL-SAND-WAHSER-Product-Image-3.jpg","contentUrl":"https:\/\/www.qzdjm.com\/wp-content\/uploads\/2024\/09\/BUCKET-WHEEL-SAND-WAHSER-Product-Image-3.jpg","width":1729,"height":1297,"caption":"Sand Washing Machine is a kind of wheeled washing equipment, and can clean and separate the dust and powder from the sand."},{"@type":"BreadcrumbList","@id":"https:\/\/www.qzdjm.com\/product\/bucket-wheel-sand-wahser\/#breadcrumb","itemListElement":[{"@type":"ListItem","position":1,"name":"Home","item":"https:\/\/www.qzdjm.com\/"},{"@type":"ListItem","position":2,"name":"Products","item":"https:\/\/www.qzdjm.com\/products\/"},{"@type":"ListItem","position":3,"name":"BUCKET WHEEL SAND WAHSER"}]},{"@type":"WebSite","@id":"https:\/\/www.qzdjm.com\/#website","url":"https:\/\/www.qzdjm.com\/","name":"Manufacturer of Block Making Machine | Block Moulds | Hydraulic Pressure Machine | Supporting Equipment","description":"","publisher":{"@id":"https:\/\/www.qzdjm.com\/#organization"},"potentialAction":[{"@type":"SearchAction","target":{"@type":"EntryPoint","urlTemplate":"https:\/\/www.qzdjm.com\/?s={search_term_string}"},"query-input":{"@type":"PropertyValueSpecification","valueRequired":true,"valueName":"search_term_string"}}],"inLanguage":"es"},{"@type":"Organization","@id":"https:\/\/www.qzdjm.com\/#organization","name":"Manufacturer of Block Making Machine | Block Moulds | Hydraulic Pressure Machine | Supporting Equipment","url":"https:\/\/www.qzdjm.com\/","logo":{"@type":"ImageObject","inLanguage":"es","@id":"https:\/\/www.qzdjm.com\/#\/schema\/logo\/image\/","url":"https:\/\/www.qzdjm.com\/wp-content\/uploads\/2024\/08\/DJM-logo.png","contentUrl":"https:\/\/www.qzdjm.com\/wp-content\/uploads\/2024\/08\/DJM-logo.png","width":6992,"height":2278,"caption":"Manufacturer of Block Making Machine | Block Moulds | Hydraulic Pressure Machine | Supporting Equipment"},"image":{"@id":"https:\/\/www.qzdjm.com\/#\/schema\/logo\/image\/"}}]}},"_links":{"self":[{"href":"https:\/\/www.qzdjm.com\/es\/wp-json\/wp\/v2\/product\/430","targetHints":{"allow":["GET"]}}],"collection":[{"href":"https:\/\/www.qzdjm.com\/es\/wp-json\/wp\/v2\/product"}],"about":[{"href":"https:\/\/www.qzdjm.com\/es\/wp-json\/wp\/v2\/types\/product"}],"replies":[{"embeddable":true,"href":"https:\/\/www.qzdjm.com\/es\/wp-json\/wp\/v2\/comments?post=430"}],"wp:featuredmedia":[{"embeddable":true,"href":"https:\/\/www.qzdjm.com\/es\/wp-json\/wp\/v2\/media\/431"}],"wp:attachment":[{"href":"https:\/\/www.qzdjm.com\/es\/wp-json\/wp\/v2\/media?parent=430"}],"wp:term":[{"taxonomy":"product_brand","embeddable":true,"href":"https:\/\/www.qzdjm.com\/es\/wp-json\/wp\/v2\/product_brand?post=430"},{"taxonomy":"product_cat","embeddable":true,"href":"https:\/\/www.qzdjm.com\/es\/wp-json\/wp\/v2\/product_cat?post=430"},{"taxonomy":"product_tag","embeddable":true,"href":"https:\/\/www.qzdjm.com\/es\/wp-json\/wp\/v2\/product_tag?post=430"}],"curies":[{"name":"wp","href":"https:\/\/api.w.org\/{rel}","templated":true}]}}