{"id":453,"date":"2024-09-16T07:30:23","date_gmt":"2024-09-16T07:30:23","guid":{"rendered":"https:\/\/www.qzdjm.com\/?post_type=product&#038;p=453"},"modified":"2024-12-03T09:25:17","modified_gmt":"2024-12-03T09:25:17","slug":"vibrating-screen-for-stone-crusher","status":"publish","type":"product","link":"https:\/\/www.qzdjm.com\/es\/producto\/vibrating-screen-for-stone-crusher\/","title":{"rendered":"CRIBA VIBRATORIA PARA TRITURADORA DE PIEDRA"},"content":{"rendered":"<div class=\"text-title\">\u00bfqu\u00e9 es una criba vibratoria?<\/div>\n<div class=\"text-content\" data-spm-anchor-id=\"a2700.details.0.i59.62da73173AHpNA\">La criba vibratoria es un dispositivo mec\u00e1nico utilizado para separar, clasificar y ordenar materiales por tama\u00f1o mediante un proceso de cribado. Funciona utilizando un movimiento vibratorio para mover el material a trav\u00e9s de una malla o superficie perforada, lo que permite que las part\u00edculas m\u00e1s peque\u00f1as pasen mientras que las part\u00edculas m\u00e1s grandes son retenidas. Esta vibraci\u00f3n puede generarse por diversos medios, como motores el\u00e9ctricos, volantes de inercia desequilibrados u otros m\u00e9todos mec\u00e1nicos. Las cribas vibratorias se utilizan ampliamente en industrias como la miner\u00eda, la construcci\u00f3n, la agricultura y el reciclaje para manipular materiales como minerales, menas, grava, arena y residuos industriales.<\/div>","protected":false},"excerpt":{"rendered":"<p>YA serie de tamiz vibratorio es un nuevo tipo de auto-en-fase de la trayectoria de vibraci\u00f3n para el equipo, los puntos en el c\u00edrculo, el rendimiento alcanzado el nivel avanzado nacional e internacional, las industrias caliente nueva zaranda. Este modelo de material de tamiz longitud de la l\u00ednea de goteo, las especificaciones de cribado, muchos archivos de especificaciones de cribado clara, alta effciency cribado, no es f\u00e1cil mermelada. Con estructura razonable, la fuerza de excitaci\u00f3n es de gran alcance, el ruido de vibraci\u00f3n es peque\u00f1o, duradero, f\u00e1cil mantenimiento, uso de seguridad, etc, ampliamente utilizado en la miner\u00eda, la construcci\u00f3n matrtials, tramsportation, la energ\u00eda, la industria qu\u00edmica y la clasificaci\u00f3n de productos es la trituraci\u00f3n y cribado, el grupo ideal de extensi\u00f3n de equipos.<\/p>\n<hr \/>\n<p><strong>Art\u00edculo NO.<\/strong>: YA<\/p>\n<p><strong>Pago<\/strong>: T\/T<\/p>\n<p><strong>Origen del producto<\/strong>: QuanZhou<\/p>\n<p><strong>Puerto de embarque<\/strong>: XIAMEN,CHINA<\/p>\n<p><strong>Plazos de entrega<\/strong>: 30 D\u00cdAS<\/p>\n<p><strong>Pedido (MOQ)<\/strong>: 1<\/p>\n<p><strong>Existencias<\/strong>: 10<\/p>\n<p><strong>Peso del producto<\/strong>: 17200kg<\/p>","protected":false},"featured_media":456,"comment_status":"open","ping_status":"closed","template":"","meta":{"_acf_changed":false},"product_brand":[],"product_cat":[39],"product_tag":[],"class_list":{"0":"post-453","1":"product","2":"type-product","3":"status-publish","4":"has-post-thumbnail","6":"product_cat-mining-crushing-equipment","8":"first","9":"instock","10":"shipping-taxable","11":"product-type-simple"},"acf":[],"yoast_head":"<!-- This site is optimized with the Yoast SEO plugin v26.6 - https:\/\/yoast.com\/wordpress\/plugins\/seo\/ -->\n<title>VIBRATING SCREEN FOR STONE CRUSHER - Manufacturer of Block Making Machine | Block Moulds | Hydraulic Pressure Machine | Supporting Equipment<\/title>\n<meta name=\"description\" content=\"Vibrating screen is a mechanical device used for separating, classifying, and sorting materials by size through a screening process.\" \/>\n<meta name=\"robots\" content=\"index, follow, max-snippet:-1, max-image-preview:large, max-video-preview:-1\" \/>\n<link rel=\"canonical\" href=\"https:\/\/www.qzdjm.com\/es\/producto\/vibrating-screen-for-stone-crusher\/\" \/>\n<meta property=\"og:locale\" content=\"es_ES\" \/>\n<meta property=\"og:type\" content=\"article\" \/>\n<meta property=\"og:title\" content=\"VIBRATING SCREEN FOR STONE CRUSHER - Manufacturer of Block Making Machine | Block Moulds | Hydraulic Pressure Machine | Supporting Equipment\" \/>\n<meta property=\"og:description\" content=\"Vibrating screen is a mechanical device used for separating, classifying, and sorting materials by size through a screening process.\" \/>\n<meta property=\"og:url\" content=\"https:\/\/www.qzdjm.com\/es\/producto\/vibrating-screen-for-stone-crusher\/\" \/>\n<meta property=\"og:site_name\" content=\"Manufacturer of Block Making Machine | Block Moulds | Hydraulic Pressure Machine | Supporting Equipment\" \/>\n<meta property=\"article:modified_time\" content=\"2024-12-03T09:25:17+00:00\" \/>\n<meta property=\"og:image\" content=\"https:\/\/www.qzdjm.com\/wp-content\/uploads\/2024\/09\/06-VIBRATING-SCREEN-FOR-STONE-CRUSHER-Product-Image-1.jpg\" \/>\n\t<meta property=\"og:image:width\" content=\"1267\" \/>\n\t<meta property=\"og:image:height\" content=\"950\" \/>\n\t<meta property=\"og:image:type\" content=\"image\/jpeg\" \/>\n<meta name=\"twitter:card\" content=\"summary_large_image\" \/>\n<meta name=\"twitter:label1\" content=\"Tiempo de lectura\" \/>\n\t<meta name=\"twitter:data1\" content=\"1 minuto\" \/>\n<script type=\"application\/ld+json\" class=\"yoast-schema-graph\">{\"@context\":\"https:\/\/schema.org\",\"@graph\":[{\"@type\":\"WebPage\",\"@id\":\"https:\/\/www.qzdjm.com\/product\/vibrating-screen-for-stone-crusher\/\",\"url\":\"https:\/\/www.qzdjm.com\/product\/vibrating-screen-for-stone-crusher\/\",\"name\":\"VIBRATING SCREEN FOR STONE CRUSHER - Manufacturer of Block Making Machine | Block Moulds | Hydraulic Pressure Machine | Supporting Equipment\",\"isPartOf\":{\"@id\":\"https:\/\/www.qzdjm.com\/#website\"},\"primaryImageOfPage\":{\"@id\":\"https:\/\/www.qzdjm.com\/product\/vibrating-screen-for-stone-crusher\/#primaryimage\"},\"image\":{\"@id\":\"https:\/\/www.qzdjm.com\/product\/vibrating-screen-for-stone-crusher\/#primaryimage\"},\"thumbnailUrl\":\"https:\/\/www.qzdjm.com\/wp-content\/uploads\/2024\/09\/06-VIBRATING-SCREEN-FOR-STONE-CRUSHER-Product-Image-1.jpg\",\"datePublished\":\"2024-09-16T07:30:23+00:00\",\"dateModified\":\"2024-12-03T09:25:17+00:00\",\"description\":\"Vibrating screen is a mechanical device used for separating, classifying, and sorting materials by size through a screening process.\",\"breadcrumb\":{\"@id\":\"https:\/\/www.qzdjm.com\/product\/vibrating-screen-for-stone-crusher\/#breadcrumb\"},\"inLanguage\":\"es\",\"potentialAction\":[{\"@type\":\"ReadAction\",\"target\":[\"https:\/\/www.qzdjm.com\/product\/vibrating-screen-for-stone-crusher\/\"]}]},{\"@type\":\"ImageObject\",\"inLanguage\":\"es\",\"@id\":\"https:\/\/www.qzdjm.com\/product\/vibrating-screen-for-stone-crusher\/#primaryimage\",\"url\":\"https:\/\/www.qzdjm.com\/wp-content\/uploads\/2024\/09\/06-VIBRATING-SCREEN-FOR-STONE-CRUSHER-Product-Image-1.jpg\",\"contentUrl\":\"https:\/\/www.qzdjm.com\/wp-content\/uploads\/2024\/09\/06-VIBRATING-SCREEN-FOR-STONE-CRUSHER-Product-Image-1.jpg\",\"width\":1267,\"height\":950,\"caption\":\"Vibrating Screen\"},{\"@type\":\"BreadcrumbList\",\"@id\":\"https:\/\/www.qzdjm.com\/product\/vibrating-screen-for-stone-crusher\/#breadcrumb\",\"itemListElement\":[{\"@type\":\"ListItem\",\"position\":1,\"name\":\"Home\",\"item\":\"https:\/\/www.qzdjm.com\/\"},{\"@type\":\"ListItem\",\"position\":2,\"name\":\"Products\",\"item\":\"https:\/\/www.qzdjm.com\/products\/\"},{\"@type\":\"ListItem\",\"position\":3,\"name\":\"VIBRATING SCREEN FOR STONE CRUSHER\"}]},{\"@type\":\"WebSite\",\"@id\":\"https:\/\/www.qzdjm.com\/#website\",\"url\":\"https:\/\/www.qzdjm.com\/\",\"name\":\"Manufacturer of Block Making Machine | Block Moulds | Hydraulic Pressure Machine | Supporting Equipment\",\"description\":\"\",\"publisher\":{\"@id\":\"https:\/\/www.qzdjm.com\/#organization\"},\"potentialAction\":[{\"@type\":\"SearchAction\",\"target\":{\"@type\":\"EntryPoint\",\"urlTemplate\":\"https:\/\/www.qzdjm.com\/?s={search_term_string}\"},\"query-input\":{\"@type\":\"PropertyValueSpecification\",\"valueRequired\":true,\"valueName\":\"search_term_string\"}}],\"inLanguage\":\"es\"},{\"@type\":\"Organization\",\"@id\":\"https:\/\/www.qzdjm.com\/#organization\",\"name\":\"Manufacturer of Block Making Machine | Block Moulds | Hydraulic Pressure Machine | Supporting Equipment\",\"url\":\"https:\/\/www.qzdjm.com\/\",\"logo\":{\"@type\":\"ImageObject\",\"inLanguage\":\"es\",\"@id\":\"https:\/\/www.qzdjm.com\/#\/schema\/logo\/image\/\",\"url\":\"https:\/\/www.qzdjm.com\/wp-content\/uploads\/2024\/08\/DJM-logo.png\",\"contentUrl\":\"https:\/\/www.qzdjm.com\/wp-content\/uploads\/2024\/08\/DJM-logo.png\",\"width\":6992,\"height\":2278,\"caption\":\"Manufacturer of Block Making Machine | Block Moulds | Hydraulic Pressure Machine | Supporting Equipment\"},\"image\":{\"@id\":\"https:\/\/www.qzdjm.com\/#\/schema\/logo\/image\/\"}}]}<\/script>\n<!-- \/ Yoast SEO plugin. -->","yoast_head_json":{"title":"VIBRATING SCREEN FOR STONE CRUSHER - Manufacturer of Block Making Machine | Block Moulds | Hydraulic Pressure Machine | Supporting Equipment","description":"Vibrating screen is a mechanical device used for separating, classifying, and sorting materials by size through a screening process.","robots":{"index":"index","follow":"follow","max-snippet":"max-snippet:-1","max-image-preview":"max-image-preview:large","max-video-preview":"max-video-preview:-1"},"canonical":"https:\/\/www.qzdjm.com\/es\/producto\/vibrating-screen-for-stone-crusher\/","og_locale":"es_ES","og_type":"article","og_title":"VIBRATING SCREEN FOR STONE CRUSHER - Manufacturer of Block Making Machine | Block Moulds | Hydraulic Pressure Machine | Supporting Equipment","og_description":"Vibrating screen is a mechanical device used for separating, classifying, and sorting materials by size through a screening process.","og_url":"https:\/\/www.qzdjm.com\/es\/producto\/vibrating-screen-for-stone-crusher\/","og_site_name":"Manufacturer of Block Making Machine | Block Moulds | Hydraulic Pressure Machine | Supporting Equipment","article_modified_time":"2024-12-03T09:25:17+00:00","og_image":[{"width":1267,"height":950,"url":"https:\/\/www.qzdjm.com\/wp-content\/uploads\/2024\/09\/06-VIBRATING-SCREEN-FOR-STONE-CRUSHER-Product-Image-1.jpg","type":"image\/jpeg"}],"twitter_card":"summary_large_image","twitter_misc":{"Tiempo de lectura":"1 minuto"},"schema":{"@context":"https:\/\/schema.org","@graph":[{"@type":"WebPage","@id":"https:\/\/www.qzdjm.com\/product\/vibrating-screen-for-stone-crusher\/","url":"https:\/\/www.qzdjm.com\/product\/vibrating-screen-for-stone-crusher\/","name":"VIBRATING SCREEN FOR STONE CRUSHER - Manufacturer of Block Making Machine | Block Moulds | Hydraulic Pressure Machine | Supporting Equipment","isPartOf":{"@id":"https:\/\/www.qzdjm.com\/#website"},"primaryImageOfPage":{"@id":"https:\/\/www.qzdjm.com\/product\/vibrating-screen-for-stone-crusher\/#primaryimage"},"image":{"@id":"https:\/\/www.qzdjm.com\/product\/vibrating-screen-for-stone-crusher\/#primaryimage"},"thumbnailUrl":"https:\/\/www.qzdjm.com\/wp-content\/uploads\/2024\/09\/06-VIBRATING-SCREEN-FOR-STONE-CRUSHER-Product-Image-1.jpg","datePublished":"2024-09-16T07:30:23+00:00","dateModified":"2024-12-03T09:25:17+00:00","description":"Vibrating screen is a mechanical device used for separating, classifying, and sorting materials by size through a screening process.","breadcrumb":{"@id":"https:\/\/www.qzdjm.com\/product\/vibrating-screen-for-stone-crusher\/#breadcrumb"},"inLanguage":"es","potentialAction":[{"@type":"ReadAction","target":["https:\/\/www.qzdjm.com\/product\/vibrating-screen-for-stone-crusher\/"]}]},{"@type":"ImageObject","inLanguage":"es","@id":"https:\/\/www.qzdjm.com\/product\/vibrating-screen-for-stone-crusher\/#primaryimage","url":"https:\/\/www.qzdjm.com\/wp-content\/uploads\/2024\/09\/06-VIBRATING-SCREEN-FOR-STONE-CRUSHER-Product-Image-1.jpg","contentUrl":"https:\/\/www.qzdjm.com\/wp-content\/uploads\/2024\/09\/06-VIBRATING-SCREEN-FOR-STONE-CRUSHER-Product-Image-1.jpg","width":1267,"height":950,"caption":"Vibrating Screen"},{"@type":"BreadcrumbList","@id":"https:\/\/www.qzdjm.com\/product\/vibrating-screen-for-stone-crusher\/#breadcrumb","itemListElement":[{"@type":"ListItem","position":1,"name":"Home","item":"https:\/\/www.qzdjm.com\/"},{"@type":"ListItem","position":2,"name":"Products","item":"https:\/\/www.qzdjm.com\/products\/"},{"@type":"ListItem","position":3,"name":"VIBRATING SCREEN FOR STONE CRUSHER"}]},{"@type":"WebSite","@id":"https:\/\/www.qzdjm.com\/#website","url":"https:\/\/www.qzdjm.com\/","name":"Manufacturer of Block Making Machine | Block Moulds | Hydraulic Pressure Machine | Supporting Equipment","description":"","publisher":{"@id":"https:\/\/www.qzdjm.com\/#organization"},"potentialAction":[{"@type":"SearchAction","target":{"@type":"EntryPoint","urlTemplate":"https:\/\/www.qzdjm.com\/?s={search_term_string}"},"query-input":{"@type":"PropertyValueSpecification","valueRequired":true,"valueName":"search_term_string"}}],"inLanguage":"es"},{"@type":"Organization","@id":"https:\/\/www.qzdjm.com\/#organization","name":"Manufacturer of Block Making Machine | Block Moulds | Hydraulic Pressure Machine | Supporting Equipment","url":"https:\/\/www.qzdjm.com\/","logo":{"@type":"ImageObject","inLanguage":"es","@id":"https:\/\/www.qzdjm.com\/#\/schema\/logo\/image\/","url":"https:\/\/www.qzdjm.com\/wp-content\/uploads\/2024\/08\/DJM-logo.png","contentUrl":"https:\/\/www.qzdjm.com\/wp-content\/uploads\/2024\/08\/DJM-logo.png","width":6992,"height":2278,"caption":"Manufacturer of Block Making Machine | Block Moulds | Hydraulic Pressure Machine | Supporting Equipment"},"image":{"@id":"https:\/\/www.qzdjm.com\/#\/schema\/logo\/image\/"}}]}},"_links":{"self":[{"href":"https:\/\/www.qzdjm.com\/es\/wp-json\/wp\/v2\/product\/453","targetHints":{"allow":["GET"]}}],"collection":[{"href":"https:\/\/www.qzdjm.com\/es\/wp-json\/wp\/v2\/product"}],"about":[{"href":"https:\/\/www.qzdjm.com\/es\/wp-json\/wp\/v2\/types\/product"}],"replies":[{"embeddable":true,"href":"https:\/\/www.qzdjm.com\/es\/wp-json\/wp\/v2\/comments?post=453"}],"wp:featuredmedia":[{"embeddable":true,"href":"https:\/\/www.qzdjm.com\/es\/wp-json\/wp\/v2\/media\/456"}],"wp:attachment":[{"href":"https:\/\/www.qzdjm.com\/es\/wp-json\/wp\/v2\/media?parent=453"}],"wp:term":[{"taxonomy":"product_brand","embeddable":true,"href":"https:\/\/www.qzdjm.com\/es\/wp-json\/wp\/v2\/product_brand?post=453"},{"taxonomy":"product_cat","embeddable":true,"href":"https:\/\/www.qzdjm.com\/es\/wp-json\/wp\/v2\/product_cat?post=453"},{"taxonomy":"product_tag","embeddable":true,"href":"https:\/\/www.qzdjm.com\/es\/wp-json\/wp\/v2\/product_tag?post=453"}],"curies":[{"name":"wp","href":"https:\/\/api.w.org\/{rel}","templated":true}]}}