{"id":780,"date":"2024-09-30T03:38:22","date_gmt":"2024-09-30T03:38:22","guid":{"rendered":"https:\/\/www.qzdjm.com\/?post_type=product&#038;p=780"},"modified":"2024-11-04T09:54:03","modified_gmt":"2024-11-04T09:54:03","slug":"hydraulic-single-way-press-clay-brick-making-machine-product-image","status":"publish","type":"product","link":"https:\/\/www.qzdjm.com\/es\/producto\/hydraulic-single-way-press-clay-brick-making-machine-product-image\/","title":{"rendered":"M\u00e1quina hidr\u00e1ulica de fabricaci\u00f3n de ladrillos de arcilla de una sola prensa"},"content":{"rendered":"<p>Esta m\u00e1quina de fabricaci\u00f3n de ladrillos de arcilla de prensa hidr\u00e1ulica de una v\u00eda (m\u00e1quina de ladrillos de arcilla hidr\u00e1ulica, m\u00e1quina de ladrillos de arcilla) adopta un sistema de alimentaci\u00f3n de hormig\u00f3n de micro-vibraci\u00f3n de alta frecuencia oculto, que hace que la alimentaci\u00f3n de hormig\u00f3n sea m\u00e1s eficiente. Puede producir ladrillos est\u00e1ndar de alta resistencia con capa superficial, ladrillos de pavimento, ladrillos de imitaci\u00f3n de piedra, etc. Adopta el control PLC de marca para realizar la integraci\u00f3n y automatizaci\u00f3n de la m\u00e1quina, la electricidad y el l\u00edquido.<\/p>","protected":false},"excerpt":{"rendered":"<p>Esta m\u00e1quina de fabricaci\u00f3n de ladrillos de arcilla de prensa hidr\u00e1ulica de una v\u00eda (m\u00e1quina de ladrillos de arcilla hidr\u00e1ulica, m\u00e1quina de ladrillos de arcilla) adopta un sistema de alimentaci\u00f3n de hormig\u00f3n de micro-vibraci\u00f3n de alta frecuencia oculto, que hace que la alimentaci\u00f3n de hormig\u00f3n sea m\u00e1s eficiente. Puede producir ladrillos est\u00e1ndar de alta resistencia con capa superficial, ladrillos de pavimento, ladrillos de imitaci\u00f3n de piedra, etc. Adopta el control PLC de marca para realizar la integraci\u00f3n y automatizaci\u00f3n de la m\u00e1quina, la electricidad y el l\u00edquido.<\/p>\n<p><strong>Pago<\/strong>: TT<\/p>\n<p><strong>Origen del producto<\/strong>: CHINA<\/p>\n<p><strong>Puerto de embarque<\/strong>: XIAMEN<\/p>\n<p><strong>Plazos de entrega<\/strong>: 30 d\u00edas<\/p>\n<p><strong>Existencias<\/strong>: 5<\/p>","protected":false},"featured_media":781,"comment_status":"open","ping_status":"closed","template":"","meta":{"_acf_changed":false},"product_brand":[],"product_cat":[33],"product_tag":[],"class_list":{"0":"post-780","1":"product","2":"type-product","3":"status-publish","4":"has-post-thumbnail","6":"product_cat-hydraulic-pressure-machine","8":"first","9":"instock","10":"shipping-taxable","11":"product-type-simple"},"acf":[],"yoast_head":"<!-- This site is optimized with the Yoast SEO plugin v26.6 - https:\/\/yoast.com\/wordpress\/plugins\/seo\/ -->\n<title>Hydraulic single-way press clay brick making machine - Manufacturer of Block Making Machine | Block Moulds | Hydraulic Pressure Machine | Supporting Equipment<\/title>\n<meta name=\"description\" content=\"Hydraulic press machine, Hydraulic brick machine\uff0cclay brick making machine from China.\" \/>\n<meta name=\"robots\" content=\"index, follow, max-snippet:-1, max-image-preview:large, max-video-preview:-1\" \/>\n<link rel=\"canonical\" href=\"https:\/\/www.qzdjm.com\/es\/producto\/hydraulic-single-way-press-clay-brick-making-machine-product-image\/\" \/>\n<meta property=\"og:locale\" content=\"es_ES\" \/>\n<meta property=\"og:type\" content=\"article\" \/>\n<meta property=\"og:title\" content=\"Hydraulic single-way press clay brick making machine - Manufacturer of Block Making Machine | Block Moulds | Hydraulic Pressure Machine | Supporting Equipment\" \/>\n<meta property=\"og:description\" content=\"Hydraulic press machine, Hydraulic brick machine\uff0cclay brick making machine from China.\" \/>\n<meta property=\"og:url\" content=\"https:\/\/www.qzdjm.com\/es\/producto\/hydraulic-single-way-press-clay-brick-making-machine-product-image\/\" \/>\n<meta property=\"og:site_name\" content=\"Manufacturer of Block Making Machine | Block Moulds | Hydraulic Pressure Machine | Supporting Equipment\" \/>\n<meta property=\"article:modified_time\" content=\"2024-11-04T09:54:03+00:00\" \/>\n<meta property=\"og:image\" content=\"https:\/\/www.qzdjm.com\/wp-content\/uploads\/2024\/09\/Hydraulic-single-way-press-clay-brick-making-machine-Product-Image.jpg\" \/>\n\t<meta property=\"og:image:width\" content=\"1200\" \/>\n\t<meta property=\"og:image:height\" content=\"900\" \/>\n\t<meta property=\"og:image:type\" content=\"image\/jpeg\" \/>\n<meta name=\"twitter:card\" content=\"summary_large_image\" \/>\n<meta name=\"twitter:label1\" content=\"Tiempo de lectura\" \/>\n\t<meta name=\"twitter:data1\" content=\"1 minuto\" \/>\n<script type=\"application\/ld+json\" class=\"yoast-schema-graph\">{\"@context\":\"https:\/\/schema.org\",\"@graph\":[{\"@type\":\"WebPage\",\"@id\":\"https:\/\/www.qzdjm.com\/product\/hydraulic-single-way-press-clay-brick-making-machine-product-image\/\",\"url\":\"https:\/\/www.qzdjm.com\/product\/hydraulic-single-way-press-clay-brick-making-machine-product-image\/\",\"name\":\"Hydraulic single-way press clay brick making machine - Manufacturer of Block Making Machine | Block Moulds | Hydraulic Pressure Machine | Supporting Equipment\",\"isPartOf\":{\"@id\":\"https:\/\/www.qzdjm.com\/#website\"},\"primaryImageOfPage\":{\"@id\":\"https:\/\/www.qzdjm.com\/product\/hydraulic-single-way-press-clay-brick-making-machine-product-image\/#primaryimage\"},\"image\":{\"@id\":\"https:\/\/www.qzdjm.com\/product\/hydraulic-single-way-press-clay-brick-making-machine-product-image\/#primaryimage\"},\"thumbnailUrl\":\"https:\/\/www.qzdjm.com\/wp-content\/uploads\/2024\/09\/Hydraulic-single-way-press-clay-brick-making-machine-Product-Image.jpg\",\"datePublished\":\"2024-09-30T03:38:22+00:00\",\"dateModified\":\"2024-11-04T09:54:03+00:00\",\"description\":\"Hydraulic press machine, Hydraulic brick machine\uff0cclay brick making machine from China.\",\"breadcrumb\":{\"@id\":\"https:\/\/www.qzdjm.com\/product\/hydraulic-single-way-press-clay-brick-making-machine-product-image\/#breadcrumb\"},\"inLanguage\":\"es\",\"potentialAction\":[{\"@type\":\"ReadAction\",\"target\":[\"https:\/\/www.qzdjm.com\/product\/hydraulic-single-way-press-clay-brick-making-machine-product-image\/\"]}]},{\"@type\":\"ImageObject\",\"inLanguage\":\"es\",\"@id\":\"https:\/\/www.qzdjm.com\/product\/hydraulic-single-way-press-clay-brick-making-machine-product-image\/#primaryimage\",\"url\":\"https:\/\/www.qzdjm.com\/wp-content\/uploads\/2024\/09\/Hydraulic-single-way-press-clay-brick-making-machine-Product-Image.jpg\",\"contentUrl\":\"https:\/\/www.qzdjm.com\/wp-content\/uploads\/2024\/09\/Hydraulic-single-way-press-clay-brick-making-machine-Product-Image.jpg\",\"width\":1200,\"height\":900,\"caption\":\"Hydraulic single-way press clay brick making machine - Product Image\"},{\"@type\":\"BreadcrumbList\",\"@id\":\"https:\/\/www.qzdjm.com\/product\/hydraulic-single-way-press-clay-brick-making-machine-product-image\/#breadcrumb\",\"itemListElement\":[{\"@type\":\"ListItem\",\"position\":1,\"name\":\"Home\",\"item\":\"https:\/\/www.qzdjm.com\/\"},{\"@type\":\"ListItem\",\"position\":2,\"name\":\"Products\",\"item\":\"https:\/\/www.qzdjm.com\/products\/\"},{\"@type\":\"ListItem\",\"position\":3,\"name\":\"Hydraulic single-way press clay brick making machine\"}]},{\"@type\":\"WebSite\",\"@id\":\"https:\/\/www.qzdjm.com\/#website\",\"url\":\"https:\/\/www.qzdjm.com\/\",\"name\":\"Manufacturer of Block Making Machine | Block Moulds | Hydraulic Pressure Machine | Supporting Equipment\",\"description\":\"\",\"publisher\":{\"@id\":\"https:\/\/www.qzdjm.com\/#organization\"},\"potentialAction\":[{\"@type\":\"SearchAction\",\"target\":{\"@type\":\"EntryPoint\",\"urlTemplate\":\"https:\/\/www.qzdjm.com\/?s={search_term_string}\"},\"query-input\":{\"@type\":\"PropertyValueSpecification\",\"valueRequired\":true,\"valueName\":\"search_term_string\"}}],\"inLanguage\":\"es\"},{\"@type\":\"Organization\",\"@id\":\"https:\/\/www.qzdjm.com\/#organization\",\"name\":\"Manufacturer of Block Making Machine | Block Moulds | Hydraulic Pressure Machine | Supporting Equipment\",\"url\":\"https:\/\/www.qzdjm.com\/\",\"logo\":{\"@type\":\"ImageObject\",\"inLanguage\":\"es\",\"@id\":\"https:\/\/www.qzdjm.com\/#\/schema\/logo\/image\/\",\"url\":\"https:\/\/www.qzdjm.com\/wp-content\/uploads\/2024\/08\/DJM-logo.png\",\"contentUrl\":\"https:\/\/www.qzdjm.com\/wp-content\/uploads\/2024\/08\/DJM-logo.png\",\"width\":6992,\"height\":2278,\"caption\":\"Manufacturer of Block Making Machine | Block Moulds | Hydraulic Pressure Machine | Supporting Equipment\"},\"image\":{\"@id\":\"https:\/\/www.qzdjm.com\/#\/schema\/logo\/image\/\"}}]}<\/script>\n<!-- \/ Yoast SEO plugin. -->","yoast_head_json":{"title":"Hydraulic single-way press clay brick making machine - Manufacturer of Block Making Machine | Block Moulds | Hydraulic Pressure Machine | Supporting Equipment","description":"Hydraulic press machine, Hydraulic brick machine\uff0cclay brick making machine from China.","robots":{"index":"index","follow":"follow","max-snippet":"max-snippet:-1","max-image-preview":"max-image-preview:large","max-video-preview":"max-video-preview:-1"},"canonical":"https:\/\/www.qzdjm.com\/es\/producto\/hydraulic-single-way-press-clay-brick-making-machine-product-image\/","og_locale":"es_ES","og_type":"article","og_title":"Hydraulic single-way press clay brick making machine - Manufacturer of Block Making Machine | Block Moulds | Hydraulic Pressure Machine | Supporting Equipment","og_description":"Hydraulic press machine, Hydraulic brick machine\uff0cclay brick making machine from China.","og_url":"https:\/\/www.qzdjm.com\/es\/producto\/hydraulic-single-way-press-clay-brick-making-machine-product-image\/","og_site_name":"Manufacturer of Block Making Machine | Block Moulds | Hydraulic Pressure Machine | Supporting Equipment","article_modified_time":"2024-11-04T09:54:03+00:00","og_image":[{"width":1200,"height":900,"url":"https:\/\/www.qzdjm.com\/wp-content\/uploads\/2024\/09\/Hydraulic-single-way-press-clay-brick-making-machine-Product-Image.jpg","type":"image\/jpeg"}],"twitter_card":"summary_large_image","twitter_misc":{"Tiempo de lectura":"1 minuto"},"schema":{"@context":"https:\/\/schema.org","@graph":[{"@type":"WebPage","@id":"https:\/\/www.qzdjm.com\/product\/hydraulic-single-way-press-clay-brick-making-machine-product-image\/","url":"https:\/\/www.qzdjm.com\/product\/hydraulic-single-way-press-clay-brick-making-machine-product-image\/","name":"Hydraulic single-way press clay brick making machine - Manufacturer of Block Making Machine | Block Moulds | Hydraulic Pressure Machine | Supporting Equipment","isPartOf":{"@id":"https:\/\/www.qzdjm.com\/#website"},"primaryImageOfPage":{"@id":"https:\/\/www.qzdjm.com\/product\/hydraulic-single-way-press-clay-brick-making-machine-product-image\/#primaryimage"},"image":{"@id":"https:\/\/www.qzdjm.com\/product\/hydraulic-single-way-press-clay-brick-making-machine-product-image\/#primaryimage"},"thumbnailUrl":"https:\/\/www.qzdjm.com\/wp-content\/uploads\/2024\/09\/Hydraulic-single-way-press-clay-brick-making-machine-Product-Image.jpg","datePublished":"2024-09-30T03:38:22+00:00","dateModified":"2024-11-04T09:54:03+00:00","description":"Hydraulic press machine, Hydraulic brick machine\uff0cclay brick making machine from China.","breadcrumb":{"@id":"https:\/\/www.qzdjm.com\/product\/hydraulic-single-way-press-clay-brick-making-machine-product-image\/#breadcrumb"},"inLanguage":"es","potentialAction":[{"@type":"ReadAction","target":["https:\/\/www.qzdjm.com\/product\/hydraulic-single-way-press-clay-brick-making-machine-product-image\/"]}]},{"@type":"ImageObject","inLanguage":"es","@id":"https:\/\/www.qzdjm.com\/product\/hydraulic-single-way-press-clay-brick-making-machine-product-image\/#primaryimage","url":"https:\/\/www.qzdjm.com\/wp-content\/uploads\/2024\/09\/Hydraulic-single-way-press-clay-brick-making-machine-Product-Image.jpg","contentUrl":"https:\/\/www.qzdjm.com\/wp-content\/uploads\/2024\/09\/Hydraulic-single-way-press-clay-brick-making-machine-Product-Image.jpg","width":1200,"height":900,"caption":"Hydraulic single-way press clay brick making machine - Product Image"},{"@type":"BreadcrumbList","@id":"https:\/\/www.qzdjm.com\/product\/hydraulic-single-way-press-clay-brick-making-machine-product-image\/#breadcrumb","itemListElement":[{"@type":"ListItem","position":1,"name":"Home","item":"https:\/\/www.qzdjm.com\/"},{"@type":"ListItem","position":2,"name":"Products","item":"https:\/\/www.qzdjm.com\/products\/"},{"@type":"ListItem","position":3,"name":"Hydraulic single-way press clay brick making machine"}]},{"@type":"WebSite","@id":"https:\/\/www.qzdjm.com\/#website","url":"https:\/\/www.qzdjm.com\/","name":"Manufacturer of Block Making Machine | Block Moulds | Hydraulic Pressure Machine | Supporting Equipment","description":"","publisher":{"@id":"https:\/\/www.qzdjm.com\/#organization"},"potentialAction":[{"@type":"SearchAction","target":{"@type":"EntryPoint","urlTemplate":"https:\/\/www.qzdjm.com\/?s={search_term_string}"},"query-input":{"@type":"PropertyValueSpecification","valueRequired":true,"valueName":"search_term_string"}}],"inLanguage":"es"},{"@type":"Organization","@id":"https:\/\/www.qzdjm.com\/#organization","name":"Manufacturer of Block Making Machine | Block Moulds | Hydraulic Pressure Machine | Supporting Equipment","url":"https:\/\/www.qzdjm.com\/","logo":{"@type":"ImageObject","inLanguage":"es","@id":"https:\/\/www.qzdjm.com\/#\/schema\/logo\/image\/","url":"https:\/\/www.qzdjm.com\/wp-content\/uploads\/2024\/08\/DJM-logo.png","contentUrl":"https:\/\/www.qzdjm.com\/wp-content\/uploads\/2024\/08\/DJM-logo.png","width":6992,"height":2278,"caption":"Manufacturer of Block Making Machine | Block Moulds | Hydraulic Pressure Machine | Supporting Equipment"},"image":{"@id":"https:\/\/www.qzdjm.com\/#\/schema\/logo\/image\/"}}]}},"_links":{"self":[{"href":"https:\/\/www.qzdjm.com\/es\/wp-json\/wp\/v2\/product\/780","targetHints":{"allow":["GET"]}}],"collection":[{"href":"https:\/\/www.qzdjm.com\/es\/wp-json\/wp\/v2\/product"}],"about":[{"href":"https:\/\/www.qzdjm.com\/es\/wp-json\/wp\/v2\/types\/product"}],"replies":[{"embeddable":true,"href":"https:\/\/www.qzdjm.com\/es\/wp-json\/wp\/v2\/comments?post=780"}],"wp:featuredmedia":[{"embeddable":true,"href":"https:\/\/www.qzdjm.com\/es\/wp-json\/wp\/v2\/media\/781"}],"wp:attachment":[{"href":"https:\/\/www.qzdjm.com\/es\/wp-json\/wp\/v2\/media?parent=780"}],"wp:term":[{"taxonomy":"product_brand","embeddable":true,"href":"https:\/\/www.qzdjm.com\/es\/wp-json\/wp\/v2\/product_brand?post=780"},{"taxonomy":"product_cat","embeddable":true,"href":"https:\/\/www.qzdjm.com\/es\/wp-json\/wp\/v2\/product_cat?post=780"},{"taxonomy":"product_tag","embeddable":true,"href":"https:\/\/www.qzdjm.com\/es\/wp-json\/wp\/v2\/product_tag?post=780"}],"curies":[{"name":"wp","href":"https:\/\/api.w.org\/{rel}","templated":true}]}}