{"id":360,"date":"2024-09-16T02:32:52","date_gmt":"2024-09-16T02:32:52","guid":{"rendered":"https:\/\/www.qzdjm.com\/?post_type=product&#038;p=360"},"modified":"2024-12-06T06:21:36","modified_gmt":"2024-12-06T06:21:36","slug":"block-mould-for-block-making-machine","status":"publish","type":"product","link":"https:\/\/www.qzdjm.com\/fr\/produit\/block-mould-for-block-making-machine\/","title":{"rendered":"MOULE \u00c0 BLOC POUR MACHINE \u00c0 FABRIQUER DES BLOCS"},"content":{"rendered":"<p>Moules en acier pour blocs de b\u00e9ton Moules pour machines \u00e0 blocs, fabriqu\u00e9s en Italie 100% Prix raisonnable Les moules de DJM machinery sont fabriqu\u00e9s \u00e0 partir de mat\u00e9riaux de premi\u00e8re qualit\u00e9, que nous choisissons avec soin.<\/p>\n<p>Les surfaces expos\u00e9es \u00e0 l'usure sont en HARDOX (m\u00e9tal r\u00e9sistant \u00e0 l'usure), tandis que celles qui sont soumises \u00e0 des contraintes sont en acier alli\u00e9 sp\u00e9cial \u00e0 haute limite \u00e9lastique. Les moules sont con\u00e7us dans leurs ensembles de \"blocs vibrants\" avec un syst\u00e8me d'analyse modale par \u00e9l\u00e9ments finis ; cette proc\u00e9dure sp\u00e9ciale permet d'\u00e9liminer pratiquement les causes de rupture et d'obtenir des pi\u00e8ces fabriqu\u00e9es d'une qualit\u00e9 extr\u00eame. Chaque moule, ainsi que la machine associ\u00e9e, est test\u00e9 et certifi\u00e9 en usine sur des bancs d'essai avant la livraison afin de garantir un fonctionnement parfait et d'obtenir le plus haut niveau de certification en mati\u00e8re de qualit\u00e9 et de s\u00e9curit\u00e9.<\/p>","protected":false},"excerpt":{"rendered":"<p>BLOCK MOULD FOR BLOCK MAKING MACHINE:<\/p>\n<p>D\u00e9coupe professionnelle du fil, traitement thermique, production de moules de haute pr\u00e9cision<\/p>\n<p><strong>Num\u00e9ro d'article<\/strong>: MOULD<\/p>\n<p><strong>Paiement<\/strong>: T\/T<\/p>\n<p><strong>Origine du produit<\/strong>: QuanZhou<\/p>\n<p><strong>Port d'embarquement<\/strong>: XIAMEN,CHINE<\/p>\n<p><strong>D\u00e9lai d'ex\u00e9cution<\/strong>: 30 JOURS<\/p>\n<p><strong>Commande (MOQ)<\/strong>: 1<\/p>\n<p><strong>Stock de marchandises<\/strong>: 50<\/p>","protected":false},"featured_media":347,"comment_status":"open","ping_status":"closed","template":"","meta":{"_acf_changed":false},"product_brand":[],"product_cat":[37,38],"product_tag":[],"class_list":{"0":"post-360","1":"product","2":"type-product","3":"status-publish","4":"has-post-thumbnail","6":"product_cat-block-moulds","7":"product_cat-supporting-equipment","9":"first","10":"instock","11":"shipping-taxable","12":"product-type-simple"},"acf":[],"yoast_head":"<!-- This site is optimized with the Yoast SEO plugin v26.6 - https:\/\/yoast.com\/wordpress\/plugins\/seo\/ -->\n<title>BLOCK MOULD FOR BLOCK MAKING MACHINE - Manufacturer of Block Making Machine | Block Moulds | Hydraulic Pressure Machine | Supporting Equipment<\/title>\n<meta name=\"description\" content=\"OUR BLOCK MOULD is made 100% in Italy Reasonable price DJM machinery&#039;s moulds are made from prime quality materials, which we choose with care.\" \/>\n<meta name=\"robots\" content=\"index, follow, max-snippet:-1, max-image-preview:large, max-video-preview:-1\" \/>\n<link rel=\"canonical\" href=\"https:\/\/www.qzdjm.com\/fr\/produit\/block-mould-for-block-making-machine\/\" \/>\n<meta property=\"og:locale\" content=\"fr_FR\" \/>\n<meta property=\"og:type\" content=\"article\" \/>\n<meta property=\"og:title\" content=\"BLOCK MOULD FOR BLOCK MAKING MACHINE - Manufacturer of Block Making Machine | Block Moulds | Hydraulic Pressure Machine | Supporting Equipment\" \/>\n<meta property=\"og:description\" content=\"OUR BLOCK MOULD is made 100% in Italy Reasonable price DJM machinery&#039;s moulds are made from prime quality materials, which we choose with care.\" \/>\n<meta property=\"og:url\" content=\"https:\/\/www.qzdjm.com\/fr\/produit\/block-mould-for-block-making-machine\/\" \/>\n<meta property=\"og:site_name\" content=\"Manufacturer of Block Making Machine | Block Moulds | Hydraulic Pressure Machine | Supporting Equipment\" \/>\n<meta property=\"article:modified_time\" content=\"2024-12-06T06:21:36+00:00\" \/>\n<meta property=\"og:image\" content=\"https:\/\/www.qzdjm.com\/wp-content\/uploads\/2024\/09\/\u6a21\u51771.jpg\" \/>\n\t<meta property=\"og:image:width\" content=\"489\" \/>\n\t<meta property=\"og:image:height\" content=\"397\" \/>\n\t<meta property=\"og:image:type\" content=\"image\/jpeg\" \/>\n<meta name=\"twitter:card\" content=\"summary_large_image\" \/>\n<meta name=\"twitter:label1\" content=\"Dur\u00e9e de lecture estim\u00e9e\" \/>\n\t<meta name=\"twitter:data1\" content=\"1 minute\" \/>\n<script type=\"application\/ld+json\" class=\"yoast-schema-graph\">{\"@context\":\"https:\/\/schema.org\",\"@graph\":[{\"@type\":\"WebPage\",\"@id\":\"https:\/\/www.qzdjm.com\/product\/block-mould-for-block-making-machine\/\",\"url\":\"https:\/\/www.qzdjm.com\/product\/block-mould-for-block-making-machine\/\",\"name\":\"BLOCK MOULD FOR BLOCK MAKING MACHINE - Manufacturer of Block Making Machine | Block Moulds | Hydraulic Pressure Machine | Supporting Equipment\",\"isPartOf\":{\"@id\":\"https:\/\/www.qzdjm.com\/#website\"},\"primaryImageOfPage\":{\"@id\":\"https:\/\/www.qzdjm.com\/product\/block-mould-for-block-making-machine\/#primaryimage\"},\"image\":{\"@id\":\"https:\/\/www.qzdjm.com\/product\/block-mould-for-block-making-machine\/#primaryimage\"},\"thumbnailUrl\":\"https:\/\/www.qzdjm.com\/wp-content\/uploads\/2024\/09\/\u6a21\u51771.jpg\",\"datePublished\":\"2024-09-16T02:32:52+00:00\",\"dateModified\":\"2024-12-06T06:21:36+00:00\",\"description\":\"OUR BLOCK MOULD is made 100% in Italy Reasonable price DJM machinery's moulds are made from prime quality materials, which we choose with care.\",\"breadcrumb\":{\"@id\":\"https:\/\/www.qzdjm.com\/product\/block-mould-for-block-making-machine\/#breadcrumb\"},\"inLanguage\":\"fr-FR\",\"potentialAction\":[{\"@type\":\"ReadAction\",\"target\":[\"https:\/\/www.qzdjm.com\/product\/block-mould-for-block-making-machine\/\"]}]},{\"@type\":\"ImageObject\",\"inLanguage\":\"fr-FR\",\"@id\":\"https:\/\/www.qzdjm.com\/product\/block-mould-for-block-making-machine\/#primaryimage\",\"url\":\"https:\/\/www.qzdjm.com\/wp-content\/uploads\/2024\/09\/\u6a21\u51771.jpg\",\"contentUrl\":\"https:\/\/www.qzdjm.com\/wp-content\/uploads\/2024\/09\/\u6a21\u51771.jpg\",\"width\":489,\"height\":397,\"caption\":\"BLOCK MOULD FOR BLOCK MAKING MACHINE\"},{\"@type\":\"BreadcrumbList\",\"@id\":\"https:\/\/www.qzdjm.com\/product\/block-mould-for-block-making-machine\/#breadcrumb\",\"itemListElement\":[{\"@type\":\"ListItem\",\"position\":1,\"name\":\"Home\",\"item\":\"https:\/\/www.qzdjm.com\/\"},{\"@type\":\"ListItem\",\"position\":2,\"name\":\"Products\",\"item\":\"https:\/\/www.qzdjm.com\/products\/\"},{\"@type\":\"ListItem\",\"position\":3,\"name\":\"BLOCK MOULD FOR BLOCK MAKING MACHINE\"}]},{\"@type\":\"WebSite\",\"@id\":\"https:\/\/www.qzdjm.com\/#website\",\"url\":\"https:\/\/www.qzdjm.com\/\",\"name\":\"Manufacturer of Block Making Machine | Block Moulds | Hydraulic Pressure Machine | Supporting Equipment\",\"description\":\"\",\"publisher\":{\"@id\":\"https:\/\/www.qzdjm.com\/#organization\"},\"potentialAction\":[{\"@type\":\"SearchAction\",\"target\":{\"@type\":\"EntryPoint\",\"urlTemplate\":\"https:\/\/www.qzdjm.com\/?s={search_term_string}\"},\"query-input\":{\"@type\":\"PropertyValueSpecification\",\"valueRequired\":true,\"valueName\":\"search_term_string\"}}],\"inLanguage\":\"fr-FR\"},{\"@type\":\"Organization\",\"@id\":\"https:\/\/www.qzdjm.com\/#organization\",\"name\":\"Manufacturer of Block Making Machine | Block Moulds | Hydraulic Pressure Machine | Supporting Equipment\",\"url\":\"https:\/\/www.qzdjm.com\/\",\"logo\":{\"@type\":\"ImageObject\",\"inLanguage\":\"fr-FR\",\"@id\":\"https:\/\/www.qzdjm.com\/#\/schema\/logo\/image\/\",\"url\":\"https:\/\/www.qzdjm.com\/wp-content\/uploads\/2024\/08\/DJM-logo.png\",\"contentUrl\":\"https:\/\/www.qzdjm.com\/wp-content\/uploads\/2024\/08\/DJM-logo.png\",\"width\":6992,\"height\":2278,\"caption\":\"Manufacturer of Block Making Machine | Block Moulds | Hydraulic Pressure Machine | Supporting Equipment\"},\"image\":{\"@id\":\"https:\/\/www.qzdjm.com\/#\/schema\/logo\/image\/\"}}]}<\/script>\n<!-- \/ Yoast SEO plugin. -->","yoast_head_json":{"title":"BLOCK MOULD FOR BLOCK MAKING MACHINE - Manufacturer of Block Making Machine | Block Moulds | Hydraulic Pressure Machine | Supporting Equipment","description":"OUR BLOCK MOULD is made 100% in Italy Reasonable price DJM machinery's moulds are made from prime quality materials, which we choose with care.","robots":{"index":"index","follow":"follow","max-snippet":"max-snippet:-1","max-image-preview":"max-image-preview:large","max-video-preview":"max-video-preview:-1"},"canonical":"https:\/\/www.qzdjm.com\/fr\/produit\/block-mould-for-block-making-machine\/","og_locale":"fr_FR","og_type":"article","og_title":"BLOCK MOULD FOR BLOCK MAKING MACHINE - Manufacturer of Block Making Machine | Block Moulds | Hydraulic Pressure Machine | Supporting Equipment","og_description":"OUR BLOCK MOULD is made 100% in Italy Reasonable price DJM machinery's moulds are made from prime quality materials, which we choose with care.","og_url":"https:\/\/www.qzdjm.com\/fr\/produit\/block-mould-for-block-making-machine\/","og_site_name":"Manufacturer of Block Making Machine | Block Moulds | Hydraulic Pressure Machine | Supporting Equipment","article_modified_time":"2024-12-06T06:21:36+00:00","og_image":[{"width":489,"height":397,"url":"https:\/\/www.qzdjm.com\/wp-content\/uploads\/2024\/09\/\u6a21\u51771.jpg","type":"image\/jpeg"}],"twitter_card":"summary_large_image","twitter_misc":{"Dur\u00e9e de lecture estim\u00e9e":"1 minute"},"schema":{"@context":"https:\/\/schema.org","@graph":[{"@type":"WebPage","@id":"https:\/\/www.qzdjm.com\/product\/block-mould-for-block-making-machine\/","url":"https:\/\/www.qzdjm.com\/product\/block-mould-for-block-making-machine\/","name":"BLOCK MOULD FOR BLOCK MAKING MACHINE - Manufacturer of Block Making Machine | Block Moulds | Hydraulic Pressure Machine | Supporting Equipment","isPartOf":{"@id":"https:\/\/www.qzdjm.com\/#website"},"primaryImageOfPage":{"@id":"https:\/\/www.qzdjm.com\/product\/block-mould-for-block-making-machine\/#primaryimage"},"image":{"@id":"https:\/\/www.qzdjm.com\/product\/block-mould-for-block-making-machine\/#primaryimage"},"thumbnailUrl":"https:\/\/www.qzdjm.com\/wp-content\/uploads\/2024\/09\/\u6a21\u51771.jpg","datePublished":"2024-09-16T02:32:52+00:00","dateModified":"2024-12-06T06:21:36+00:00","description":"OUR BLOCK MOULD is made 100% in Italy Reasonable price DJM machinery's moulds are made from prime quality materials, which we choose with care.","breadcrumb":{"@id":"https:\/\/www.qzdjm.com\/product\/block-mould-for-block-making-machine\/#breadcrumb"},"inLanguage":"fr-FR","potentialAction":[{"@type":"ReadAction","target":["https:\/\/www.qzdjm.com\/product\/block-mould-for-block-making-machine\/"]}]},{"@type":"ImageObject","inLanguage":"fr-FR","@id":"https:\/\/www.qzdjm.com\/product\/block-mould-for-block-making-machine\/#primaryimage","url":"https:\/\/www.qzdjm.com\/wp-content\/uploads\/2024\/09\/\u6a21\u51771.jpg","contentUrl":"https:\/\/www.qzdjm.com\/wp-content\/uploads\/2024\/09\/\u6a21\u51771.jpg","width":489,"height":397,"caption":"BLOCK MOULD FOR BLOCK MAKING MACHINE"},{"@type":"BreadcrumbList","@id":"https:\/\/www.qzdjm.com\/product\/block-mould-for-block-making-machine\/#breadcrumb","itemListElement":[{"@type":"ListItem","position":1,"name":"Home","item":"https:\/\/www.qzdjm.com\/"},{"@type":"ListItem","position":2,"name":"Products","item":"https:\/\/www.qzdjm.com\/products\/"},{"@type":"ListItem","position":3,"name":"BLOCK MOULD FOR BLOCK MAKING MACHINE"}]},{"@type":"WebSite","@id":"https:\/\/www.qzdjm.com\/#website","url":"https:\/\/www.qzdjm.com\/","name":"Manufacturer of Block Making Machine | Block Moulds | Hydraulic Pressure Machine | Supporting Equipment","description":"","publisher":{"@id":"https:\/\/www.qzdjm.com\/#organization"},"potentialAction":[{"@type":"SearchAction","target":{"@type":"EntryPoint","urlTemplate":"https:\/\/www.qzdjm.com\/?s={search_term_string}"},"query-input":{"@type":"PropertyValueSpecification","valueRequired":true,"valueName":"search_term_string"}}],"inLanguage":"fr-FR"},{"@type":"Organization","@id":"https:\/\/www.qzdjm.com\/#organization","name":"Manufacturer of Block Making Machine | Block Moulds | Hydraulic Pressure Machine | Supporting Equipment","url":"https:\/\/www.qzdjm.com\/","logo":{"@type":"ImageObject","inLanguage":"fr-FR","@id":"https:\/\/www.qzdjm.com\/#\/schema\/logo\/image\/","url":"https:\/\/www.qzdjm.com\/wp-content\/uploads\/2024\/08\/DJM-logo.png","contentUrl":"https:\/\/www.qzdjm.com\/wp-content\/uploads\/2024\/08\/DJM-logo.png","width":6992,"height":2278,"caption":"Manufacturer of Block Making Machine | Block Moulds | Hydraulic Pressure Machine | Supporting Equipment"},"image":{"@id":"https:\/\/www.qzdjm.com\/#\/schema\/logo\/image\/"}}]}},"_links":{"self":[{"href":"https:\/\/www.qzdjm.com\/fr\/wp-json\/wp\/v2\/product\/360","targetHints":{"allow":["GET"]}}],"collection":[{"href":"https:\/\/www.qzdjm.com\/fr\/wp-json\/wp\/v2\/product"}],"about":[{"href":"https:\/\/www.qzdjm.com\/fr\/wp-json\/wp\/v2\/types\/product"}],"replies":[{"embeddable":true,"href":"https:\/\/www.qzdjm.com\/fr\/wp-json\/wp\/v2\/comments?post=360"}],"wp:featuredmedia":[{"embeddable":true,"href":"https:\/\/www.qzdjm.com\/fr\/wp-json\/wp\/v2\/media\/347"}],"wp:attachment":[{"href":"https:\/\/www.qzdjm.com\/fr\/wp-json\/wp\/v2\/media?parent=360"}],"wp:term":[{"taxonomy":"product_brand","embeddable":true,"href":"https:\/\/www.qzdjm.com\/fr\/wp-json\/wp\/v2\/product_brand?post=360"},{"taxonomy":"product_cat","embeddable":true,"href":"https:\/\/www.qzdjm.com\/fr\/wp-json\/wp\/v2\/product_cat?post=360"},{"taxonomy":"product_tag","embeddable":true,"href":"https:\/\/www.qzdjm.com\/fr\/wp-json\/wp\/v2\/product_tag?post=360"}],"curies":[{"name":"wp","href":"https:\/\/api.w.org\/{rel}","templated":true}]}}