{"id":371,"date":"2024-09-16T03:14:48","date_gmt":"2024-09-16T03:14:48","guid":{"rendered":"https:\/\/www.qzdjm.com\/?post_type=product&#038;p=371"},"modified":"2024-12-05T09:51:22","modified_gmt":"2024-12-05T09:51:22","slug":"solid-brick-making-machine-qt4-15","status":"publish","type":"product","link":"https:\/\/www.qzdjm.com\/fr\/produit\/solid-brick-making-machine-qt4-15\/","title":{"rendered":"MACHINE DE FABRICATION DE BRIQUES SOLIDES QT4-15"},"content":{"rendered":"<p>THE SOLID BRICK MAKING MACHINE QT4-15is composed of mixer, pallet conveyor, molding machine, block conveyor, hydraulic station, and electronic console(PLC).<\/p>\n<p><span class=\"magic-5\" data-spm-anchor-id=\"a2700.details.0.i66.73717848QZno5I\">Machine installation plane arrangement should according to area, product technological requirements. In principle, it should make the mixer, pallet feeding, host machine molding, conveyor, curing and pallet recycle without interfering with each other. It should make as the installation foundation drawing. <\/span><\/p>\n<div><span class=\"magic-5\">Before installation, the worker should prepare the install plan and check the dimension of the foundation according to the drawing and make sure all levelness is same with the drawing and foundation should be poured with cement.<\/span><\/div>","protected":false},"excerpt":{"rendered":"<p>MACHINE DE FABRICATION DE BLOCS QT4-15 Param\u00e8tres techniques Capacit\u00e9 Caract\u00e9ristiques et avantages Nous avons utilis\u00e9 un tampon en caoutchouc (PU) sous la bo\u00eete de secouage, ce qui permet de r\u00e9duire le bruit pendant le fonctionnement de la machine. Plus stable. Sc\u00e9narios d'application du produit Emballage et exp\u00e9dition Emballage : conteneur standard<\/p>\n<p><strong>Num\u00e9ro d'article<\/strong>: QT4-15<\/p>\n<p><strong>Paiement<\/strong>: T\/T<\/p>\n<p><strong>Origine du produit<\/strong>: QuanZhou<\/p>\n<p><strong>Port d'embarquement<\/strong>: XIAMEN,CHINE<\/p>\n<p><strong>D\u00e9lai d'ex\u00e9cution<\/strong>: 30 JOURS<\/p>\n<p><strong>Commande (MOQ)<\/strong>: 1<\/p>\n<p><strong>Stock de marchandises<\/strong>: 10<\/p>\n<p><strong>Poids du produit<\/strong>: 17200kg<\/p>","protected":false},"featured_media":372,"comment_status":"open","ping_status":"closed","template":"","meta":{"_acf_changed":false},"product_brand":[],"product_cat":[32],"product_tag":[],"class_list":{"0":"post-371","1":"product","2":"type-product","3":"status-publish","4":"has-post-thumbnail","6":"product_cat-block-making-production-line","8":"first","9":"instock","10":"shipping-taxable","11":"product-type-simple"},"acf":[],"yoast_head":"<!-- This site is optimized with the Yoast SEO plugin v26.6 - https:\/\/yoast.com\/wordpress\/plugins\/seo\/ -->\n<title>SOLID BRICK MAKING MACHINE QT4-15 - Manufacturer of Block Making Machine | Block Moulds | Hydraulic Pressure Machine | Supporting Equipment<\/title>\n<meta name=\"description\" content=\"SOLID BRICK MAKING MACHINE QT4-15 is composed of mixer, pallet conveyor, molding machine, block conveyor, hydraulic station, and electronic console(PLC).\" \/>\n<meta name=\"robots\" content=\"index, follow, max-snippet:-1, max-image-preview:large, max-video-preview:-1\" \/>\n<link rel=\"canonical\" href=\"https:\/\/www.qzdjm.com\/fr\/produit\/solid-brick-making-machine-qt4-15\/\" \/>\n<meta property=\"og:locale\" content=\"fr_FR\" \/>\n<meta property=\"og:type\" content=\"article\" \/>\n<meta property=\"og:title\" content=\"SOLID BRICK MAKING MACHINE QT4-15 - Manufacturer of Block Making Machine | Block Moulds | Hydraulic Pressure Machine | Supporting Equipment\" \/>\n<meta property=\"og:description\" content=\"SOLID BRICK MAKING MACHINE QT4-15 is composed of mixer, pallet conveyor, molding machine, block conveyor, hydraulic station, and electronic console(PLC).\" \/>\n<meta property=\"og:url\" content=\"https:\/\/www.qzdjm.com\/fr\/produit\/solid-brick-making-machine-qt4-15\/\" \/>\n<meta property=\"og:site_name\" content=\"Manufacturer of Block Making Machine | Block Moulds | Hydraulic Pressure Machine | Supporting Equipment\" \/>\n<meta property=\"article:modified_time\" content=\"2024-12-05T09:51:22+00:00\" \/>\n<meta property=\"og:image\" content=\"https:\/\/www.qzdjm.com\/wp-content\/uploads\/2024\/09\/07-CEMENT-SOLID-BRICK-MAKING-MACHINE-QT4-15.jpg\" \/>\n\t<meta property=\"og:image:width\" content=\"1200\" \/>\n\t<meta property=\"og:image:height\" content=\"900\" \/>\n\t<meta property=\"og:image:type\" content=\"image\/jpeg\" \/>\n<meta name=\"twitter:card\" content=\"summary_large_image\" \/>\n<meta name=\"twitter:label1\" content=\"Dur\u00e9e de lecture estim\u00e9e\" \/>\n\t<meta name=\"twitter:data1\" content=\"1 minute\" \/>\n<script type=\"application\/ld+json\" class=\"yoast-schema-graph\">{\"@context\":\"https:\/\/schema.org\",\"@graph\":[{\"@type\":\"WebPage\",\"@id\":\"https:\/\/www.qzdjm.com\/product\/solid-brick-making-machine-qt4-15\/\",\"url\":\"https:\/\/www.qzdjm.com\/product\/solid-brick-making-machine-qt4-15\/\",\"name\":\"SOLID BRICK MAKING MACHINE QT4-15 - Manufacturer of Block Making Machine | Block Moulds | Hydraulic Pressure Machine | Supporting Equipment\",\"isPartOf\":{\"@id\":\"https:\/\/www.qzdjm.com\/#website\"},\"primaryImageOfPage\":{\"@id\":\"https:\/\/www.qzdjm.com\/product\/solid-brick-making-machine-qt4-15\/#primaryimage\"},\"image\":{\"@id\":\"https:\/\/www.qzdjm.com\/product\/solid-brick-making-machine-qt4-15\/#primaryimage\"},\"thumbnailUrl\":\"https:\/\/www.qzdjm.com\/wp-content\/uploads\/2024\/09\/07-CEMENT-SOLID-BRICK-MAKING-MACHINE-QT4-15.jpg\",\"datePublished\":\"2024-09-16T03:14:48+00:00\",\"dateModified\":\"2024-12-05T09:51:22+00:00\",\"description\":\"SOLID BRICK MAKING MACHINE QT4-15 is composed of mixer, pallet conveyor, molding machine, block conveyor, hydraulic station, and electronic console(PLC).\",\"breadcrumb\":{\"@id\":\"https:\/\/www.qzdjm.com\/product\/solid-brick-making-machine-qt4-15\/#breadcrumb\"},\"inLanguage\":\"fr-FR\",\"potentialAction\":[{\"@type\":\"ReadAction\",\"target\":[\"https:\/\/www.qzdjm.com\/product\/solid-brick-making-machine-qt4-15\/\"]}]},{\"@type\":\"ImageObject\",\"inLanguage\":\"fr-FR\",\"@id\":\"https:\/\/www.qzdjm.com\/product\/solid-brick-making-machine-qt4-15\/#primaryimage\",\"url\":\"https:\/\/www.qzdjm.com\/wp-content\/uploads\/2024\/09\/07-CEMENT-SOLID-BRICK-MAKING-MACHINE-QT4-15.jpg\",\"contentUrl\":\"https:\/\/www.qzdjm.com\/wp-content\/uploads\/2024\/09\/07-CEMENT-SOLID-BRICK-MAKING-MACHINE-QT4-15.jpg\",\"width\":1200,\"height\":900,\"caption\":\"SOLID BRICK MAKING MACHINE QT4-15 is composed of mixer, pallet conveyor, molding machine, block conveyor, hydraulic station, and electronic console(PLC).\"},{\"@type\":\"BreadcrumbList\",\"@id\":\"https:\/\/www.qzdjm.com\/product\/solid-brick-making-machine-qt4-15\/#breadcrumb\",\"itemListElement\":[{\"@type\":\"ListItem\",\"position\":1,\"name\":\"Home\",\"item\":\"https:\/\/www.qzdjm.com\/\"},{\"@type\":\"ListItem\",\"position\":2,\"name\":\"Products\",\"item\":\"https:\/\/www.qzdjm.com\/products\/\"},{\"@type\":\"ListItem\",\"position\":3,\"name\":\"SOLID BRICK MAKING MACHINE QT4-15\"}]},{\"@type\":\"WebSite\",\"@id\":\"https:\/\/www.qzdjm.com\/#website\",\"url\":\"https:\/\/www.qzdjm.com\/\",\"name\":\"Manufacturer of Block Making Machine | Block Moulds | Hydraulic Pressure Machine | Supporting Equipment\",\"description\":\"\",\"publisher\":{\"@id\":\"https:\/\/www.qzdjm.com\/#organization\"},\"potentialAction\":[{\"@type\":\"SearchAction\",\"target\":{\"@type\":\"EntryPoint\",\"urlTemplate\":\"https:\/\/www.qzdjm.com\/?s={search_term_string}\"},\"query-input\":{\"@type\":\"PropertyValueSpecification\",\"valueRequired\":true,\"valueName\":\"search_term_string\"}}],\"inLanguage\":\"fr-FR\"},{\"@type\":\"Organization\",\"@id\":\"https:\/\/www.qzdjm.com\/#organization\",\"name\":\"Manufacturer of Block Making Machine | Block Moulds | Hydraulic Pressure Machine | Supporting Equipment\",\"url\":\"https:\/\/www.qzdjm.com\/\",\"logo\":{\"@type\":\"ImageObject\",\"inLanguage\":\"fr-FR\",\"@id\":\"https:\/\/www.qzdjm.com\/#\/schema\/logo\/image\/\",\"url\":\"https:\/\/www.qzdjm.com\/wp-content\/uploads\/2024\/08\/DJM-logo.png\",\"contentUrl\":\"https:\/\/www.qzdjm.com\/wp-content\/uploads\/2024\/08\/DJM-logo.png\",\"width\":6992,\"height\":2278,\"caption\":\"Manufacturer of Block Making Machine | Block Moulds | Hydraulic Pressure Machine | Supporting Equipment\"},\"image\":{\"@id\":\"https:\/\/www.qzdjm.com\/#\/schema\/logo\/image\/\"}}]}<\/script>\n<!-- \/ Yoast SEO plugin. -->","yoast_head_json":{"title":"SOLID BRICK MAKING MACHINE QT4-15 - Manufacturer of Block Making Machine | Block Moulds | Hydraulic Pressure Machine | Supporting Equipment","description":"SOLID BRICK MAKING MACHINE QT4-15 is composed of mixer, pallet conveyor, molding machine, block conveyor, hydraulic station, and electronic console(PLC).","robots":{"index":"index","follow":"follow","max-snippet":"max-snippet:-1","max-image-preview":"max-image-preview:large","max-video-preview":"max-video-preview:-1"},"canonical":"https:\/\/www.qzdjm.com\/fr\/produit\/solid-brick-making-machine-qt4-15\/","og_locale":"fr_FR","og_type":"article","og_title":"SOLID BRICK MAKING MACHINE QT4-15 - Manufacturer of Block Making Machine | Block Moulds | Hydraulic Pressure Machine | Supporting Equipment","og_description":"SOLID BRICK MAKING MACHINE QT4-15 is composed of mixer, pallet conveyor, molding machine, block conveyor, hydraulic station, and electronic console(PLC).","og_url":"https:\/\/www.qzdjm.com\/fr\/produit\/solid-brick-making-machine-qt4-15\/","og_site_name":"Manufacturer of Block Making Machine | Block Moulds | Hydraulic Pressure Machine | Supporting Equipment","article_modified_time":"2024-12-05T09:51:22+00:00","og_image":[{"width":1200,"height":900,"url":"https:\/\/www.qzdjm.com\/wp-content\/uploads\/2024\/09\/07-CEMENT-SOLID-BRICK-MAKING-MACHINE-QT4-15.jpg","type":"image\/jpeg"}],"twitter_card":"summary_large_image","twitter_misc":{"Dur\u00e9e de lecture estim\u00e9e":"1 minute"},"schema":{"@context":"https:\/\/schema.org","@graph":[{"@type":"WebPage","@id":"https:\/\/www.qzdjm.com\/product\/solid-brick-making-machine-qt4-15\/","url":"https:\/\/www.qzdjm.com\/product\/solid-brick-making-machine-qt4-15\/","name":"SOLID BRICK MAKING MACHINE QT4-15 - Manufacturer of Block Making Machine | Block Moulds | Hydraulic Pressure Machine | Supporting Equipment","isPartOf":{"@id":"https:\/\/www.qzdjm.com\/#website"},"primaryImageOfPage":{"@id":"https:\/\/www.qzdjm.com\/product\/solid-brick-making-machine-qt4-15\/#primaryimage"},"image":{"@id":"https:\/\/www.qzdjm.com\/product\/solid-brick-making-machine-qt4-15\/#primaryimage"},"thumbnailUrl":"https:\/\/www.qzdjm.com\/wp-content\/uploads\/2024\/09\/07-CEMENT-SOLID-BRICK-MAKING-MACHINE-QT4-15.jpg","datePublished":"2024-09-16T03:14:48+00:00","dateModified":"2024-12-05T09:51:22+00:00","description":"SOLID BRICK MAKING MACHINE QT4-15 is composed of mixer, pallet conveyor, molding machine, block conveyor, hydraulic station, and electronic console(PLC).","breadcrumb":{"@id":"https:\/\/www.qzdjm.com\/product\/solid-brick-making-machine-qt4-15\/#breadcrumb"},"inLanguage":"fr-FR","potentialAction":[{"@type":"ReadAction","target":["https:\/\/www.qzdjm.com\/product\/solid-brick-making-machine-qt4-15\/"]}]},{"@type":"ImageObject","inLanguage":"fr-FR","@id":"https:\/\/www.qzdjm.com\/product\/solid-brick-making-machine-qt4-15\/#primaryimage","url":"https:\/\/www.qzdjm.com\/wp-content\/uploads\/2024\/09\/07-CEMENT-SOLID-BRICK-MAKING-MACHINE-QT4-15.jpg","contentUrl":"https:\/\/www.qzdjm.com\/wp-content\/uploads\/2024\/09\/07-CEMENT-SOLID-BRICK-MAKING-MACHINE-QT4-15.jpg","width":1200,"height":900,"caption":"SOLID BRICK MAKING MACHINE QT4-15 is composed of mixer, pallet conveyor, molding machine, block conveyor, hydraulic station, and electronic console(PLC)."},{"@type":"BreadcrumbList","@id":"https:\/\/www.qzdjm.com\/product\/solid-brick-making-machine-qt4-15\/#breadcrumb","itemListElement":[{"@type":"ListItem","position":1,"name":"Home","item":"https:\/\/www.qzdjm.com\/"},{"@type":"ListItem","position":2,"name":"Products","item":"https:\/\/www.qzdjm.com\/products\/"},{"@type":"ListItem","position":3,"name":"SOLID BRICK MAKING MACHINE QT4-15"}]},{"@type":"WebSite","@id":"https:\/\/www.qzdjm.com\/#website","url":"https:\/\/www.qzdjm.com\/","name":"Manufacturer of Block Making Machine | Block Moulds | Hydraulic Pressure Machine | Supporting Equipment","description":"","publisher":{"@id":"https:\/\/www.qzdjm.com\/#organization"},"potentialAction":[{"@type":"SearchAction","target":{"@type":"EntryPoint","urlTemplate":"https:\/\/www.qzdjm.com\/?s={search_term_string}"},"query-input":{"@type":"PropertyValueSpecification","valueRequired":true,"valueName":"search_term_string"}}],"inLanguage":"fr-FR"},{"@type":"Organization","@id":"https:\/\/www.qzdjm.com\/#organization","name":"Manufacturer of Block Making Machine | Block Moulds | Hydraulic Pressure Machine | Supporting Equipment","url":"https:\/\/www.qzdjm.com\/","logo":{"@type":"ImageObject","inLanguage":"fr-FR","@id":"https:\/\/www.qzdjm.com\/#\/schema\/logo\/image\/","url":"https:\/\/www.qzdjm.com\/wp-content\/uploads\/2024\/08\/DJM-logo.png","contentUrl":"https:\/\/www.qzdjm.com\/wp-content\/uploads\/2024\/08\/DJM-logo.png","width":6992,"height":2278,"caption":"Manufacturer of Block Making Machine | Block Moulds | Hydraulic Pressure Machine | Supporting Equipment"},"image":{"@id":"https:\/\/www.qzdjm.com\/#\/schema\/logo\/image\/"}}]}},"_links":{"self":[{"href":"https:\/\/www.qzdjm.com\/fr\/wp-json\/wp\/v2\/product\/371","targetHints":{"allow":["GET"]}}],"collection":[{"href":"https:\/\/www.qzdjm.com\/fr\/wp-json\/wp\/v2\/product"}],"about":[{"href":"https:\/\/www.qzdjm.com\/fr\/wp-json\/wp\/v2\/types\/product"}],"replies":[{"embeddable":true,"href":"https:\/\/www.qzdjm.com\/fr\/wp-json\/wp\/v2\/comments?post=371"}],"wp:featuredmedia":[{"embeddable":true,"href":"https:\/\/www.qzdjm.com\/fr\/wp-json\/wp\/v2\/media\/372"}],"wp:attachment":[{"href":"https:\/\/www.qzdjm.com\/fr\/wp-json\/wp\/v2\/media?parent=371"}],"wp:term":[{"taxonomy":"product_brand","embeddable":true,"href":"https:\/\/www.qzdjm.com\/fr\/wp-json\/wp\/v2\/product_brand?post=371"},{"taxonomy":"product_cat","embeddable":true,"href":"https:\/\/www.qzdjm.com\/fr\/wp-json\/wp\/v2\/product_cat?post=371"},{"taxonomy":"product_tag","embeddable":true,"href":"https:\/\/www.qzdjm.com\/fr\/wp-json\/wp\/v2\/product_tag?post=371"}],"curies":[{"name":"wp","href":"https:\/\/api.w.org\/{rel}","templated":true}]}}