{"id":381,"date":"2024-09-16T03:39:13","date_gmt":"2024-09-16T03:39:13","guid":{"rendered":"https:\/\/www.qzdjm.com\/?post_type=product&#038;p=381"},"modified":"2024-12-05T09:45:34","modified_gmt":"2024-12-05T09:45:34","slug":"block-cuber-system","status":"publish","type":"product","link":"https:\/\/www.qzdjm.com\/fr\/produit\/block-cuber-system\/","title":{"rendered":"SYST\u00c8ME DE CUBAGE PAR BLOCS"},"content":{"rendered":"<p>Ce syst\u00e8me de cubage automatique est principalement utilis\u00e9 pour fournir un service d'empilage de blocs et de paquets de briques automatiquement dans la ligne de production de blocs de b\u00e9ton.<\/p>\n<p>Ce syst\u00e8me robotis\u00e9 d'emballage de blocs am\u00e9liorera consid\u00e9rablement l'efficacit\u00e9 de la ligne de production de blocs.<\/p>","protected":false},"excerpt":{"rendered":"<p>DJ-G1200 Syst\u00e8me de cubage simple Il convient aux briques durcies d'une palette apr\u00e8s que la combinaison est proche d'un carr\u00e9 ou que les deux palettes sont fusionn\u00e9es pr\u00e8s d'un carr\u00e9 sans qu'il soit n\u00e9cessaire de s\u00e9parer les briques.L'\u00e9quipement comprend un alimentateur de palettes, une \u00e9l\u00e9vation, un pousseur, un empileur \u00e0 portique, un convoyeur \u00e0 cha\u00eene robuste, un syst\u00e8me de contr\u00f4le \u00e9lectrique et un syst\u00e8me hydraulique.<\/p>\n<p>Il s'agit d'une de nos machines d'empilage de blocs de b\u00e9ton haut de gamme. Pendant la production, il n'est pas n\u00e9cessaire de faire empiler les blocs ou les palettes par des ouvriers. Il s'agit d'un syst\u00e8me enti\u00e8rement automatique d'empilage de blocs et de cubes de briques qui empile imm\u00e9diatement les blocs et les palettes. Seuls 2 ou 3 ouvriers peuvent faire fonctionner correctement la ligne de production de palettisation de blocs, ce qui vous permet d'\u00e9conomiser les co\u00fbts de cubage des blocs, d'empilage des palettes et de main-d'\u0153uvre pour l'empilage. Il s'agit d'un mod\u00e8le sp\u00e9cialement destin\u00e9 \u00e0 l'exportation, qui pr\u00e9sente la meilleure configuration et la meilleure inspection de qualit\u00e9. Il s'agit d'une machine de fabrication de blocs, d'un palettiseur ou d'un cubeur de blocs aux performances et \u00e0 la consommation d'\u00e9nergie \u00e9lev\u00e9es.<\/p>\n<p><strong>Num\u00e9ro d'article<\/strong>DJ-G1200<\/p>\n<p><strong>Paiement<\/strong>: T\/T<\/p>\n<p><strong>Origine du produit<\/strong>: QuanZhou<\/p>\n<p><strong>Port d'embarquement<\/strong>: XIAMEN,CHINE<\/p>\n<p><strong>D\u00e9lai d'ex\u00e9cution<\/strong>: 30 JOURS<\/p>\n<p><strong>Commande (MOQ)<\/strong>: 1<\/p>\n<p><strong>Stock de marchandises<\/strong>: 10<\/p>\n<p><strong>Poids du produit<\/strong>: 1000kg<\/p>","protected":false},"featured_media":398,"comment_status":"open","ping_status":"closed","template":"","meta":{"_acf_changed":false},"product_brand":[],"product_cat":[35],"product_tag":[],"class_list":{"0":"post-381","1":"product","2":"type-product","3":"status-publish","4":"has-post-thumbnail","6":"product_cat-palletizingcuber-system","8":"first","9":"instock","10":"shipping-taxable","11":"product-type-simple"},"acf":[],"yoast_head":"<!-- This site is optimized with the Yoast SEO plugin v26.6 - https:\/\/yoast.com\/wordpress\/plugins\/seo\/ -->\n<title>BLOCK CUBER SYSTEM - Manufacturer of Block Making Machine | Block Moulds | Hydraulic Pressure Machine | Supporting Equipment<\/title>\n<meta name=\"description\" content=\"This automatic block cuber system is mainly used to provide service of stacking blocks and bundle of bricks automatically in concrete block production line.\" \/>\n<meta name=\"robots\" content=\"index, follow, max-snippet:-1, max-image-preview:large, max-video-preview:-1\" \/>\n<link rel=\"canonical\" href=\"https:\/\/www.qzdjm.com\/fr\/produit\/block-cuber-system\/\" \/>\n<meta property=\"og:locale\" content=\"fr_FR\" \/>\n<meta property=\"og:type\" content=\"article\" \/>\n<meta property=\"og:title\" content=\"BLOCK CUBER SYSTEM - Manufacturer of Block Making Machine | Block Moulds | Hydraulic Pressure Machine | Supporting Equipment\" \/>\n<meta property=\"og:description\" content=\"This automatic block cuber system is mainly used to provide service of stacking blocks and bundle of bricks automatically in concrete block production line.\" \/>\n<meta property=\"og:url\" content=\"https:\/\/www.qzdjm.com\/fr\/produit\/block-cuber-system\/\" \/>\n<meta property=\"og:site_name\" content=\"Manufacturer of Block Making Machine | Block Moulds | Hydraulic Pressure Machine | Supporting Equipment\" \/>\n<meta property=\"article:modified_time\" content=\"2024-12-05T09:45:34+00:00\" \/>\n<meta property=\"og:image\" content=\"https:\/\/www.qzdjm.com\/wp-content\/uploads\/2024\/09\/01-BLOCK-MACHINE-HIGH-LEVEL-PALLETIZING-SYSTEM.jpg\" \/>\n\t<meta property=\"og:image:width\" content=\"1200\" \/>\n\t<meta property=\"og:image:height\" content=\"900\" \/>\n\t<meta property=\"og:image:type\" content=\"image\/jpeg\" \/>\n<meta name=\"twitter:card\" content=\"summary_large_image\" \/>\n<meta name=\"twitter:label1\" content=\"Dur\u00e9e de lecture estim\u00e9e\" \/>\n\t<meta name=\"twitter:data1\" content=\"1 minute\" \/>\n<script type=\"application\/ld+json\" class=\"yoast-schema-graph\">{\"@context\":\"https:\/\/schema.org\",\"@graph\":[{\"@type\":\"WebPage\",\"@id\":\"https:\/\/www.qzdjm.com\/product\/block-cuber-system\/\",\"url\":\"https:\/\/www.qzdjm.com\/product\/block-cuber-system\/\",\"name\":\"BLOCK CUBER SYSTEM - Manufacturer of Block Making Machine | Block Moulds | Hydraulic Pressure Machine | Supporting Equipment\",\"isPartOf\":{\"@id\":\"https:\/\/www.qzdjm.com\/#website\"},\"primaryImageOfPage\":{\"@id\":\"https:\/\/www.qzdjm.com\/product\/block-cuber-system\/#primaryimage\"},\"image\":{\"@id\":\"https:\/\/www.qzdjm.com\/product\/block-cuber-system\/#primaryimage\"},\"thumbnailUrl\":\"https:\/\/www.qzdjm.com\/wp-content\/uploads\/2024\/09\/01-BLOCK-MACHINE-HIGH-LEVEL-PALLETIZING-SYSTEM.jpg\",\"datePublished\":\"2024-09-16T03:39:13+00:00\",\"dateModified\":\"2024-12-05T09:45:34+00:00\",\"description\":\"This automatic block cuber system is mainly used to provide service of stacking blocks and bundle of bricks automatically in concrete block production line.\",\"breadcrumb\":{\"@id\":\"https:\/\/www.qzdjm.com\/product\/block-cuber-system\/#breadcrumb\"},\"inLanguage\":\"fr-FR\",\"potentialAction\":[{\"@type\":\"ReadAction\",\"target\":[\"https:\/\/www.qzdjm.com\/product\/block-cuber-system\/\"]}]},{\"@type\":\"ImageObject\",\"inLanguage\":\"fr-FR\",\"@id\":\"https:\/\/www.qzdjm.com\/product\/block-cuber-system\/#primaryimage\",\"url\":\"https:\/\/www.qzdjm.com\/wp-content\/uploads\/2024\/09\/01-BLOCK-MACHINE-HIGH-LEVEL-PALLETIZING-SYSTEM.jpg\",\"contentUrl\":\"https:\/\/www.qzdjm.com\/wp-content\/uploads\/2024\/09\/01-BLOCK-MACHINE-HIGH-LEVEL-PALLETIZING-SYSTEM.jpg\",\"width\":1200,\"height\":900,\"caption\":\"This automatic block cuber system is mainly used to provide service of stacking blocks and bundle of bricks automatically in concrete block production line.\"},{\"@type\":\"BreadcrumbList\",\"@id\":\"https:\/\/www.qzdjm.com\/product\/block-cuber-system\/#breadcrumb\",\"itemListElement\":[{\"@type\":\"ListItem\",\"position\":1,\"name\":\"Home\",\"item\":\"https:\/\/www.qzdjm.com\/\"},{\"@type\":\"ListItem\",\"position\":2,\"name\":\"Products\",\"item\":\"https:\/\/www.qzdjm.com\/products\/\"},{\"@type\":\"ListItem\",\"position\":3,\"name\":\"BLOCK CUBER SYSTEM\"}]},{\"@type\":\"WebSite\",\"@id\":\"https:\/\/www.qzdjm.com\/#website\",\"url\":\"https:\/\/www.qzdjm.com\/\",\"name\":\"Manufacturer of Block Making Machine | Block Moulds | Hydraulic Pressure Machine | Supporting Equipment\",\"description\":\"\",\"publisher\":{\"@id\":\"https:\/\/www.qzdjm.com\/#organization\"},\"potentialAction\":[{\"@type\":\"SearchAction\",\"target\":{\"@type\":\"EntryPoint\",\"urlTemplate\":\"https:\/\/www.qzdjm.com\/?s={search_term_string}\"},\"query-input\":{\"@type\":\"PropertyValueSpecification\",\"valueRequired\":true,\"valueName\":\"search_term_string\"}}],\"inLanguage\":\"fr-FR\"},{\"@type\":\"Organization\",\"@id\":\"https:\/\/www.qzdjm.com\/#organization\",\"name\":\"Manufacturer of Block Making Machine | Block Moulds | Hydraulic Pressure Machine | Supporting Equipment\",\"url\":\"https:\/\/www.qzdjm.com\/\",\"logo\":{\"@type\":\"ImageObject\",\"inLanguage\":\"fr-FR\",\"@id\":\"https:\/\/www.qzdjm.com\/#\/schema\/logo\/image\/\",\"url\":\"https:\/\/www.qzdjm.com\/wp-content\/uploads\/2024\/08\/DJM-logo.png\",\"contentUrl\":\"https:\/\/www.qzdjm.com\/wp-content\/uploads\/2024\/08\/DJM-logo.png\",\"width\":6992,\"height\":2278,\"caption\":\"Manufacturer of Block Making Machine | Block Moulds | Hydraulic Pressure Machine | Supporting Equipment\"},\"image\":{\"@id\":\"https:\/\/www.qzdjm.com\/#\/schema\/logo\/image\/\"}}]}<\/script>\n<!-- \/ Yoast SEO plugin. -->","yoast_head_json":{"title":"BLOCK CUBER SYSTEM - Manufacturer of Block Making Machine | Block Moulds | Hydraulic Pressure Machine | Supporting Equipment","description":"Ce syst\u00e8me de cubage automatique est principalement utilis\u00e9 pour fournir un service d'empilage de blocs et de paquets de briques automatiquement dans la ligne de production de blocs de b\u00e9ton.","robots":{"index":"index","follow":"follow","max-snippet":"max-snippet:-1","max-image-preview":"max-image-preview:large","max-video-preview":"max-video-preview:-1"},"canonical":"https:\/\/www.qzdjm.com\/fr\/produit\/block-cuber-system\/","og_locale":"fr_FR","og_type":"article","og_title":"BLOCK CUBER SYSTEM - Manufacturer of Block Making Machine | Block Moulds | Hydraulic Pressure Machine | Supporting Equipment","og_description":"This automatic block cuber system is mainly used to provide service of stacking blocks and bundle of bricks automatically in concrete block production line.","og_url":"https:\/\/www.qzdjm.com\/fr\/produit\/block-cuber-system\/","og_site_name":"Manufacturer of Block Making Machine | Block Moulds | Hydraulic Pressure Machine | Supporting Equipment","article_modified_time":"2024-12-05T09:45:34+00:00","og_image":[{"width":1200,"height":900,"url":"https:\/\/www.qzdjm.com\/wp-content\/uploads\/2024\/09\/01-BLOCK-MACHINE-HIGH-LEVEL-PALLETIZING-SYSTEM.jpg","type":"image\/jpeg"}],"twitter_card":"summary_large_image","twitter_misc":{"Dur\u00e9e de lecture estim\u00e9e":"1 minute"},"schema":{"@context":"https:\/\/schema.org","@graph":[{"@type":"WebPage","@id":"https:\/\/www.qzdjm.com\/product\/block-cuber-system\/","url":"https:\/\/www.qzdjm.com\/product\/block-cuber-system\/","name":"BLOCK CUBER SYSTEM - Manufacturer of Block Making Machine | Block Moulds | Hydraulic Pressure Machine | Supporting Equipment","isPartOf":{"@id":"https:\/\/www.qzdjm.com\/#website"},"primaryImageOfPage":{"@id":"https:\/\/www.qzdjm.com\/product\/block-cuber-system\/#primaryimage"},"image":{"@id":"https:\/\/www.qzdjm.com\/product\/block-cuber-system\/#primaryimage"},"thumbnailUrl":"https:\/\/www.qzdjm.com\/wp-content\/uploads\/2024\/09\/01-BLOCK-MACHINE-HIGH-LEVEL-PALLETIZING-SYSTEM.jpg","datePublished":"2024-09-16T03:39:13+00:00","dateModified":"2024-12-05T09:45:34+00:00","description":"Ce syst\u00e8me de cubage automatique est principalement utilis\u00e9 pour fournir un service d'empilage de blocs et de paquets de briques automatiquement dans la ligne de production de blocs de b\u00e9ton.","breadcrumb":{"@id":"https:\/\/www.qzdjm.com\/product\/block-cuber-system\/#breadcrumb"},"inLanguage":"fr-FR","potentialAction":[{"@type":"ReadAction","target":["https:\/\/www.qzdjm.com\/product\/block-cuber-system\/"]}]},{"@type":"ImageObject","inLanguage":"fr-FR","@id":"https:\/\/www.qzdjm.com\/product\/block-cuber-system\/#primaryimage","url":"https:\/\/www.qzdjm.com\/wp-content\/uploads\/2024\/09\/01-BLOCK-MACHINE-HIGH-LEVEL-PALLETIZING-SYSTEM.jpg","contentUrl":"https:\/\/www.qzdjm.com\/wp-content\/uploads\/2024\/09\/01-BLOCK-MACHINE-HIGH-LEVEL-PALLETIZING-SYSTEM.jpg","width":1200,"height":900,"caption":"This automatic block cuber system is mainly used to provide service of stacking blocks and bundle of bricks automatically in concrete block production line."},{"@type":"BreadcrumbList","@id":"https:\/\/www.qzdjm.com\/product\/block-cuber-system\/#breadcrumb","itemListElement":[{"@type":"ListItem","position":1,"name":"Home","item":"https:\/\/www.qzdjm.com\/"},{"@type":"ListItem","position":2,"name":"Products","item":"https:\/\/www.qzdjm.com\/products\/"},{"@type":"ListItem","position":3,"name":"BLOCK CUBER SYSTEM"}]},{"@type":"WebSite","@id":"https:\/\/www.qzdjm.com\/#website","url":"https:\/\/www.qzdjm.com\/","name":"Manufacturer of Block Making Machine | Block Moulds | Hydraulic Pressure Machine | Supporting Equipment","description":"","publisher":{"@id":"https:\/\/www.qzdjm.com\/#organization"},"potentialAction":[{"@type":"SearchAction","target":{"@type":"EntryPoint","urlTemplate":"https:\/\/www.qzdjm.com\/?s={search_term_string}"},"query-input":{"@type":"PropertyValueSpecification","valueRequired":true,"valueName":"search_term_string"}}],"inLanguage":"fr-FR"},{"@type":"Organization","@id":"https:\/\/www.qzdjm.com\/#organization","name":"Manufacturer of Block Making Machine | Block Moulds | Hydraulic Pressure Machine | Supporting Equipment","url":"https:\/\/www.qzdjm.com\/","logo":{"@type":"ImageObject","inLanguage":"fr-FR","@id":"https:\/\/www.qzdjm.com\/#\/schema\/logo\/image\/","url":"https:\/\/www.qzdjm.com\/wp-content\/uploads\/2024\/08\/DJM-logo.png","contentUrl":"https:\/\/www.qzdjm.com\/wp-content\/uploads\/2024\/08\/DJM-logo.png","width":6992,"height":2278,"caption":"Manufacturer of Block Making Machine | Block Moulds | Hydraulic Pressure Machine | Supporting Equipment"},"image":{"@id":"https:\/\/www.qzdjm.com\/#\/schema\/logo\/image\/"}}]}},"_links":{"self":[{"href":"https:\/\/www.qzdjm.com\/fr\/wp-json\/wp\/v2\/product\/381","targetHints":{"allow":["GET"]}}],"collection":[{"href":"https:\/\/www.qzdjm.com\/fr\/wp-json\/wp\/v2\/product"}],"about":[{"href":"https:\/\/www.qzdjm.com\/fr\/wp-json\/wp\/v2\/types\/product"}],"replies":[{"embeddable":true,"href":"https:\/\/www.qzdjm.com\/fr\/wp-json\/wp\/v2\/comments?post=381"}],"wp:featuredmedia":[{"embeddable":true,"href":"https:\/\/www.qzdjm.com\/fr\/wp-json\/wp\/v2\/media\/398"}],"wp:attachment":[{"href":"https:\/\/www.qzdjm.com\/fr\/wp-json\/wp\/v2\/media?parent=381"}],"wp:term":[{"taxonomy":"product_brand","embeddable":true,"href":"https:\/\/www.qzdjm.com\/fr\/wp-json\/wp\/v2\/product_brand?post=381"},{"taxonomy":"product_cat","embeddable":true,"href":"https:\/\/www.qzdjm.com\/fr\/wp-json\/wp\/v2\/product_cat?post=381"},{"taxonomy":"product_tag","embeddable":true,"href":"https:\/\/www.qzdjm.com\/fr\/wp-json\/wp\/v2\/product_tag?post=381"}],"curies":[{"name":"wp","href":"https:\/\/api.w.org\/{rel}","templated":true}]}}