{"id":391,"date":"2024-09-16T03:47:27","date_gmt":"2024-09-16T03:47:27","guid":{"rendered":"https:\/\/www.qzdjm.com\/?post_type=product&#038;p=391"},"modified":"2025-06-06T09:30:19","modified_gmt":"2025-06-06T09:30:19","slug":"fully-automatic-low-level-palletizing-system","status":"publish","type":"product","link":"https:\/\/www.qzdjm.com\/fr\/produit\/fully-automatic-low-level-palletizing-system\/","title":{"rendered":"SYST\u00c8ME DE PALETTISATION ENTI\u00c8REMENT AUTOMATIQUE"},"content":{"rendered":"<p>Le syst\u00e8me de cubage automatique DJ-D1200 convient aux briques durcies d'une palette apr\u00e8s que la combinaison est proche d'un carr\u00e9 ou que les deux palettes sont fusionn\u00e9es pr\u00e8s d'un carr\u00e9, sans qu'il soit n\u00e9cessaire de s\u00e9parer les briques.<\/p>\n<p>L'\u00e9quipement comprend un chargeur de palettes, un \u00e9l\u00e9vateur, un pousseur, un gerbeur \u00e0 portique, un convoyeur \u00e0 cha\u00eene robuste, un syst\u00e8me de contr\u00f4le \u00e9lectrique et un syst\u00e8me hydraulique.<\/p>","protected":false},"excerpt":{"rendered":"<p>DJ-D1200 Syst\u00e8me de cubage automatique Il convient aux briques durcies d'une palette apr\u00e8s que la combinaison est proche d'un carr\u00e9 ou que les deux palettes sont fusionn\u00e9es pr\u00e8s d'un carr\u00e9, sans qu'il soit n\u00e9cessaire de s\u00e9parer les briques.L'\u00e9quipement comprend un alimentateur de palettes, une \u00e9l\u00e9vation, un pousseur, un empileur \u00e0 portique, un convoyeur \u00e0 cha\u00eene robuste, un syst\u00e8me de contr\u00f4le \u00e9lectrique et un syst\u00e8me hydraulique.<\/p>\n<p><strong>Num\u00e9ro d'article<\/strong>: DJ-D1200<\/p>\n<p><strong>Paiement<\/strong>: T\/T<\/p>\n<p><strong>Origine du produit<\/strong>: QuanZhou<\/p>\n<p><strong>Port d'embarquement<\/strong>: XIAMEN,CHINE<\/p>\n<p><strong>D\u00e9lai d'ex\u00e9cution<\/strong>: 45 JOURS<\/p>\n<p><strong>Commande (MOQ)<\/strong>: 1<\/p>\n<p><strong>Stock de marchandises<\/strong>: 5<\/p>","protected":false},"featured_media":397,"comment_status":"open","ping_status":"closed","template":"","meta":{"_acf_changed":false},"product_brand":[],"product_cat":[35],"product_tag":[],"class_list":{"0":"post-391","1":"product","2":"type-product","3":"status-publish","4":"has-post-thumbnail","6":"product_cat-palletizingcuber-system","8":"first","9":"instock","10":"shipping-taxable","11":"product-type-simple"},"acf":[],"yoast_head":"<!-- This site is optimized with the Yoast SEO plugin v26.6 - https:\/\/yoast.com\/wordpress\/plugins\/seo\/ -->\n<title>FULLY AUTOMATIC PALLETIZING SYSTEM - Manufacturer of Block Making Machine | Block Moulds | Hydraulic Pressure Machine | Supporting Equipment<\/title>\n<meta name=\"description\" content=\"Automatic Cuber System is a automatic separate the blocks and pallet and cuber the block to a stack, Save labor costs and improve production efficiency.\" \/>\n<meta name=\"robots\" content=\"index, follow, max-snippet:-1, max-image-preview:large, max-video-preview:-1\" \/>\n<link rel=\"canonical\" href=\"https:\/\/www.qzdjm.com\/fr\/produit\/fully-automatic-low-level-palletizing-system\/\" \/>\n<meta property=\"og:locale\" content=\"fr_FR\" \/>\n<meta property=\"og:type\" content=\"article\" \/>\n<meta property=\"og:title\" content=\"FULLY AUTOMATIC PALLETIZING SYSTEM - Manufacturer of Block Making Machine | Block Moulds | Hydraulic Pressure Machine | Supporting Equipment\" \/>\n<meta property=\"og:description\" content=\"Automatic Cuber System is a automatic separate the blocks and pallet and cuber the block to a stack, Save labor costs and improve production efficiency.\" \/>\n<meta property=\"og:url\" content=\"https:\/\/www.qzdjm.com\/fr\/produit\/fully-automatic-low-level-palletizing-system\/\" \/>\n<meta property=\"og:site_name\" content=\"Manufacturer of Block Making Machine | Block Moulds | Hydraulic Pressure Machine | Supporting Equipment\" \/>\n<meta property=\"article:modified_time\" content=\"2025-06-06T09:30:19+00:00\" \/>\n<meta property=\"og:image\" content=\"https:\/\/www.qzdjm.com\/wp-content\/uploads\/2024\/09\/03-FULLY-AUTOMATIC-LOW-LEVEL-PALLETIZING-SYSTEM.jpg\" \/>\n\t<meta property=\"og:image:width\" content=\"1200\" \/>\n\t<meta property=\"og:image:height\" content=\"900\" \/>\n\t<meta property=\"og:image:type\" content=\"image\/jpeg\" \/>\n<meta name=\"twitter:card\" content=\"summary_large_image\" \/>\n<meta name=\"twitter:label1\" content=\"Dur\u00e9e de lecture estim\u00e9e\" \/>\n\t<meta name=\"twitter:data1\" content=\"1 minute\" \/>\n<script type=\"application\/ld+json\" class=\"yoast-schema-graph\">{\"@context\":\"https:\/\/schema.org\",\"@graph\":[{\"@type\":\"WebPage\",\"@id\":\"https:\/\/www.qzdjm.com\/product\/fully-automatic-low-level-palletizing-system\/\",\"url\":\"https:\/\/www.qzdjm.com\/product\/fully-automatic-low-level-palletizing-system\/\",\"name\":\"FULLY AUTOMATIC PALLETIZING SYSTEM - Manufacturer of Block Making Machine | Block Moulds | Hydraulic Pressure Machine | Supporting Equipment\",\"isPartOf\":{\"@id\":\"https:\/\/www.qzdjm.com\/#website\"},\"primaryImageOfPage\":{\"@id\":\"https:\/\/www.qzdjm.com\/product\/fully-automatic-low-level-palletizing-system\/#primaryimage\"},\"image\":{\"@id\":\"https:\/\/www.qzdjm.com\/product\/fully-automatic-low-level-palletizing-system\/#primaryimage\"},\"thumbnailUrl\":\"https:\/\/www.qzdjm.com\/wp-content\/uploads\/2024\/09\/03-FULLY-AUTOMATIC-LOW-LEVEL-PALLETIZING-SYSTEM.jpg\",\"datePublished\":\"2024-09-16T03:47:27+00:00\",\"dateModified\":\"2025-06-06T09:30:19+00:00\",\"description\":\"Automatic Cuber System is a automatic separate the blocks and pallet and cuber the block to a stack, Save labor costs and improve production efficiency.\",\"breadcrumb\":{\"@id\":\"https:\/\/www.qzdjm.com\/product\/fully-automatic-low-level-palletizing-system\/#breadcrumb\"},\"inLanguage\":\"fr-FR\",\"potentialAction\":[{\"@type\":\"ReadAction\",\"target\":[\"https:\/\/www.qzdjm.com\/product\/fully-automatic-low-level-palletizing-system\/\"]}]},{\"@type\":\"ImageObject\",\"inLanguage\":\"fr-FR\",\"@id\":\"https:\/\/www.qzdjm.com\/product\/fully-automatic-low-level-palletizing-system\/#primaryimage\",\"url\":\"https:\/\/www.qzdjm.com\/wp-content\/uploads\/2024\/09\/03-FULLY-AUTOMATIC-LOW-LEVEL-PALLETIZING-SYSTEM.jpg\",\"contentUrl\":\"https:\/\/www.qzdjm.com\/wp-content\/uploads\/2024\/09\/03-FULLY-AUTOMATIC-LOW-LEVEL-PALLETIZING-SYSTEM.jpg\",\"width\":1200,\"height\":900,\"caption\":\"Automatic Cuber System\"},{\"@type\":\"BreadcrumbList\",\"@id\":\"https:\/\/www.qzdjm.com\/product\/fully-automatic-low-level-palletizing-system\/#breadcrumb\",\"itemListElement\":[{\"@type\":\"ListItem\",\"position\":1,\"name\":\"Home\",\"item\":\"https:\/\/www.qzdjm.com\/\"},{\"@type\":\"ListItem\",\"position\":2,\"name\":\"Products\",\"item\":\"https:\/\/www.qzdjm.com\/products\/\"},{\"@type\":\"ListItem\",\"position\":3,\"name\":\"FULLY AUTOMATIC PALLETIZING SYSTEM\"}]},{\"@type\":\"WebSite\",\"@id\":\"https:\/\/www.qzdjm.com\/#website\",\"url\":\"https:\/\/www.qzdjm.com\/\",\"name\":\"Manufacturer of Block Making Machine | Block Moulds | Hydraulic Pressure Machine | Supporting Equipment\",\"description\":\"\",\"publisher\":{\"@id\":\"https:\/\/www.qzdjm.com\/#organization\"},\"potentialAction\":[{\"@type\":\"SearchAction\",\"target\":{\"@type\":\"EntryPoint\",\"urlTemplate\":\"https:\/\/www.qzdjm.com\/?s={search_term_string}\"},\"query-input\":{\"@type\":\"PropertyValueSpecification\",\"valueRequired\":true,\"valueName\":\"search_term_string\"}}],\"inLanguage\":\"fr-FR\"},{\"@type\":\"Organization\",\"@id\":\"https:\/\/www.qzdjm.com\/#organization\",\"name\":\"Manufacturer of Block Making Machine | Block Moulds | Hydraulic Pressure Machine | Supporting Equipment\",\"url\":\"https:\/\/www.qzdjm.com\/\",\"logo\":{\"@type\":\"ImageObject\",\"inLanguage\":\"fr-FR\",\"@id\":\"https:\/\/www.qzdjm.com\/#\/schema\/logo\/image\/\",\"url\":\"https:\/\/www.qzdjm.com\/wp-content\/uploads\/2024\/08\/DJM-logo.png\",\"contentUrl\":\"https:\/\/www.qzdjm.com\/wp-content\/uploads\/2024\/08\/DJM-logo.png\",\"width\":6992,\"height\":2278,\"caption\":\"Manufacturer of Block Making Machine | Block Moulds | Hydraulic Pressure Machine | Supporting Equipment\"},\"image\":{\"@id\":\"https:\/\/www.qzdjm.com\/#\/schema\/logo\/image\/\"}}]}<\/script>\n<!-- \/ Yoast SEO plugin. -->","yoast_head_json":{"title":"FULLY AUTOMATIC PALLETIZING SYSTEM - Manufacturer of Block Making Machine | Block Moulds | Hydraulic Pressure Machine | Supporting Equipment","description":"Automatic Cuber System is a automatic separate the blocks and pallet and cuber the block to a stack, Save labor costs and improve production efficiency.","robots":{"index":"index","follow":"follow","max-snippet":"max-snippet:-1","max-image-preview":"max-image-preview:large","max-video-preview":"max-video-preview:-1"},"canonical":"https:\/\/www.qzdjm.com\/fr\/produit\/fully-automatic-low-level-palletizing-system\/","og_locale":"fr_FR","og_type":"article","og_title":"FULLY AUTOMATIC PALLETIZING SYSTEM - Manufacturer of Block Making Machine | Block Moulds | Hydraulic Pressure Machine | Supporting Equipment","og_description":"Automatic Cuber System is a automatic separate the blocks and pallet and cuber the block to a stack, Save labor costs and improve production efficiency.","og_url":"https:\/\/www.qzdjm.com\/fr\/produit\/fully-automatic-low-level-palletizing-system\/","og_site_name":"Manufacturer of Block Making Machine | Block Moulds | Hydraulic Pressure Machine | Supporting Equipment","article_modified_time":"2025-06-06T09:30:19+00:00","og_image":[{"width":1200,"height":900,"url":"https:\/\/www.qzdjm.com\/wp-content\/uploads\/2024\/09\/03-FULLY-AUTOMATIC-LOW-LEVEL-PALLETIZING-SYSTEM.jpg","type":"image\/jpeg"}],"twitter_card":"summary_large_image","twitter_misc":{"Dur\u00e9e de lecture estim\u00e9e":"1 minute"},"schema":{"@context":"https:\/\/schema.org","@graph":[{"@type":"WebPage","@id":"https:\/\/www.qzdjm.com\/product\/fully-automatic-low-level-palletizing-system\/","url":"https:\/\/www.qzdjm.com\/product\/fully-automatic-low-level-palletizing-system\/","name":"FULLY AUTOMATIC PALLETIZING SYSTEM - Manufacturer of Block Making Machine | Block Moulds | Hydraulic Pressure Machine | Supporting Equipment","isPartOf":{"@id":"https:\/\/www.qzdjm.com\/#website"},"primaryImageOfPage":{"@id":"https:\/\/www.qzdjm.com\/product\/fully-automatic-low-level-palletizing-system\/#primaryimage"},"image":{"@id":"https:\/\/www.qzdjm.com\/product\/fully-automatic-low-level-palletizing-system\/#primaryimage"},"thumbnailUrl":"https:\/\/www.qzdjm.com\/wp-content\/uploads\/2024\/09\/03-FULLY-AUTOMATIC-LOW-LEVEL-PALLETIZING-SYSTEM.jpg","datePublished":"2024-09-16T03:47:27+00:00","dateModified":"2025-06-06T09:30:19+00:00","description":"Automatic Cuber System is a automatic separate the blocks and pallet and cuber the block to a stack, Save labor costs and improve production efficiency.","breadcrumb":{"@id":"https:\/\/www.qzdjm.com\/product\/fully-automatic-low-level-palletizing-system\/#breadcrumb"},"inLanguage":"fr-FR","potentialAction":[{"@type":"ReadAction","target":["https:\/\/www.qzdjm.com\/product\/fully-automatic-low-level-palletizing-system\/"]}]},{"@type":"ImageObject","inLanguage":"fr-FR","@id":"https:\/\/www.qzdjm.com\/product\/fully-automatic-low-level-palletizing-system\/#primaryimage","url":"https:\/\/www.qzdjm.com\/wp-content\/uploads\/2024\/09\/03-FULLY-AUTOMATIC-LOW-LEVEL-PALLETIZING-SYSTEM.jpg","contentUrl":"https:\/\/www.qzdjm.com\/wp-content\/uploads\/2024\/09\/03-FULLY-AUTOMATIC-LOW-LEVEL-PALLETIZING-SYSTEM.jpg","width":1200,"height":900,"caption":"Automatic Cuber System"},{"@type":"BreadcrumbList","@id":"https:\/\/www.qzdjm.com\/product\/fully-automatic-low-level-palletizing-system\/#breadcrumb","itemListElement":[{"@type":"ListItem","position":1,"name":"Home","item":"https:\/\/www.qzdjm.com\/"},{"@type":"ListItem","position":2,"name":"Products","item":"https:\/\/www.qzdjm.com\/products\/"},{"@type":"ListItem","position":3,"name":"FULLY AUTOMATIC PALLETIZING SYSTEM"}]},{"@type":"WebSite","@id":"https:\/\/www.qzdjm.com\/#website","url":"https:\/\/www.qzdjm.com\/","name":"Manufacturer of Block Making Machine | Block Moulds | Hydraulic Pressure Machine | Supporting Equipment","description":"","publisher":{"@id":"https:\/\/www.qzdjm.com\/#organization"},"potentialAction":[{"@type":"SearchAction","target":{"@type":"EntryPoint","urlTemplate":"https:\/\/www.qzdjm.com\/?s={search_term_string}"},"query-input":{"@type":"PropertyValueSpecification","valueRequired":true,"valueName":"search_term_string"}}],"inLanguage":"fr-FR"},{"@type":"Organization","@id":"https:\/\/www.qzdjm.com\/#organization","name":"Manufacturer of Block Making Machine | Block Moulds | Hydraulic Pressure Machine | Supporting Equipment","url":"https:\/\/www.qzdjm.com\/","logo":{"@type":"ImageObject","inLanguage":"fr-FR","@id":"https:\/\/www.qzdjm.com\/#\/schema\/logo\/image\/","url":"https:\/\/www.qzdjm.com\/wp-content\/uploads\/2024\/08\/DJM-logo.png","contentUrl":"https:\/\/www.qzdjm.com\/wp-content\/uploads\/2024\/08\/DJM-logo.png","width":6992,"height":2278,"caption":"Manufacturer of Block Making Machine | Block Moulds | Hydraulic Pressure Machine | Supporting Equipment"},"image":{"@id":"https:\/\/www.qzdjm.com\/#\/schema\/logo\/image\/"}}]}},"_links":{"self":[{"href":"https:\/\/www.qzdjm.com\/fr\/wp-json\/wp\/v2\/product\/391","targetHints":{"allow":["GET"]}}],"collection":[{"href":"https:\/\/www.qzdjm.com\/fr\/wp-json\/wp\/v2\/product"}],"about":[{"href":"https:\/\/www.qzdjm.com\/fr\/wp-json\/wp\/v2\/types\/product"}],"replies":[{"embeddable":true,"href":"https:\/\/www.qzdjm.com\/fr\/wp-json\/wp\/v2\/comments?post=391"}],"wp:featuredmedia":[{"embeddable":true,"href":"https:\/\/www.qzdjm.com\/fr\/wp-json\/wp\/v2\/media\/397"}],"wp:attachment":[{"href":"https:\/\/www.qzdjm.com\/fr\/wp-json\/wp\/v2\/media?parent=391"}],"wp:term":[{"taxonomy":"product_brand","embeddable":true,"href":"https:\/\/www.qzdjm.com\/fr\/wp-json\/wp\/v2\/product_brand?post=391"},{"taxonomy":"product_cat","embeddable":true,"href":"https:\/\/www.qzdjm.com\/fr\/wp-json\/wp\/v2\/product_cat?post=391"},{"taxonomy":"product_tag","embeddable":true,"href":"https:\/\/www.qzdjm.com\/fr\/wp-json\/wp\/v2\/product_tag?post=391"}],"curies":[{"name":"wp","href":"https:\/\/api.w.org\/{rel}","templated":true}]}}