{"id":696,"date":"2024-09-26T16:54:34","date_gmt":"2024-09-26T16:54:34","guid":{"rendered":"https:\/\/www.qzdjm.com\/?post_type=product&#038;p=696"},"modified":"2024-12-03T07:37:08","modified_gmt":"2024-12-03T07:37:08","slug":"concrete-hollow-block-mould","status":"publish","type":"product","link":"https:\/\/www.qzdjm.com\/fr\/produit\/concrete-hollow-block-mould\/","title":{"rendered":"Moule pour blocs creux en b\u00e9ton"},"content":{"rendered":"<p>Le moule \u00e0 blocs creux en b\u00e9ton est un outil essentiel dans l'industrie de la construction, con\u00e7u pour produire des blocs creux en b\u00e9ton de haute qualit\u00e9. Fabriqu\u00e9 dans un souci de pr\u00e9cision et de durabilit\u00e9, ce moule est un \u00e9l\u00e9ment essentiel pour la cr\u00e9ation de murs structurels, de cloisons et d'autres \u00e9l\u00e9ments porteurs dans les projets de construction.<\/p>\n<p>The mould for all kind of block making machine, like stoneface, hollow, solid,holland, curbstone, slope-protect brick, and so on, are all can be customizable.<\/p>","protected":false},"excerpt":{"rendered":"<p>Le moule \u00e0 blocs creux en b\u00e9ton est un outil essentiel dans l'industrie de la construction, con\u00e7u pour produire des blocs creux en b\u00e9ton de haute qualit\u00e9. Fabriqu\u00e9 dans un souci de pr\u00e9cision et de durabilit\u00e9, ce moule est un \u00e9l\u00e9ment essentiel pour la cr\u00e9ation de murs structurels, de cloisons et d'autres \u00e9l\u00e9ments porteurs dans les projets de construction.<\/p>\n<p><strong>Traitement thermique<\/strong>: Carburation, nitruration et trempe<\/p>\n<p><strong>Duret\u00e9 du moule<\/strong>: HRC58-HRC62<\/p>\n<p><strong>Fabrication Way<\/strong>: Coupe de fil<\/p>\n<p><strong>Mat\u00e9riau pour le moule<\/strong>: 16# Acier au mangan\u00e8se, NM500, etc.<\/p>\n<p><strong>Dur\u00e9e de vie du service<\/strong>: 80 000 ~120 000 cycles<\/p>\n<p><strong>Paiement<\/strong>: T\/T<\/p>\n<p><strong>Origine du produit<\/strong>: QuanZhou<\/p>\n<p><strong>Port d'embarquement<\/strong>: XIAMEN,CHINE<\/p>\n<p><strong>D\u00e9lai d'ex\u00e9cution<\/strong>: 30 JOURS<\/p>\n<p><strong>Commande (MOQ)<\/strong>: 1<\/p>\n<p><strong>Stock de marchandises<\/strong>: 50<\/p>","protected":false},"featured_media":698,"comment_status":"open","ping_status":"closed","template":"","meta":{"_acf_changed":false},"product_brand":[],"product_cat":[37],"product_tag":[],"class_list":{"0":"post-696","1":"product","2":"type-product","3":"status-publish","4":"has-post-thumbnail","6":"product_cat-block-moulds","8":"first","9":"instock","10":"shipping-taxable","11":"product-type-simple"},"acf":[],"yoast_head":"<!-- This site is optimized with the Yoast SEO plugin v26.6 - https:\/\/yoast.com\/wordpress\/plugins\/seo\/ -->\n<title>Concrete Hollow Block Mould - Manufacturer of Block Making Machine | Block Moulds | Hydraulic Pressure Machine | Supporting Equipment<\/title>\n<meta name=\"description\" content=\"Moulds for all kind of block making machine, like stoneface, hollow, solid,holland, curbstone, slope-protect brick and so on, are all can be customizable.\" \/>\n<meta name=\"robots\" content=\"index, follow, max-snippet:-1, max-image-preview:large, max-video-preview:-1\" \/>\n<link rel=\"canonical\" href=\"https:\/\/www.qzdjm.com\/fr\/produit\/concrete-hollow-block-mould\/\" \/>\n<meta property=\"og:locale\" content=\"fr_FR\" \/>\n<meta property=\"og:type\" content=\"article\" \/>\n<meta property=\"og:title\" content=\"Concrete Hollow Block Mould - Manufacturer of Block Making Machine | Block Moulds | Hydraulic Pressure Machine | Supporting Equipment\" \/>\n<meta property=\"og:description\" content=\"Moulds for all kind of block making machine, like stoneface, hollow, solid,holland, curbstone, slope-protect brick and so on, are all can be customizable.\" \/>\n<meta property=\"og:url\" content=\"https:\/\/www.qzdjm.com\/fr\/produit\/concrete-hollow-block-mould\/\" \/>\n<meta property=\"og:site_name\" content=\"Manufacturer of Block Making Machine | Block Moulds | Hydraulic Pressure Machine | Supporting Equipment\" \/>\n<meta property=\"article:modified_time\" content=\"2024-12-03T07:37:08+00:00\" \/>\n<meta property=\"og:image\" content=\"https:\/\/www.qzdjm.com\/wp-content\/uploads\/2024\/09\/Concrete-Hollow-Block-Mould-1.jpg\" \/>\n\t<meta property=\"og:image:width\" content=\"640\" \/>\n\t<meta property=\"og:image:height\" content=\"480\" \/>\n\t<meta property=\"og:image:type\" content=\"image\/jpeg\" \/>\n<meta name=\"twitter:card\" content=\"summary_large_image\" \/>\n<meta name=\"twitter:label1\" content=\"Dur\u00e9e de lecture estim\u00e9e\" \/>\n\t<meta name=\"twitter:data1\" content=\"1 minute\" \/>\n<script type=\"application\/ld+json\" class=\"yoast-schema-graph\">{\"@context\":\"https:\/\/schema.org\",\"@graph\":[{\"@type\":\"WebPage\",\"@id\":\"https:\/\/www.qzdjm.com\/product\/concrete-hollow-block-mould\/\",\"url\":\"https:\/\/www.qzdjm.com\/product\/concrete-hollow-block-mould\/\",\"name\":\"Concrete Hollow Block Mould - Manufacturer of Block Making Machine | Block Moulds | Hydraulic Pressure Machine | Supporting Equipment\",\"isPartOf\":{\"@id\":\"https:\/\/www.qzdjm.com\/#website\"},\"primaryImageOfPage\":{\"@id\":\"https:\/\/www.qzdjm.com\/product\/concrete-hollow-block-mould\/#primaryimage\"},\"image\":{\"@id\":\"https:\/\/www.qzdjm.com\/product\/concrete-hollow-block-mould\/#primaryimage\"},\"thumbnailUrl\":\"https:\/\/www.qzdjm.com\/wp-content\/uploads\/2024\/09\/Concrete-Hollow-Block-Mould-1.jpg\",\"datePublished\":\"2024-09-26T16:54:34+00:00\",\"dateModified\":\"2024-12-03T07:37:08+00:00\",\"description\":\"Moulds for all kind of block making machine, like stoneface, hollow, solid,holland, curbstone, slope-protect brick and so on, are all can be customizable.\",\"breadcrumb\":{\"@id\":\"https:\/\/www.qzdjm.com\/product\/concrete-hollow-block-mould\/#breadcrumb\"},\"inLanguage\":\"fr-FR\",\"potentialAction\":[{\"@type\":\"ReadAction\",\"target\":[\"https:\/\/www.qzdjm.com\/product\/concrete-hollow-block-mould\/\"]}]},{\"@type\":\"ImageObject\",\"inLanguage\":\"fr-FR\",\"@id\":\"https:\/\/www.qzdjm.com\/product\/concrete-hollow-block-mould\/#primaryimage\",\"url\":\"https:\/\/www.qzdjm.com\/wp-content\/uploads\/2024\/09\/Concrete-Hollow-Block-Mould-1.jpg\",\"contentUrl\":\"https:\/\/www.qzdjm.com\/wp-content\/uploads\/2024\/09\/Concrete-Hollow-Block-Mould-1.jpg\",\"width\":640,\"height\":480,\"caption\":\"Concrete Hollow Block Mould (1)\"},{\"@type\":\"BreadcrumbList\",\"@id\":\"https:\/\/www.qzdjm.com\/product\/concrete-hollow-block-mould\/#breadcrumb\",\"itemListElement\":[{\"@type\":\"ListItem\",\"position\":1,\"name\":\"Home\",\"item\":\"https:\/\/www.qzdjm.com\/\"},{\"@type\":\"ListItem\",\"position\":2,\"name\":\"Products\",\"item\":\"https:\/\/www.qzdjm.com\/products\/\"},{\"@type\":\"ListItem\",\"position\":3,\"name\":\"Concrete Hollow Block Mould\"}]},{\"@type\":\"WebSite\",\"@id\":\"https:\/\/www.qzdjm.com\/#website\",\"url\":\"https:\/\/www.qzdjm.com\/\",\"name\":\"Manufacturer of Block Making Machine | Block Moulds | Hydraulic Pressure Machine | Supporting Equipment\",\"description\":\"\",\"publisher\":{\"@id\":\"https:\/\/www.qzdjm.com\/#organization\"},\"potentialAction\":[{\"@type\":\"SearchAction\",\"target\":{\"@type\":\"EntryPoint\",\"urlTemplate\":\"https:\/\/www.qzdjm.com\/?s={search_term_string}\"},\"query-input\":{\"@type\":\"PropertyValueSpecification\",\"valueRequired\":true,\"valueName\":\"search_term_string\"}}],\"inLanguage\":\"fr-FR\"},{\"@type\":\"Organization\",\"@id\":\"https:\/\/www.qzdjm.com\/#organization\",\"name\":\"Manufacturer of Block Making Machine | Block Moulds | Hydraulic Pressure Machine | Supporting Equipment\",\"url\":\"https:\/\/www.qzdjm.com\/\",\"logo\":{\"@type\":\"ImageObject\",\"inLanguage\":\"fr-FR\",\"@id\":\"https:\/\/www.qzdjm.com\/#\/schema\/logo\/image\/\",\"url\":\"https:\/\/www.qzdjm.com\/wp-content\/uploads\/2024\/08\/DJM-logo.png\",\"contentUrl\":\"https:\/\/www.qzdjm.com\/wp-content\/uploads\/2024\/08\/DJM-logo.png\",\"width\":6992,\"height\":2278,\"caption\":\"Manufacturer of Block Making Machine | Block Moulds | Hydraulic Pressure Machine | Supporting Equipment\"},\"image\":{\"@id\":\"https:\/\/www.qzdjm.com\/#\/schema\/logo\/image\/\"}}]}<\/script>\n<!-- \/ Yoast SEO plugin. -->","yoast_head_json":{"title":"Concrete Hollow Block Mould - Manufacturer of Block Making Machine | Block Moulds | Hydraulic Pressure Machine | Supporting Equipment","description":"Moulds for all kind of block making machine, like stoneface, hollow, solid,holland, curbstone, slope-protect brick and so on, are all can be customizable.","robots":{"index":"index","follow":"follow","max-snippet":"max-snippet:-1","max-image-preview":"max-image-preview:large","max-video-preview":"max-video-preview:-1"},"canonical":"https:\/\/www.qzdjm.com\/fr\/produit\/concrete-hollow-block-mould\/","og_locale":"fr_FR","og_type":"article","og_title":"Concrete Hollow Block Mould - Manufacturer of Block Making Machine | Block Moulds | Hydraulic Pressure Machine | Supporting Equipment","og_description":"Moulds for all kind of block making machine, like stoneface, hollow, solid,holland, curbstone, slope-protect brick and so on, are all can be customizable.","og_url":"https:\/\/www.qzdjm.com\/fr\/produit\/concrete-hollow-block-mould\/","og_site_name":"Manufacturer of Block Making Machine | Block Moulds | Hydraulic Pressure Machine | Supporting Equipment","article_modified_time":"2024-12-03T07:37:08+00:00","og_image":[{"width":640,"height":480,"url":"https:\/\/www.qzdjm.com\/wp-content\/uploads\/2024\/09\/Concrete-Hollow-Block-Mould-1.jpg","type":"image\/jpeg"}],"twitter_card":"summary_large_image","twitter_misc":{"Dur\u00e9e de lecture estim\u00e9e":"1 minute"},"schema":{"@context":"https:\/\/schema.org","@graph":[{"@type":"WebPage","@id":"https:\/\/www.qzdjm.com\/product\/concrete-hollow-block-mould\/","url":"https:\/\/www.qzdjm.com\/product\/concrete-hollow-block-mould\/","name":"Concrete Hollow Block Mould - Manufacturer of Block Making Machine | Block Moulds | Hydraulic Pressure Machine | Supporting Equipment","isPartOf":{"@id":"https:\/\/www.qzdjm.com\/#website"},"primaryImageOfPage":{"@id":"https:\/\/www.qzdjm.com\/product\/concrete-hollow-block-mould\/#primaryimage"},"image":{"@id":"https:\/\/www.qzdjm.com\/product\/concrete-hollow-block-mould\/#primaryimage"},"thumbnailUrl":"https:\/\/www.qzdjm.com\/wp-content\/uploads\/2024\/09\/Concrete-Hollow-Block-Mould-1.jpg","datePublished":"2024-09-26T16:54:34+00:00","dateModified":"2024-12-03T07:37:08+00:00","description":"Moulds for all kind of block making machine, like stoneface, hollow, solid,holland, curbstone, slope-protect brick and so on, are all can be customizable.","breadcrumb":{"@id":"https:\/\/www.qzdjm.com\/product\/concrete-hollow-block-mould\/#breadcrumb"},"inLanguage":"fr-FR","potentialAction":[{"@type":"ReadAction","target":["https:\/\/www.qzdjm.com\/product\/concrete-hollow-block-mould\/"]}]},{"@type":"ImageObject","inLanguage":"fr-FR","@id":"https:\/\/www.qzdjm.com\/product\/concrete-hollow-block-mould\/#primaryimage","url":"https:\/\/www.qzdjm.com\/wp-content\/uploads\/2024\/09\/Concrete-Hollow-Block-Mould-1.jpg","contentUrl":"https:\/\/www.qzdjm.com\/wp-content\/uploads\/2024\/09\/Concrete-Hollow-Block-Mould-1.jpg","width":640,"height":480,"caption":"Concrete Hollow Block Mould (1)"},{"@type":"BreadcrumbList","@id":"https:\/\/www.qzdjm.com\/product\/concrete-hollow-block-mould\/#breadcrumb","itemListElement":[{"@type":"ListItem","position":1,"name":"Home","item":"https:\/\/www.qzdjm.com\/"},{"@type":"ListItem","position":2,"name":"Products","item":"https:\/\/www.qzdjm.com\/products\/"},{"@type":"ListItem","position":3,"name":"Concrete Hollow Block Mould"}]},{"@type":"WebSite","@id":"https:\/\/www.qzdjm.com\/#website","url":"https:\/\/www.qzdjm.com\/","name":"Manufacturer of Block Making Machine | Block Moulds | Hydraulic Pressure Machine | Supporting Equipment","description":"","publisher":{"@id":"https:\/\/www.qzdjm.com\/#organization"},"potentialAction":[{"@type":"SearchAction","target":{"@type":"EntryPoint","urlTemplate":"https:\/\/www.qzdjm.com\/?s={search_term_string}"},"query-input":{"@type":"PropertyValueSpecification","valueRequired":true,"valueName":"search_term_string"}}],"inLanguage":"fr-FR"},{"@type":"Organization","@id":"https:\/\/www.qzdjm.com\/#organization","name":"Manufacturer of Block Making Machine | Block Moulds | Hydraulic Pressure Machine | Supporting Equipment","url":"https:\/\/www.qzdjm.com\/","logo":{"@type":"ImageObject","inLanguage":"fr-FR","@id":"https:\/\/www.qzdjm.com\/#\/schema\/logo\/image\/","url":"https:\/\/www.qzdjm.com\/wp-content\/uploads\/2024\/08\/DJM-logo.png","contentUrl":"https:\/\/www.qzdjm.com\/wp-content\/uploads\/2024\/08\/DJM-logo.png","width":6992,"height":2278,"caption":"Manufacturer of Block Making Machine | Block Moulds | Hydraulic Pressure Machine | Supporting Equipment"},"image":{"@id":"https:\/\/www.qzdjm.com\/#\/schema\/logo\/image\/"}}]}},"_links":{"self":[{"href":"https:\/\/www.qzdjm.com\/fr\/wp-json\/wp\/v2\/product\/696","targetHints":{"allow":["GET"]}}],"collection":[{"href":"https:\/\/www.qzdjm.com\/fr\/wp-json\/wp\/v2\/product"}],"about":[{"href":"https:\/\/www.qzdjm.com\/fr\/wp-json\/wp\/v2\/types\/product"}],"replies":[{"embeddable":true,"href":"https:\/\/www.qzdjm.com\/fr\/wp-json\/wp\/v2\/comments?post=696"}],"wp:featuredmedia":[{"embeddable":true,"href":"https:\/\/www.qzdjm.com\/fr\/wp-json\/wp\/v2\/media\/698"}],"wp:attachment":[{"href":"https:\/\/www.qzdjm.com\/fr\/wp-json\/wp\/v2\/media?parent=696"}],"wp:term":[{"taxonomy":"product_brand","embeddable":true,"href":"https:\/\/www.qzdjm.com\/fr\/wp-json\/wp\/v2\/product_brand?post=696"},{"taxonomy":"product_cat","embeddable":true,"href":"https:\/\/www.qzdjm.com\/fr\/wp-json\/wp\/v2\/product_cat?post=696"},{"taxonomy":"product_tag","embeddable":true,"href":"https:\/\/www.qzdjm.com\/fr\/wp-json\/wp\/v2\/product_tag?post=696"}],"curies":[{"name":"wp","href":"https:\/\/api.w.org\/{rel}","templated":true}]}}