{"id":773,"date":"2024-09-30T03:34:05","date_gmt":"2024-09-30T03:34:05","guid":{"rendered":"https:\/\/www.qzdjm.com\/?post_type=product&#038;p=773"},"modified":"2024-11-04T10:02:40","modified_gmt":"2024-11-04T10:02:40","slug":"hydraulic-pressure-concrete-brick-machine-2","status":"publish","type":"product","link":"https:\/\/www.qzdjm.com\/fr\/produit\/hydraulic-pressure-concrete-brick-machine-2\/","title":{"rendered":"Machine \u00e0 briques de b\u00e9ton \u00e0 pression hydraulique"},"content":{"rendered":"<p>Hydraulic Concrete Brick Machine has unique structure design, computer control system, compact structure, strong steel, simple operation, full sealing and dust-proof, high output, durable, multi-purpose and many other advantages.<\/p>\n<p>This Hydraulic Concrete Brick Machine is design to make Curbstone and Paving Bricks with high pressure, so we call it Paving brick &amp;Curbstone making machine .<\/p>","protected":false},"excerpt":{"rendered":"<p>This Hydraulic Concrete Brick Machine is design to make Curbstone and Paving Bricks with high pressure.<\/p>\n<p>The Paving brick &amp;Curbstone making machine has unique structure design, computer control system, compact structure, strong steel, simple operation, full sealing and dust-proof, high output, durable, multi-purpose and many other advantages.<\/p>\n<p><strong>Num\u00e9ro d'article<\/strong>DJ-1500<\/p>\n<p><strong>Paiement<\/strong>: T\/T<\/p>\n<p><strong>Origine du produit<\/strong>: QuanZhou<\/p>\n<p><strong>Port d'embarquement<\/strong>: XIAMEN,CHINE<\/p>\n<p><strong>D\u00e9lai d'ex\u00e9cution<\/strong>: 30 JOURS<\/p>\n<p><strong>Commande (MOQ)<\/strong>: 1<\/p>\n<p><strong>Stock de marchandises<\/strong>: 5<\/p>","protected":false},"featured_media":774,"comment_status":"open","ping_status":"closed","template":"","meta":{"_acf_changed":false},"product_brand":[],"product_cat":[33],"product_tag":[],"class_list":{"0":"post-773","1":"product","2":"type-product","3":"status-publish","4":"has-post-thumbnail","6":"product_cat-hydraulic-pressure-machine","8":"first","9":"instock","10":"shipping-taxable","11":"product-type-simple"},"acf":[],"yoast_head":"<!-- This site is optimized with the Yoast SEO plugin v26.6 - https:\/\/yoast.com\/wordpress\/plugins\/seo\/ -->\n<title>Hydraulic Pressure Concrete Brick Machine - Manufacturer of Block Making Machine | Block Moulds | Hydraulic Pressure Machine | Supporting Equipment<\/title>\n<meta name=\"description\" content=\"The hydraulic paver block making machine equipment uses a wide range of raw materials, such as fly ash, slag, tailing, construction waste, industrial waste,\" \/>\n<meta name=\"robots\" content=\"index, follow, max-snippet:-1, max-image-preview:large, max-video-preview:-1\" \/>\n<link rel=\"canonical\" href=\"https:\/\/www.qzdjm.com\/fr\/produit\/hydraulic-pressure-concrete-brick-machine-2\/\" \/>\n<meta property=\"og:locale\" content=\"fr_FR\" \/>\n<meta property=\"og:type\" content=\"article\" \/>\n<meta property=\"og:title\" content=\"Hydraulic Pressure Concrete Brick Machine - Manufacturer of Block Making Machine | Block Moulds | Hydraulic Pressure Machine | Supporting Equipment\" \/>\n<meta property=\"og:description\" content=\"The hydraulic paver block making machine equipment uses a wide range of raw materials, such as fly ash, slag, tailing, construction waste, industrial waste,\" \/>\n<meta property=\"og:url\" content=\"https:\/\/www.qzdjm.com\/fr\/produit\/hydraulic-pressure-concrete-brick-machine-2\/\" \/>\n<meta property=\"og:site_name\" content=\"Manufacturer of Block Making Machine | Block Moulds | Hydraulic Pressure Machine | Supporting Equipment\" \/>\n<meta property=\"article:modified_time\" content=\"2024-11-04T10:02:40+00:00\" \/>\n<meta property=\"og:image\" content=\"https:\/\/www.qzdjm.com\/wp-content\/uploads\/2024\/09\/Hydraulic-Pressure-Concrete-Brick-Machine-Product-Image.jpg\" \/>\n\t<meta property=\"og:image:width\" content=\"1200\" \/>\n\t<meta property=\"og:image:height\" content=\"900\" \/>\n\t<meta property=\"og:image:type\" content=\"image\/jpeg\" \/>\n<meta name=\"twitter:card\" content=\"summary_large_image\" \/>\n<meta name=\"twitter:label1\" content=\"Dur\u00e9e de lecture estim\u00e9e\" \/>\n\t<meta name=\"twitter:data1\" content=\"1 minute\" \/>\n<script type=\"application\/ld+json\" class=\"yoast-schema-graph\">{\"@context\":\"https:\/\/schema.org\",\"@graph\":[{\"@type\":\"WebPage\",\"@id\":\"https:\/\/www.qzdjm.com\/product\/hydraulic-pressure-concrete-brick-machine-2\/\",\"url\":\"https:\/\/www.qzdjm.com\/product\/hydraulic-pressure-concrete-brick-machine-2\/\",\"name\":\"Hydraulic Pressure Concrete Brick Machine - Manufacturer of Block Making Machine | Block Moulds | Hydraulic Pressure Machine | Supporting Equipment\",\"isPartOf\":{\"@id\":\"https:\/\/www.qzdjm.com\/#website\"},\"primaryImageOfPage\":{\"@id\":\"https:\/\/www.qzdjm.com\/product\/hydraulic-pressure-concrete-brick-machine-2\/#primaryimage\"},\"image\":{\"@id\":\"https:\/\/www.qzdjm.com\/product\/hydraulic-pressure-concrete-brick-machine-2\/#primaryimage\"},\"thumbnailUrl\":\"https:\/\/www.qzdjm.com\/wp-content\/uploads\/2024\/09\/Hydraulic-Pressure-Concrete-Brick-Machine-Product-Image.jpg\",\"datePublished\":\"2024-09-30T03:34:05+00:00\",\"dateModified\":\"2024-11-04T10:02:40+00:00\",\"description\":\"The hydraulic paver block making machine equipment uses a wide range of raw materials, such as fly ash, slag, tailing, construction waste, industrial waste,\",\"breadcrumb\":{\"@id\":\"https:\/\/www.qzdjm.com\/product\/hydraulic-pressure-concrete-brick-machine-2\/#breadcrumb\"},\"inLanguage\":\"fr-FR\",\"potentialAction\":[{\"@type\":\"ReadAction\",\"target\":[\"https:\/\/www.qzdjm.com\/product\/hydraulic-pressure-concrete-brick-machine-2\/\"]}]},{\"@type\":\"ImageObject\",\"inLanguage\":\"fr-FR\",\"@id\":\"https:\/\/www.qzdjm.com\/product\/hydraulic-pressure-concrete-brick-machine-2\/#primaryimage\",\"url\":\"https:\/\/www.qzdjm.com\/wp-content\/uploads\/2024\/09\/Hydraulic-Pressure-Concrete-Brick-Machine-Product-Image.jpg\",\"contentUrl\":\"https:\/\/www.qzdjm.com\/wp-content\/uploads\/2024\/09\/Hydraulic-Pressure-Concrete-Brick-Machine-Product-Image.jpg\",\"width\":1200,\"height\":900,\"caption\":\"Paving brick &Curbstone making machine\"},{\"@type\":\"BreadcrumbList\",\"@id\":\"https:\/\/www.qzdjm.com\/product\/hydraulic-pressure-concrete-brick-machine-2\/#breadcrumb\",\"itemListElement\":[{\"@type\":\"ListItem\",\"position\":1,\"name\":\"Home\",\"item\":\"https:\/\/www.qzdjm.com\/\"},{\"@type\":\"ListItem\",\"position\":2,\"name\":\"Products\",\"item\":\"https:\/\/www.qzdjm.com\/products\/\"},{\"@type\":\"ListItem\",\"position\":3,\"name\":\"Hydraulic Pressure Concrete Brick Machine\"}]},{\"@type\":\"WebSite\",\"@id\":\"https:\/\/www.qzdjm.com\/#website\",\"url\":\"https:\/\/www.qzdjm.com\/\",\"name\":\"Manufacturer of Block Making Machine | Block Moulds | Hydraulic Pressure Machine | Supporting Equipment\",\"description\":\"\",\"publisher\":{\"@id\":\"https:\/\/www.qzdjm.com\/#organization\"},\"potentialAction\":[{\"@type\":\"SearchAction\",\"target\":{\"@type\":\"EntryPoint\",\"urlTemplate\":\"https:\/\/www.qzdjm.com\/?s={search_term_string}\"},\"query-input\":{\"@type\":\"PropertyValueSpecification\",\"valueRequired\":true,\"valueName\":\"search_term_string\"}}],\"inLanguage\":\"fr-FR\"},{\"@type\":\"Organization\",\"@id\":\"https:\/\/www.qzdjm.com\/#organization\",\"name\":\"Manufacturer of Block Making Machine | Block Moulds | Hydraulic Pressure Machine | Supporting Equipment\",\"url\":\"https:\/\/www.qzdjm.com\/\",\"logo\":{\"@type\":\"ImageObject\",\"inLanguage\":\"fr-FR\",\"@id\":\"https:\/\/www.qzdjm.com\/#\/schema\/logo\/image\/\",\"url\":\"https:\/\/www.qzdjm.com\/wp-content\/uploads\/2024\/08\/DJM-logo.png\",\"contentUrl\":\"https:\/\/www.qzdjm.com\/wp-content\/uploads\/2024\/08\/DJM-logo.png\",\"width\":6992,\"height\":2278,\"caption\":\"Manufacturer of Block Making Machine | Block Moulds | Hydraulic Pressure Machine | Supporting Equipment\"},\"image\":{\"@id\":\"https:\/\/www.qzdjm.com\/#\/schema\/logo\/image\/\"}}]}<\/script>\n<!-- \/ Yoast SEO plugin. -->","yoast_head_json":{"title":"Hydraulic Pressure Concrete Brick Machine - Manufacturer of Block Making Machine | Block Moulds | Hydraulic Pressure Machine | Supporting Equipment","description":"The hydraulic paver block making machine equipment uses a wide range of raw materials, such as fly ash, slag, tailing, construction waste, industrial waste,","robots":{"index":"index","follow":"follow","max-snippet":"max-snippet:-1","max-image-preview":"max-image-preview:large","max-video-preview":"max-video-preview:-1"},"canonical":"https:\/\/www.qzdjm.com\/fr\/produit\/hydraulic-pressure-concrete-brick-machine-2\/","og_locale":"fr_FR","og_type":"article","og_title":"Hydraulic Pressure Concrete Brick Machine - Manufacturer of Block Making Machine | Block Moulds | Hydraulic Pressure Machine | Supporting Equipment","og_description":"The hydraulic paver block making machine equipment uses a wide range of raw materials, such as fly ash, slag, tailing, construction waste, industrial waste,","og_url":"https:\/\/www.qzdjm.com\/fr\/produit\/hydraulic-pressure-concrete-brick-machine-2\/","og_site_name":"Manufacturer of Block Making Machine | Block Moulds | Hydraulic Pressure Machine | Supporting Equipment","article_modified_time":"2024-11-04T10:02:40+00:00","og_image":[{"width":1200,"height":900,"url":"https:\/\/www.qzdjm.com\/wp-content\/uploads\/2024\/09\/Hydraulic-Pressure-Concrete-Brick-Machine-Product-Image.jpg","type":"image\/jpeg"}],"twitter_card":"summary_large_image","twitter_misc":{"Dur\u00e9e de lecture estim\u00e9e":"1 minute"},"schema":{"@context":"https:\/\/schema.org","@graph":[{"@type":"WebPage","@id":"https:\/\/www.qzdjm.com\/product\/hydraulic-pressure-concrete-brick-machine-2\/","url":"https:\/\/www.qzdjm.com\/product\/hydraulic-pressure-concrete-brick-machine-2\/","name":"Hydraulic Pressure Concrete Brick Machine - Manufacturer of Block Making Machine | Block Moulds | Hydraulic Pressure Machine | Supporting Equipment","isPartOf":{"@id":"https:\/\/www.qzdjm.com\/#website"},"primaryImageOfPage":{"@id":"https:\/\/www.qzdjm.com\/product\/hydraulic-pressure-concrete-brick-machine-2\/#primaryimage"},"image":{"@id":"https:\/\/www.qzdjm.com\/product\/hydraulic-pressure-concrete-brick-machine-2\/#primaryimage"},"thumbnailUrl":"https:\/\/www.qzdjm.com\/wp-content\/uploads\/2024\/09\/Hydraulic-Pressure-Concrete-Brick-Machine-Product-Image.jpg","datePublished":"2024-09-30T03:34:05+00:00","dateModified":"2024-11-04T10:02:40+00:00","description":"The hydraulic paver block making machine equipment uses a wide range of raw materials, such as fly ash, slag, tailing, construction waste, industrial waste,","breadcrumb":{"@id":"https:\/\/www.qzdjm.com\/product\/hydraulic-pressure-concrete-brick-machine-2\/#breadcrumb"},"inLanguage":"fr-FR","potentialAction":[{"@type":"ReadAction","target":["https:\/\/www.qzdjm.com\/product\/hydraulic-pressure-concrete-brick-machine-2\/"]}]},{"@type":"ImageObject","inLanguage":"fr-FR","@id":"https:\/\/www.qzdjm.com\/product\/hydraulic-pressure-concrete-brick-machine-2\/#primaryimage","url":"https:\/\/www.qzdjm.com\/wp-content\/uploads\/2024\/09\/Hydraulic-Pressure-Concrete-Brick-Machine-Product-Image.jpg","contentUrl":"https:\/\/www.qzdjm.com\/wp-content\/uploads\/2024\/09\/Hydraulic-Pressure-Concrete-Brick-Machine-Product-Image.jpg","width":1200,"height":900,"caption":"Paving brick &Curbstone making machine"},{"@type":"BreadcrumbList","@id":"https:\/\/www.qzdjm.com\/product\/hydraulic-pressure-concrete-brick-machine-2\/#breadcrumb","itemListElement":[{"@type":"ListItem","position":1,"name":"Home","item":"https:\/\/www.qzdjm.com\/"},{"@type":"ListItem","position":2,"name":"Products","item":"https:\/\/www.qzdjm.com\/products\/"},{"@type":"ListItem","position":3,"name":"Hydraulic Pressure Concrete Brick Machine"}]},{"@type":"WebSite","@id":"https:\/\/www.qzdjm.com\/#website","url":"https:\/\/www.qzdjm.com\/","name":"Manufacturer of Block Making Machine | Block Moulds | Hydraulic Pressure Machine | Supporting Equipment","description":"","publisher":{"@id":"https:\/\/www.qzdjm.com\/#organization"},"potentialAction":[{"@type":"SearchAction","target":{"@type":"EntryPoint","urlTemplate":"https:\/\/www.qzdjm.com\/?s={search_term_string}"},"query-input":{"@type":"PropertyValueSpecification","valueRequired":true,"valueName":"search_term_string"}}],"inLanguage":"fr-FR"},{"@type":"Organization","@id":"https:\/\/www.qzdjm.com\/#organization","name":"Manufacturer of Block Making Machine | Block Moulds | Hydraulic Pressure Machine | Supporting Equipment","url":"https:\/\/www.qzdjm.com\/","logo":{"@type":"ImageObject","inLanguage":"fr-FR","@id":"https:\/\/www.qzdjm.com\/#\/schema\/logo\/image\/","url":"https:\/\/www.qzdjm.com\/wp-content\/uploads\/2024\/08\/DJM-logo.png","contentUrl":"https:\/\/www.qzdjm.com\/wp-content\/uploads\/2024\/08\/DJM-logo.png","width":6992,"height":2278,"caption":"Manufacturer of Block Making Machine | Block Moulds | Hydraulic Pressure Machine | Supporting Equipment"},"image":{"@id":"https:\/\/www.qzdjm.com\/#\/schema\/logo\/image\/"}}]}},"_links":{"self":[{"href":"https:\/\/www.qzdjm.com\/fr\/wp-json\/wp\/v2\/product\/773","targetHints":{"allow":["GET"]}}],"collection":[{"href":"https:\/\/www.qzdjm.com\/fr\/wp-json\/wp\/v2\/product"}],"about":[{"href":"https:\/\/www.qzdjm.com\/fr\/wp-json\/wp\/v2\/types\/product"}],"replies":[{"embeddable":true,"href":"https:\/\/www.qzdjm.com\/fr\/wp-json\/wp\/v2\/comments?post=773"}],"wp:featuredmedia":[{"embeddable":true,"href":"https:\/\/www.qzdjm.com\/fr\/wp-json\/wp\/v2\/media\/774"}],"wp:attachment":[{"href":"https:\/\/www.qzdjm.com\/fr\/wp-json\/wp\/v2\/media?parent=773"}],"wp:term":[{"taxonomy":"product_brand","embeddable":true,"href":"https:\/\/www.qzdjm.com\/fr\/wp-json\/wp\/v2\/product_brand?post=773"},{"taxonomy":"product_cat","embeddable":true,"href":"https:\/\/www.qzdjm.com\/fr\/wp-json\/wp\/v2\/product_cat?post=773"},{"taxonomy":"product_tag","embeddable":true,"href":"https:\/\/www.qzdjm.com\/fr\/wp-json\/wp\/v2\/product_tag?post=773"}],"curies":[{"name":"wp","href":"https:\/\/api.w.org\/{rel}","templated":true}]}}