{"id":780,"date":"2024-09-30T03:38:22","date_gmt":"2024-09-30T03:38:22","guid":{"rendered":"https:\/\/www.qzdjm.com\/?post_type=product&#038;p=780"},"modified":"2024-11-04T09:54:03","modified_gmt":"2024-11-04T09:54:03","slug":"hydraulic-single-way-press-clay-brick-making-machine-product-image","status":"publish","type":"product","link":"https:\/\/www.qzdjm.com\/fr\/produit\/hydraulic-single-way-press-clay-brick-making-machine-product-image\/","title":{"rendered":"Presse hydraulique \u00e0 sens unique pour la fabrication de briques d'argile"},"content":{"rendered":"<p>Cette machine de fabrication de briques d'argile \u00e0 presse hydraulique unidirectionnelle (Machine hydraulique \u00e0 briques d'argile\uff0cMachine \u00e0 briques d'argile) adopte un syst\u00e8me d'alimentation en b\u00e9ton par micro-vibration \u00e0 haute fr\u00e9quence dissimul\u00e9, ce qui rend l'alimentation en b\u00e9ton plus efficace. Elle peut produire des briques standard \u00e0 haute r\u00e9sistance avec couche de surface, des briques de trottoir, des briques imitation pierre, etc. Il adopte un contr\u00f4le PLC de marque pour r\u00e9aliser l'int\u00e9gration et l'automatisation de la machine, de l'\u00e9lectricit\u00e9 et des liquides.<\/p>","protected":false},"excerpt":{"rendered":"<p>Cette machine de fabrication de briques d'argile \u00e0 presse hydraulique unidirectionnelle (Machine hydraulique \u00e0 briques d'argile\uff0cMachine \u00e0 briques d'argile) adopte un syst\u00e8me d'alimentation en b\u00e9ton par micro-vibration \u00e0 haute fr\u00e9quence dissimul\u00e9, ce qui rend l'alimentation en b\u00e9ton plus efficace. Elle peut produire des briques standard \u00e0 haute r\u00e9sistance avec couche de surface, des briques de trottoir, des briques imitation pierre, etc. Il adopte un contr\u00f4le PLC de marque pour r\u00e9aliser l'int\u00e9gration et l'automatisation de la machine, de l'\u00e9lectricit\u00e9 et des liquides.<\/p>\n<p><strong>Paiement<\/strong>: TT<\/p>\n<p><strong>Origine du produit<\/strong>: CHINE<\/p>\n<p><strong>Port d'embarquement<\/strong>: XIAMEN<\/p>\n<p><strong>D\u00e9lai d'ex\u00e9cution<\/strong>: 30 jours<\/p>\n<p><strong>Stock de marchandises<\/strong>: 5<\/p>","protected":false},"featured_media":781,"comment_status":"open","ping_status":"closed","template":"","meta":{"_acf_changed":false},"product_brand":[],"product_cat":[33],"product_tag":[],"class_list":{"0":"post-780","1":"product","2":"type-product","3":"status-publish","4":"has-post-thumbnail","6":"product_cat-hydraulic-pressure-machine","8":"first","9":"instock","10":"shipping-taxable","11":"product-type-simple"},"acf":[],"yoast_head":"<!-- This site is optimized with the Yoast SEO plugin v26.6 - https:\/\/yoast.com\/wordpress\/plugins\/seo\/ -->\n<title>Hydraulic single-way press clay brick making machine - Manufacturer of Block Making Machine | Block Moulds | Hydraulic Pressure Machine | Supporting Equipment<\/title>\n<meta name=\"description\" content=\"Hydraulic press machine, Hydraulic brick machine\uff0cclay brick making machine from China.\" \/>\n<meta name=\"robots\" content=\"index, follow, max-snippet:-1, max-image-preview:large, max-video-preview:-1\" \/>\n<link rel=\"canonical\" href=\"https:\/\/www.qzdjm.com\/fr\/produit\/hydraulic-single-way-press-clay-brick-making-machine-product-image\/\" \/>\n<meta property=\"og:locale\" content=\"fr_FR\" \/>\n<meta property=\"og:type\" content=\"article\" \/>\n<meta property=\"og:title\" content=\"Hydraulic single-way press clay brick making machine - Manufacturer of Block Making Machine | Block Moulds | Hydraulic Pressure Machine | Supporting Equipment\" \/>\n<meta property=\"og:description\" content=\"Hydraulic press machine, Hydraulic brick machine\uff0cclay brick making machine from China.\" \/>\n<meta property=\"og:url\" content=\"https:\/\/www.qzdjm.com\/fr\/produit\/hydraulic-single-way-press-clay-brick-making-machine-product-image\/\" \/>\n<meta property=\"og:site_name\" content=\"Manufacturer of Block Making Machine | Block Moulds | Hydraulic Pressure Machine | Supporting Equipment\" \/>\n<meta property=\"article:modified_time\" content=\"2024-11-04T09:54:03+00:00\" \/>\n<meta property=\"og:image\" content=\"https:\/\/www.qzdjm.com\/wp-content\/uploads\/2024\/09\/Hydraulic-single-way-press-clay-brick-making-machine-Product-Image.jpg\" \/>\n\t<meta property=\"og:image:width\" content=\"1200\" \/>\n\t<meta property=\"og:image:height\" content=\"900\" \/>\n\t<meta property=\"og:image:type\" content=\"image\/jpeg\" \/>\n<meta name=\"twitter:card\" content=\"summary_large_image\" \/>\n<meta name=\"twitter:label1\" content=\"Dur\u00e9e de lecture estim\u00e9e\" \/>\n\t<meta name=\"twitter:data1\" content=\"1 minute\" \/>\n<script type=\"application\/ld+json\" class=\"yoast-schema-graph\">{\"@context\":\"https:\/\/schema.org\",\"@graph\":[{\"@type\":\"WebPage\",\"@id\":\"https:\/\/www.qzdjm.com\/product\/hydraulic-single-way-press-clay-brick-making-machine-product-image\/\",\"url\":\"https:\/\/www.qzdjm.com\/product\/hydraulic-single-way-press-clay-brick-making-machine-product-image\/\",\"name\":\"Hydraulic single-way press clay brick making machine - Manufacturer of Block Making Machine | Block Moulds | Hydraulic Pressure Machine | Supporting Equipment\",\"isPartOf\":{\"@id\":\"https:\/\/www.qzdjm.com\/#website\"},\"primaryImageOfPage\":{\"@id\":\"https:\/\/www.qzdjm.com\/product\/hydraulic-single-way-press-clay-brick-making-machine-product-image\/#primaryimage\"},\"image\":{\"@id\":\"https:\/\/www.qzdjm.com\/product\/hydraulic-single-way-press-clay-brick-making-machine-product-image\/#primaryimage\"},\"thumbnailUrl\":\"https:\/\/www.qzdjm.com\/wp-content\/uploads\/2024\/09\/Hydraulic-single-way-press-clay-brick-making-machine-Product-Image.jpg\",\"datePublished\":\"2024-09-30T03:38:22+00:00\",\"dateModified\":\"2024-11-04T09:54:03+00:00\",\"description\":\"Hydraulic press machine, Hydraulic brick machine\uff0cclay brick making machine from China.\",\"breadcrumb\":{\"@id\":\"https:\/\/www.qzdjm.com\/product\/hydraulic-single-way-press-clay-brick-making-machine-product-image\/#breadcrumb\"},\"inLanguage\":\"fr-FR\",\"potentialAction\":[{\"@type\":\"ReadAction\",\"target\":[\"https:\/\/www.qzdjm.com\/product\/hydraulic-single-way-press-clay-brick-making-machine-product-image\/\"]}]},{\"@type\":\"ImageObject\",\"inLanguage\":\"fr-FR\",\"@id\":\"https:\/\/www.qzdjm.com\/product\/hydraulic-single-way-press-clay-brick-making-machine-product-image\/#primaryimage\",\"url\":\"https:\/\/www.qzdjm.com\/wp-content\/uploads\/2024\/09\/Hydraulic-single-way-press-clay-brick-making-machine-Product-Image.jpg\",\"contentUrl\":\"https:\/\/www.qzdjm.com\/wp-content\/uploads\/2024\/09\/Hydraulic-single-way-press-clay-brick-making-machine-Product-Image.jpg\",\"width\":1200,\"height\":900,\"caption\":\"Hydraulic single-way press clay brick making machine - Product Image\"},{\"@type\":\"BreadcrumbList\",\"@id\":\"https:\/\/www.qzdjm.com\/product\/hydraulic-single-way-press-clay-brick-making-machine-product-image\/#breadcrumb\",\"itemListElement\":[{\"@type\":\"ListItem\",\"position\":1,\"name\":\"Home\",\"item\":\"https:\/\/www.qzdjm.com\/\"},{\"@type\":\"ListItem\",\"position\":2,\"name\":\"Products\",\"item\":\"https:\/\/www.qzdjm.com\/products\/\"},{\"@type\":\"ListItem\",\"position\":3,\"name\":\"Hydraulic single-way press clay brick making machine\"}]},{\"@type\":\"WebSite\",\"@id\":\"https:\/\/www.qzdjm.com\/#website\",\"url\":\"https:\/\/www.qzdjm.com\/\",\"name\":\"Manufacturer of Block Making Machine | Block Moulds | Hydraulic Pressure Machine | Supporting Equipment\",\"description\":\"\",\"publisher\":{\"@id\":\"https:\/\/www.qzdjm.com\/#organization\"},\"potentialAction\":[{\"@type\":\"SearchAction\",\"target\":{\"@type\":\"EntryPoint\",\"urlTemplate\":\"https:\/\/www.qzdjm.com\/?s={search_term_string}\"},\"query-input\":{\"@type\":\"PropertyValueSpecification\",\"valueRequired\":true,\"valueName\":\"search_term_string\"}}],\"inLanguage\":\"fr-FR\"},{\"@type\":\"Organization\",\"@id\":\"https:\/\/www.qzdjm.com\/#organization\",\"name\":\"Manufacturer of Block Making Machine | Block Moulds | Hydraulic Pressure Machine | Supporting Equipment\",\"url\":\"https:\/\/www.qzdjm.com\/\",\"logo\":{\"@type\":\"ImageObject\",\"inLanguage\":\"fr-FR\",\"@id\":\"https:\/\/www.qzdjm.com\/#\/schema\/logo\/image\/\",\"url\":\"https:\/\/www.qzdjm.com\/wp-content\/uploads\/2024\/08\/DJM-logo.png\",\"contentUrl\":\"https:\/\/www.qzdjm.com\/wp-content\/uploads\/2024\/08\/DJM-logo.png\",\"width\":6992,\"height\":2278,\"caption\":\"Manufacturer of Block Making Machine | Block Moulds | Hydraulic Pressure Machine | Supporting Equipment\"},\"image\":{\"@id\":\"https:\/\/www.qzdjm.com\/#\/schema\/logo\/image\/\"}}]}<\/script>\n<!-- \/ Yoast SEO plugin. -->","yoast_head_json":{"title":"Hydraulic single-way press clay brick making machine - Manufacturer of Block Making Machine | Block Moulds | Hydraulic Pressure Machine | Supporting Equipment","description":"Hydraulic press machine, Hydraulic brick machine\uff0cclay brick making machine from China.","robots":{"index":"index","follow":"follow","max-snippet":"max-snippet:-1","max-image-preview":"max-image-preview:large","max-video-preview":"max-video-preview:-1"},"canonical":"https:\/\/www.qzdjm.com\/fr\/produit\/hydraulic-single-way-press-clay-brick-making-machine-product-image\/","og_locale":"fr_FR","og_type":"article","og_title":"Hydraulic single-way press clay brick making machine - Manufacturer of Block Making Machine | Block Moulds | Hydraulic Pressure Machine | Supporting Equipment","og_description":"Hydraulic press machine, Hydraulic brick machine\uff0cclay brick making machine from China.","og_url":"https:\/\/www.qzdjm.com\/fr\/produit\/hydraulic-single-way-press-clay-brick-making-machine-product-image\/","og_site_name":"Manufacturer of Block Making Machine | Block Moulds | Hydraulic Pressure Machine | Supporting Equipment","article_modified_time":"2024-11-04T09:54:03+00:00","og_image":[{"width":1200,"height":900,"url":"https:\/\/www.qzdjm.com\/wp-content\/uploads\/2024\/09\/Hydraulic-single-way-press-clay-brick-making-machine-Product-Image.jpg","type":"image\/jpeg"}],"twitter_card":"summary_large_image","twitter_misc":{"Dur\u00e9e de lecture estim\u00e9e":"1 minute"},"schema":{"@context":"https:\/\/schema.org","@graph":[{"@type":"WebPage","@id":"https:\/\/www.qzdjm.com\/product\/hydraulic-single-way-press-clay-brick-making-machine-product-image\/","url":"https:\/\/www.qzdjm.com\/product\/hydraulic-single-way-press-clay-brick-making-machine-product-image\/","name":"Hydraulic single-way press clay brick making machine - Manufacturer of Block Making Machine | Block Moulds | Hydraulic Pressure Machine | Supporting Equipment","isPartOf":{"@id":"https:\/\/www.qzdjm.com\/#website"},"primaryImageOfPage":{"@id":"https:\/\/www.qzdjm.com\/product\/hydraulic-single-way-press-clay-brick-making-machine-product-image\/#primaryimage"},"image":{"@id":"https:\/\/www.qzdjm.com\/product\/hydraulic-single-way-press-clay-brick-making-machine-product-image\/#primaryimage"},"thumbnailUrl":"https:\/\/www.qzdjm.com\/wp-content\/uploads\/2024\/09\/Hydraulic-single-way-press-clay-brick-making-machine-Product-Image.jpg","datePublished":"2024-09-30T03:38:22+00:00","dateModified":"2024-11-04T09:54:03+00:00","description":"Hydraulic press machine, Hydraulic brick machine\uff0cclay brick making machine from China.","breadcrumb":{"@id":"https:\/\/www.qzdjm.com\/product\/hydraulic-single-way-press-clay-brick-making-machine-product-image\/#breadcrumb"},"inLanguage":"fr-FR","potentialAction":[{"@type":"ReadAction","target":["https:\/\/www.qzdjm.com\/product\/hydraulic-single-way-press-clay-brick-making-machine-product-image\/"]}]},{"@type":"ImageObject","inLanguage":"fr-FR","@id":"https:\/\/www.qzdjm.com\/product\/hydraulic-single-way-press-clay-brick-making-machine-product-image\/#primaryimage","url":"https:\/\/www.qzdjm.com\/wp-content\/uploads\/2024\/09\/Hydraulic-single-way-press-clay-brick-making-machine-Product-Image.jpg","contentUrl":"https:\/\/www.qzdjm.com\/wp-content\/uploads\/2024\/09\/Hydraulic-single-way-press-clay-brick-making-machine-Product-Image.jpg","width":1200,"height":900,"caption":"Hydraulic single-way press clay brick making machine - Product Image"},{"@type":"BreadcrumbList","@id":"https:\/\/www.qzdjm.com\/product\/hydraulic-single-way-press-clay-brick-making-machine-product-image\/#breadcrumb","itemListElement":[{"@type":"ListItem","position":1,"name":"Home","item":"https:\/\/www.qzdjm.com\/"},{"@type":"ListItem","position":2,"name":"Products","item":"https:\/\/www.qzdjm.com\/products\/"},{"@type":"ListItem","position":3,"name":"Hydraulic single-way press clay brick making machine"}]},{"@type":"WebSite","@id":"https:\/\/www.qzdjm.com\/#website","url":"https:\/\/www.qzdjm.com\/","name":"Manufacturer of Block Making Machine | Block Moulds | Hydraulic Pressure Machine | Supporting Equipment","description":"","publisher":{"@id":"https:\/\/www.qzdjm.com\/#organization"},"potentialAction":[{"@type":"SearchAction","target":{"@type":"EntryPoint","urlTemplate":"https:\/\/www.qzdjm.com\/?s={search_term_string}"},"query-input":{"@type":"PropertyValueSpecification","valueRequired":true,"valueName":"search_term_string"}}],"inLanguage":"fr-FR"},{"@type":"Organization","@id":"https:\/\/www.qzdjm.com\/#organization","name":"Manufacturer of Block Making Machine | Block Moulds | Hydraulic Pressure Machine | Supporting Equipment","url":"https:\/\/www.qzdjm.com\/","logo":{"@type":"ImageObject","inLanguage":"fr-FR","@id":"https:\/\/www.qzdjm.com\/#\/schema\/logo\/image\/","url":"https:\/\/www.qzdjm.com\/wp-content\/uploads\/2024\/08\/DJM-logo.png","contentUrl":"https:\/\/www.qzdjm.com\/wp-content\/uploads\/2024\/08\/DJM-logo.png","width":6992,"height":2278,"caption":"Manufacturer of Block Making Machine | Block Moulds | Hydraulic Pressure Machine | Supporting Equipment"},"image":{"@id":"https:\/\/www.qzdjm.com\/#\/schema\/logo\/image\/"}}]}},"_links":{"self":[{"href":"https:\/\/www.qzdjm.com\/fr\/wp-json\/wp\/v2\/product\/780","targetHints":{"allow":["GET"]}}],"collection":[{"href":"https:\/\/www.qzdjm.com\/fr\/wp-json\/wp\/v2\/product"}],"about":[{"href":"https:\/\/www.qzdjm.com\/fr\/wp-json\/wp\/v2\/types\/product"}],"replies":[{"embeddable":true,"href":"https:\/\/www.qzdjm.com\/fr\/wp-json\/wp\/v2\/comments?post=780"}],"wp:featuredmedia":[{"embeddable":true,"href":"https:\/\/www.qzdjm.com\/fr\/wp-json\/wp\/v2\/media\/781"}],"wp:attachment":[{"href":"https:\/\/www.qzdjm.com\/fr\/wp-json\/wp\/v2\/media?parent=780"}],"wp:term":[{"taxonomy":"product_brand","embeddable":true,"href":"https:\/\/www.qzdjm.com\/fr\/wp-json\/wp\/v2\/product_brand?post=780"},{"taxonomy":"product_cat","embeddable":true,"href":"https:\/\/www.qzdjm.com\/fr\/wp-json\/wp\/v2\/product_cat?post=780"},{"taxonomy":"product_tag","embeddable":true,"href":"https:\/\/www.qzdjm.com\/fr\/wp-json\/wp\/v2\/product_tag?post=780"}],"curies":[{"name":"wp","href":"https:\/\/api.w.org\/{rel}","templated":true}]}}