{"id":349,"date":"2024-09-16T02:03:43","date_gmt":"2024-09-16T02:03:43","guid":{"rendered":"https:\/\/www.qzdjm.com\/?post_type=product&#038;p=349"},"modified":"2024-12-11T09:24:15","modified_gmt":"2024-12-11T09:24:15","slug":"concrete-block-making-machine-qt12-15","status":"publish","type":"product","link":"https:\/\/www.qzdjm.com\/pt\/produto\/concrete-block-making-machine-qt12-15\/","title":{"rendered":"M\u00c1QUINA DE FAZER BLOCOS DE BET\u00c3O QT12-15"},"content":{"rendered":"<p>M\u00c1QUINA DE FAZER BLOCOS DE CONCRETO QT12-15 \u00e9 <b>trabalho totalmente autom\u00e1tico com PLC<\/b>adequado para a confe\u00e7\u00e3o de <b>todos os tipos de blocos ocos, blocos maci\u00e7os, pavimentos, lancis <\/b>e assim por diante. Utiliza a nossa mais recente press\u00e3o hidr\u00e1ulica, por isso pode garantir a qualidade do bloco muito boa. Agora, a fim de se adequar aos mercados estrangeiros e garantir que a m\u00e1quina trabalhe de forma mais eficiente, usamos muitas partes de algumas marcas bem conhecidas importadas de pa\u00edses estrangeiros, Lista a seguir<br \/>\n<b>1. Controlo PLC: <\/b>selecion\u00e1mos os originais<b> PLC da Siemens <\/b>combinam com o desenvolvimento independente do programa de controlo da m\u00e1quina, asseguram um estado de trabalho est\u00e1vel e de elevada efici\u00eancia.<br \/>\n<b>2. Interruptores e motor: <\/b>os comutadores utilizar\u00e3o <b>Jap\u00e3o Omron <\/b>e <b>Fran\u00e7a Schneider<\/b> o motor utilizar\u00e1 a marca Siemens ou ABB.<br \/>\n<b>3. Sistema hidr\u00e1ulico:<\/b> as pe\u00e7as hidr\u00e1ulicas sobressalentes s\u00e3o encomendadas de acordo com as carater\u00edsticas da nossa m\u00e1quina de blocos de Taiwan.<br \/>\n<b>4. Alimentador de material:<\/b> carrinho de alimenta\u00e7\u00e3o de material do tipo misturador rotativo, os produtos acabados obt\u00eam maior densidade e resist\u00eancia.<br \/>\n<b>5. Molde:<\/b> mais recente <b>dispositivo de tratamento t\u00e9rmico<\/b> asseguram um maior tempo de vida do molde.<br \/>\n<b>6. Pe\u00e7as de substitui\u00e7\u00e3o:<\/b> Ap\u00f3s o envio da m\u00e1quina, fornecemos pe\u00e7as de desgaste adequadas, os servi\u00e7os p\u00f3s-venda ser\u00e3o mais r\u00e1pidos.<\/p>","protected":false},"excerpt":{"rendered":"<p>M\u00c1QUINA DE FAZER BLOCOS DE CONCRETO QT 12-15 alta qualidade com o melhor pre\u00e7o e servi\u00e7o.<\/p>\n<p>A m\u00e1quina de fazer blocos de bet\u00e3o QT12-15 \u00e9 uma m\u00e1quina de fazer blocos de for\u00e7a vibrat\u00f3ria totalmente autom\u00e1tica. Esta m\u00e1quina de blocos utiliza a t\u00e9cnica europeia avan\u00e7ada de fabrico de blocos de vibra\u00e7\u00e3o plana como refer\u00eancia, com a pot\u00eancia mais baixa; a m\u00e1quina de fazer blocos de pavimenta\u00e7\u00e3o autom\u00e1tica realiza o efeito de vibra\u00e7\u00e3o super forte, misturando todos os materiais de forma eficaz. E a compress\u00e3o de vibra\u00e7\u00e3o do molde superior torna o tijolo com densidade m\u00e9dia e alta resist\u00eancia, bem como o equipamento de grande escala.<\/p>\n<p><strong>fabricantes de m\u00e1quinas de fabrico de blocos<\/strong><\/p>\n<p><strong>Item NO.<\/strong>:QT 12-15<\/p>\n<p><strong>Pagamento<\/strong>: T\/T<\/p>\n<p><strong>Origem do produto<\/strong>: QuanZhou<\/p>\n<p><strong>Porto de embarque<\/strong>: XIAMEN,CHINA<\/p>\n<p><strong>Prazo de execu\u00e7\u00e3o<\/strong>: 30 DIAS<\/p>\n<p><strong>Encomenda (MOQ)<\/strong>: 1<\/p>\n<p><strong>Mercadorias Stock<\/strong>: 10<\/p>\n<p><strong>Peso do produto<\/strong>: 15200kg<\/p>","protected":false},"featured_media":373,"comment_status":"open","ping_status":"closed","template":"","meta":{"_acf_changed":false},"product_brand":[],"product_cat":[32],"product_tag":[],"class_list":{"0":"post-349","1":"product","2":"type-product","3":"status-publish","4":"has-post-thumbnail","6":"product_cat-block-making-production-line","8":"first","9":"instock","10":"shipping-taxable","11":"product-type-simple"},"acf":[],"yoast_head":"<!-- This site is optimized with the Yoast SEO plugin v26.6 - https:\/\/yoast.com\/wordpress\/plugins\/seo\/ -->\n<title>CONCRETE BLOCK MAKING MACHINE QT12-15 - Manufacturer of Block Making Machine | Block Moulds | Hydraulic Pressure Machine | Supporting Equipment<\/title>\n<meta name=\"description\" content=\"CONCRETE BLOCK MAKING MACHINE\u00a0 QT12-15 uses the European advanced flat vibration manufacturing technique for reference, with the lower power.\" \/>\n<meta name=\"robots\" content=\"index, follow, max-snippet:-1, max-image-preview:large, max-video-preview:-1\" \/>\n<link rel=\"canonical\" href=\"https:\/\/www.qzdjm.com\/pt\/produto\/concrete-block-making-machine-qt12-15\/\" \/>\n<meta property=\"og:locale\" content=\"pt_PT\" \/>\n<meta property=\"og:type\" content=\"article\" \/>\n<meta property=\"og:title\" content=\"CONCRETE BLOCK MAKING MACHINE QT12-15 - Manufacturer of Block Making Machine | Block Moulds | Hydraulic Pressure Machine | Supporting Equipment\" \/>\n<meta property=\"og:description\" content=\"CONCRETE BLOCK MAKING MACHINE\u00a0 QT12-15 uses the European advanced flat vibration manufacturing technique for reference, with the lower power.\" \/>\n<meta property=\"og:url\" content=\"https:\/\/www.qzdjm.com\/pt\/produto\/concrete-block-making-machine-qt12-15\/\" \/>\n<meta property=\"og:site_name\" content=\"Manufacturer of Block Making Machine | Block Moulds | Hydraulic Pressure Machine | Supporting Equipment\" \/>\n<meta property=\"article:modified_time\" content=\"2024-12-11T09:24:15+00:00\" \/>\n<meta property=\"og:image\" content=\"https:\/\/www.qzdjm.com\/wp-content\/uploads\/2024\/09\/02-CONCRETE-HOLLOW-BLOCK-MAKING-MACHINE-QT12-15.jpg\" \/>\n\t<meta property=\"og:image:width\" content=\"1200\" \/>\n\t<meta property=\"og:image:height\" content=\"900\" \/>\n\t<meta property=\"og:image:type\" content=\"image\/jpeg\" \/>\n<meta name=\"twitter:card\" content=\"summary_large_image\" \/>\n<meta name=\"twitter:label1\" content=\"Tempo estimado de leitura\" \/>\n\t<meta name=\"twitter:data1\" content=\"2 minutos\" \/>\n<script type=\"application\/ld+json\" class=\"yoast-schema-graph\">{\"@context\":\"https:\/\/schema.org\",\"@graph\":[{\"@type\":\"WebPage\",\"@id\":\"https:\/\/www.qzdjm.com\/product\/concrete-block-making-machine-qt12-15\/\",\"url\":\"https:\/\/www.qzdjm.com\/product\/concrete-block-making-machine-qt12-15\/\",\"name\":\"CONCRETE BLOCK MAKING MACHINE QT12-15 - Manufacturer of Block Making Machine | Block Moulds | Hydraulic Pressure Machine | Supporting Equipment\",\"isPartOf\":{\"@id\":\"https:\/\/www.qzdjm.com\/#website\"},\"primaryImageOfPage\":{\"@id\":\"https:\/\/www.qzdjm.com\/product\/concrete-block-making-machine-qt12-15\/#primaryimage\"},\"image\":{\"@id\":\"https:\/\/www.qzdjm.com\/product\/concrete-block-making-machine-qt12-15\/#primaryimage\"},\"thumbnailUrl\":\"https:\/\/www.qzdjm.com\/wp-content\/uploads\/2024\/09\/02-CONCRETE-HOLLOW-BLOCK-MAKING-MACHINE-QT12-15.jpg\",\"datePublished\":\"2024-09-16T02:03:43+00:00\",\"dateModified\":\"2024-12-11T09:24:15+00:00\",\"description\":\"CONCRETE BLOCK MAKING MACHINE\u00a0 QT12-15 uses the European advanced flat vibration manufacturing technique for reference, with the lower power.\",\"breadcrumb\":{\"@id\":\"https:\/\/www.qzdjm.com\/product\/concrete-block-making-machine-qt12-15\/#breadcrumb\"},\"inLanguage\":\"pt-PT\",\"potentialAction\":[{\"@type\":\"ReadAction\",\"target\":[\"https:\/\/www.qzdjm.com\/product\/concrete-block-making-machine-qt12-15\/\"]}]},{\"@type\":\"ImageObject\",\"inLanguage\":\"pt-PT\",\"@id\":\"https:\/\/www.qzdjm.com\/product\/concrete-block-making-machine-qt12-15\/#primaryimage\",\"url\":\"https:\/\/www.qzdjm.com\/wp-content\/uploads\/2024\/09\/02-CONCRETE-HOLLOW-BLOCK-MAKING-MACHINE-QT12-15.jpg\",\"contentUrl\":\"https:\/\/www.qzdjm.com\/wp-content\/uploads\/2024\/09\/02-CONCRETE-HOLLOW-BLOCK-MAKING-MACHINE-QT12-15.jpg\",\"width\":1200,\"height\":900,\"caption\":\"CONCRETE BLOCK MAKING MACHINE\u00a0 QT12-15 uses the European advanced flat vibration manufacturing technique for reference, with the lower power.\"},{\"@type\":\"BreadcrumbList\",\"@id\":\"https:\/\/www.qzdjm.com\/product\/concrete-block-making-machine-qt12-15\/#breadcrumb\",\"itemListElement\":[{\"@type\":\"ListItem\",\"position\":1,\"name\":\"Home\",\"item\":\"https:\/\/www.qzdjm.com\/\"},{\"@type\":\"ListItem\",\"position\":2,\"name\":\"Products\",\"item\":\"https:\/\/www.qzdjm.com\/products\/\"},{\"@type\":\"ListItem\",\"position\":3,\"name\":\"CONCRETE BLOCK MAKING MACHINE QT12-15\"}]},{\"@type\":\"WebSite\",\"@id\":\"https:\/\/www.qzdjm.com\/#website\",\"url\":\"https:\/\/www.qzdjm.com\/\",\"name\":\"Manufacturer of Block Making Machine | Block Moulds | Hydraulic Pressure Machine | Supporting Equipment\",\"description\":\"\",\"publisher\":{\"@id\":\"https:\/\/www.qzdjm.com\/#organization\"},\"potentialAction\":[{\"@type\":\"SearchAction\",\"target\":{\"@type\":\"EntryPoint\",\"urlTemplate\":\"https:\/\/www.qzdjm.com\/?s={search_term_string}\"},\"query-input\":{\"@type\":\"PropertyValueSpecification\",\"valueRequired\":true,\"valueName\":\"search_term_string\"}}],\"inLanguage\":\"pt-PT\"},{\"@type\":\"Organization\",\"@id\":\"https:\/\/www.qzdjm.com\/#organization\",\"name\":\"Manufacturer of Block Making Machine | Block Moulds | Hydraulic Pressure Machine | Supporting Equipment\",\"url\":\"https:\/\/www.qzdjm.com\/\",\"logo\":{\"@type\":\"ImageObject\",\"inLanguage\":\"pt-PT\",\"@id\":\"https:\/\/www.qzdjm.com\/#\/schema\/logo\/image\/\",\"url\":\"https:\/\/www.qzdjm.com\/wp-content\/uploads\/2024\/08\/DJM-logo.png\",\"contentUrl\":\"https:\/\/www.qzdjm.com\/wp-content\/uploads\/2024\/08\/DJM-logo.png\",\"width\":6992,\"height\":2278,\"caption\":\"Manufacturer of Block Making Machine | Block Moulds | Hydraulic Pressure Machine | Supporting Equipment\"},\"image\":{\"@id\":\"https:\/\/www.qzdjm.com\/#\/schema\/logo\/image\/\"}}]}<\/script>\n<!-- \/ Yoast SEO plugin. -->","yoast_head_json":{"title":"CONCRETE BLOCK MAKING MACHINE QT12-15 - Manufacturer of Block Making Machine | Block Moulds | Hydraulic Pressure Machine | Supporting Equipment","description":"CONCRETE BLOCK MAKING MACHINE\u00a0 QT12-15 uses the European advanced flat vibration manufacturing technique for reference, with the lower power.","robots":{"index":"index","follow":"follow","max-snippet":"max-snippet:-1","max-image-preview":"max-image-preview:large","max-video-preview":"max-video-preview:-1"},"canonical":"https:\/\/www.qzdjm.com\/pt\/produto\/concrete-block-making-machine-qt12-15\/","og_locale":"pt_PT","og_type":"article","og_title":"CONCRETE BLOCK MAKING MACHINE QT12-15 - Manufacturer of Block Making Machine | Block Moulds | Hydraulic Pressure Machine | Supporting Equipment","og_description":"CONCRETE BLOCK MAKING MACHINE\u00a0 QT12-15 uses the European advanced flat vibration manufacturing technique for reference, with the lower power.","og_url":"https:\/\/www.qzdjm.com\/pt\/produto\/concrete-block-making-machine-qt12-15\/","og_site_name":"Manufacturer of Block Making Machine | Block Moulds | Hydraulic Pressure Machine | Supporting Equipment","article_modified_time":"2024-12-11T09:24:15+00:00","og_image":[{"width":1200,"height":900,"url":"https:\/\/www.qzdjm.com\/wp-content\/uploads\/2024\/09\/02-CONCRETE-HOLLOW-BLOCK-MAKING-MACHINE-QT12-15.jpg","type":"image\/jpeg"}],"twitter_card":"summary_large_image","twitter_misc":{"Tempo estimado de leitura":"2 minutos"},"schema":{"@context":"https:\/\/schema.org","@graph":[{"@type":"WebPage","@id":"https:\/\/www.qzdjm.com\/product\/concrete-block-making-machine-qt12-15\/","url":"https:\/\/www.qzdjm.com\/product\/concrete-block-making-machine-qt12-15\/","name":"CONCRETE BLOCK MAKING MACHINE QT12-15 - Manufacturer of Block Making Machine | Block Moulds | Hydraulic Pressure Machine | Supporting Equipment","isPartOf":{"@id":"https:\/\/www.qzdjm.com\/#website"},"primaryImageOfPage":{"@id":"https:\/\/www.qzdjm.com\/product\/concrete-block-making-machine-qt12-15\/#primaryimage"},"image":{"@id":"https:\/\/www.qzdjm.com\/product\/concrete-block-making-machine-qt12-15\/#primaryimage"},"thumbnailUrl":"https:\/\/www.qzdjm.com\/wp-content\/uploads\/2024\/09\/02-CONCRETE-HOLLOW-BLOCK-MAKING-MACHINE-QT12-15.jpg","datePublished":"2024-09-16T02:03:43+00:00","dateModified":"2024-12-11T09:24:15+00:00","description":"CONCRETE BLOCK MAKING MACHINE\u00a0 QT12-15 uses the European advanced flat vibration manufacturing technique for reference, with the lower power.","breadcrumb":{"@id":"https:\/\/www.qzdjm.com\/product\/concrete-block-making-machine-qt12-15\/#breadcrumb"},"inLanguage":"pt-PT","potentialAction":[{"@type":"ReadAction","target":["https:\/\/www.qzdjm.com\/product\/concrete-block-making-machine-qt12-15\/"]}]},{"@type":"ImageObject","inLanguage":"pt-PT","@id":"https:\/\/www.qzdjm.com\/product\/concrete-block-making-machine-qt12-15\/#primaryimage","url":"https:\/\/www.qzdjm.com\/wp-content\/uploads\/2024\/09\/02-CONCRETE-HOLLOW-BLOCK-MAKING-MACHINE-QT12-15.jpg","contentUrl":"https:\/\/www.qzdjm.com\/wp-content\/uploads\/2024\/09\/02-CONCRETE-HOLLOW-BLOCK-MAKING-MACHINE-QT12-15.jpg","width":1200,"height":900,"caption":"CONCRETE BLOCK MAKING MACHINE\u00a0 QT12-15 uses the European advanced flat vibration manufacturing technique for reference, with the lower power."},{"@type":"BreadcrumbList","@id":"https:\/\/www.qzdjm.com\/product\/concrete-block-making-machine-qt12-15\/#breadcrumb","itemListElement":[{"@type":"ListItem","position":1,"name":"Home","item":"https:\/\/www.qzdjm.com\/"},{"@type":"ListItem","position":2,"name":"Products","item":"https:\/\/www.qzdjm.com\/products\/"},{"@type":"ListItem","position":3,"name":"CONCRETE BLOCK MAKING MACHINE QT12-15"}]},{"@type":"WebSite","@id":"https:\/\/www.qzdjm.com\/#website","url":"https:\/\/www.qzdjm.com\/","name":"Manufacturer of Block Making Machine | Block Moulds | Hydraulic Pressure Machine | Supporting Equipment","description":"","publisher":{"@id":"https:\/\/www.qzdjm.com\/#organization"},"potentialAction":[{"@type":"SearchAction","target":{"@type":"EntryPoint","urlTemplate":"https:\/\/www.qzdjm.com\/?s={search_term_string}"},"query-input":{"@type":"PropertyValueSpecification","valueRequired":true,"valueName":"search_term_string"}}],"inLanguage":"pt-PT"},{"@type":"Organization","@id":"https:\/\/www.qzdjm.com\/#organization","name":"Manufacturer of Block Making Machine | Block Moulds | Hydraulic Pressure Machine | Supporting Equipment","url":"https:\/\/www.qzdjm.com\/","logo":{"@type":"ImageObject","inLanguage":"pt-PT","@id":"https:\/\/www.qzdjm.com\/#\/schema\/logo\/image\/","url":"https:\/\/www.qzdjm.com\/wp-content\/uploads\/2024\/08\/DJM-logo.png","contentUrl":"https:\/\/www.qzdjm.com\/wp-content\/uploads\/2024\/08\/DJM-logo.png","width":6992,"height":2278,"caption":"Manufacturer of Block Making Machine | Block Moulds | Hydraulic Pressure Machine | Supporting Equipment"},"image":{"@id":"https:\/\/www.qzdjm.com\/#\/schema\/logo\/image\/"}}]}},"_links":{"self":[{"href":"https:\/\/www.qzdjm.com\/pt\/wp-json\/wp\/v2\/product\/349","targetHints":{"allow":["GET"]}}],"collection":[{"href":"https:\/\/www.qzdjm.com\/pt\/wp-json\/wp\/v2\/product"}],"about":[{"href":"https:\/\/www.qzdjm.com\/pt\/wp-json\/wp\/v2\/types\/product"}],"replies":[{"embeddable":true,"href":"https:\/\/www.qzdjm.com\/pt\/wp-json\/wp\/v2\/comments?post=349"}],"wp:featuredmedia":[{"embeddable":true,"href":"https:\/\/www.qzdjm.com\/pt\/wp-json\/wp\/v2\/media\/373"}],"wp:attachment":[{"href":"https:\/\/www.qzdjm.com\/pt\/wp-json\/wp\/v2\/media?parent=349"}],"wp:term":[{"taxonomy":"product_brand","embeddable":true,"href":"https:\/\/www.qzdjm.com\/pt\/wp-json\/wp\/v2\/product_brand?post=349"},{"taxonomy":"product_cat","embeddable":true,"href":"https:\/\/www.qzdjm.com\/pt\/wp-json\/wp\/v2\/product_cat?post=349"},{"taxonomy":"product_tag","embeddable":true,"href":"https:\/\/www.qzdjm.com\/pt\/wp-json\/wp\/v2\/product_tag?post=349"}],"curies":[{"name":"wp","href":"https:\/\/api.w.org\/{rel}","templated":true}]}}