{"id":642,"date":"2024-09-26T15:28:22","date_gmt":"2024-09-26T15:28:22","guid":{"rendered":"https:\/\/www.qzdjm.com\/?post_type=product&#038;p=642"},"modified":"2024-11-04T10:14:20","modified_gmt":"2024-11-04T10:14:20","slug":"mobile-concrete-batching-plant-yhzs-series","status":"publish","type":"product","link":"https:\/\/www.qzdjm.com\/pt\/produto\/mobile-concrete-batching-plant-yhzs-series\/","title":{"rendered":"Central de dosagem de bet\u00e3o m\u00f3vel S\u00e9rie YHZS"},"content":{"rendered":"<p>A central dosadora m\u00f3vel de concreto adota o design semi-puxado. Com sistema de corrida e pino de tra\u00e7\u00e3o padr\u00e3o, a planta de mistura de concreto m\u00f3vel do tipo de transporte da s\u00e9rie YHZS pode ser arrastada por um trator, o que permite movimento e instala\u00e7\u00e3o convenientes e r\u00e1pidos sem funda\u00e7\u00e3o e ...<\/p>\n<p>A central de bet\u00e3o m\u00f3vel \u00e9 uma inovadora central de mistura de bet\u00e3o m\u00f3vel (por reboque) concebida para cumprir uma variedade de aplica\u00e7\u00f5es. \u00c9 m\u00f3vel, pelo que \u00e9 um modelo ideal para projectos de constru\u00e7\u00e3o \u00e0 dist\u00e2ncia, como estradas, pontes, portos e quaisquer outros projectos de pequena escala.<\/p>","protected":false},"excerpt":{"rendered":"<p>A planta m\u00f3vel de mistura de concreto adota o design semi-puxando. Com sistema de corrida e pino de tra\u00e7\u00e3o padr\u00e3o, a planta de mistura de concreto m\u00f3vel do tipo de transporte da s\u00e9rie YHZS pode ser arrastada por um trator, o que permite movimento e instala\u00e7\u00e3o convenientes e r\u00e1pidos sem funda\u00e7\u00e3o e ...<\/p>\n<p>A central de bet\u00e3o m\u00f3vel \u00e9 uma inovadora central de mistura de bet\u00e3o m\u00f3vel (por reboque) concebida para cumprir uma variedade de aplica\u00e7\u00f5es. \u00c9 m\u00f3vel, pelo que \u00e9 um modelo ideal para projectos de constru\u00e7\u00e3o \u00e0 dist\u00e2ncia, como estradas, pontes, portos e quaisquer outros projectos de pequena escala.<\/p>\n<p><strong>Item NO.<\/strong>: QT18-15A&amp;QT15-15A<\/p>\n<p><strong>Pagamento<\/strong>: T\/T<\/p>\n<p><strong>Origem do produto<\/strong>: QuanZhou<\/p>\n<p><strong>Porto de embarque<\/strong>: XIAMEN,CHINA<\/p>\n<p><strong>Prazo de execu\u00e7\u00e3o<\/strong>: 30 DIAS<\/p>\n<p><strong>Encomenda (MOQ)<\/strong>: 1<\/p>\n<p><strong>Mercadorias Stock<\/strong>: 10<\/p>\n<p><strong>Peso do produto<\/strong>: 17200kg<\/p>","protected":false},"featured_media":645,"comment_status":"open","ping_status":"closed","template":"","meta":{"_acf_changed":false},"product_brand":[],"product_cat":[36],"product_tag":[],"class_list":{"0":"post-642","1":"product","2":"type-product","3":"status-publish","4":"has-post-thumbnail","6":"product_cat-concrete-batching-plant","8":"first","9":"instock","10":"shipping-taxable","11":"product-type-simple"},"acf":[],"yoast_head":"<!-- This site is optimized with the Yoast SEO plugin v26.6 - https:\/\/yoast.com\/wordpress\/plugins\/seo\/ -->\n<title>Mobile Concrete Batching Plant YHZS Series - Manufacturer of Block Making Machine | Block Moulds | Hydraulic Pressure Machine | Supporting Equipment<\/title>\n<meta name=\"description\" content=\"Mobile concrete batching plant is an innovation movable (by trailer) concrete mixing plant designed to fulfill a variety of applications.\" \/>\n<meta name=\"robots\" content=\"index, follow, max-snippet:-1, max-image-preview:large, max-video-preview:-1\" \/>\n<link rel=\"canonical\" href=\"https:\/\/www.qzdjm.com\/pt\/produto\/mobile-concrete-batching-plant-yhzs-series\/\" \/>\n<meta property=\"og:locale\" content=\"pt_PT\" \/>\n<meta property=\"og:type\" content=\"article\" \/>\n<meta property=\"og:title\" content=\"Mobile Concrete Batching Plant YHZS Series - Manufacturer of Block Making Machine | Block Moulds | Hydraulic Pressure Machine | Supporting Equipment\" \/>\n<meta property=\"og:description\" content=\"Mobile concrete batching plant is an innovation movable (by trailer) concrete mixing plant designed to fulfill a variety of applications.\" \/>\n<meta property=\"og:url\" content=\"https:\/\/www.qzdjm.com\/pt\/produto\/mobile-concrete-batching-plant-yhzs-series\/\" \/>\n<meta property=\"og:site_name\" content=\"Manufacturer of Block Making Machine | Block Moulds | Hydraulic Pressure Machine | Supporting Equipment\" \/>\n<meta property=\"article:modified_time\" content=\"2024-11-04T10:14:20+00:00\" \/>\n<meta property=\"og:image\" content=\"https:\/\/www.qzdjm.com\/wp-content\/uploads\/2024\/09\/Mobile-Concrete-Batching-Plant-1.png\" \/>\n\t<meta property=\"og:image:width\" content=\"1483\" \/>\n\t<meta property=\"og:image:height\" content=\"888\" \/>\n\t<meta property=\"og:image:type\" content=\"image\/png\" \/>\n<meta name=\"twitter:card\" content=\"summary_large_image\" \/>\n<meta name=\"twitter:label1\" content=\"Tempo estimado de leitura\" \/>\n\t<meta name=\"twitter:data1\" content=\"1 minuto\" \/>\n<script type=\"application\/ld+json\" class=\"yoast-schema-graph\">{\"@context\":\"https:\/\/schema.org\",\"@graph\":[{\"@type\":\"WebPage\",\"@id\":\"https:\/\/www.qzdjm.com\/product\/mobile-concrete-batching-plant-yhzs-series\/\",\"url\":\"https:\/\/www.qzdjm.com\/product\/mobile-concrete-batching-plant-yhzs-series\/\",\"name\":\"Mobile Concrete Batching Plant YHZS Series - Manufacturer of Block Making Machine | Block Moulds | Hydraulic Pressure Machine | Supporting Equipment\",\"isPartOf\":{\"@id\":\"https:\/\/www.qzdjm.com\/#website\"},\"primaryImageOfPage\":{\"@id\":\"https:\/\/www.qzdjm.com\/product\/mobile-concrete-batching-plant-yhzs-series\/#primaryimage\"},\"image\":{\"@id\":\"https:\/\/www.qzdjm.com\/product\/mobile-concrete-batching-plant-yhzs-series\/#primaryimage\"},\"thumbnailUrl\":\"https:\/\/www.qzdjm.com\/wp-content\/uploads\/2024\/09\/Mobile-Concrete-Batching-Plant-1.png\",\"datePublished\":\"2024-09-26T15:28:22+00:00\",\"dateModified\":\"2024-11-04T10:14:20+00:00\",\"description\":\"Mobile concrete batching plant is an innovation movable (by trailer) concrete mixing plant designed to fulfill a variety of applications.\",\"breadcrumb\":{\"@id\":\"https:\/\/www.qzdjm.com\/product\/mobile-concrete-batching-plant-yhzs-series\/#breadcrumb\"},\"inLanguage\":\"pt-PT\",\"potentialAction\":[{\"@type\":\"ReadAction\",\"target\":[\"https:\/\/www.qzdjm.com\/product\/mobile-concrete-batching-plant-yhzs-series\/\"]}]},{\"@type\":\"ImageObject\",\"inLanguage\":\"pt-PT\",\"@id\":\"https:\/\/www.qzdjm.com\/product\/mobile-concrete-batching-plant-yhzs-series\/#primaryimage\",\"url\":\"https:\/\/www.qzdjm.com\/wp-content\/uploads\/2024\/09\/Mobile-Concrete-Batching-Plant-1.png\",\"contentUrl\":\"https:\/\/www.qzdjm.com\/wp-content\/uploads\/2024\/09\/Mobile-Concrete-Batching-Plant-1.png\",\"width\":1483,\"height\":888,\"caption\":\"Mobile concrete batching plant\"},{\"@type\":\"BreadcrumbList\",\"@id\":\"https:\/\/www.qzdjm.com\/product\/mobile-concrete-batching-plant-yhzs-series\/#breadcrumb\",\"itemListElement\":[{\"@type\":\"ListItem\",\"position\":1,\"name\":\"Home\",\"item\":\"https:\/\/www.qzdjm.com\/\"},{\"@type\":\"ListItem\",\"position\":2,\"name\":\"Products\",\"item\":\"https:\/\/www.qzdjm.com\/products\/\"},{\"@type\":\"ListItem\",\"position\":3,\"name\":\"Mobile Concrete Batching Plant YHZS Series\"}]},{\"@type\":\"WebSite\",\"@id\":\"https:\/\/www.qzdjm.com\/#website\",\"url\":\"https:\/\/www.qzdjm.com\/\",\"name\":\"Manufacturer of Block Making Machine | Block Moulds | Hydraulic Pressure Machine | Supporting Equipment\",\"description\":\"\",\"publisher\":{\"@id\":\"https:\/\/www.qzdjm.com\/#organization\"},\"potentialAction\":[{\"@type\":\"SearchAction\",\"target\":{\"@type\":\"EntryPoint\",\"urlTemplate\":\"https:\/\/www.qzdjm.com\/?s={search_term_string}\"},\"query-input\":{\"@type\":\"PropertyValueSpecification\",\"valueRequired\":true,\"valueName\":\"search_term_string\"}}],\"inLanguage\":\"pt-PT\"},{\"@type\":\"Organization\",\"@id\":\"https:\/\/www.qzdjm.com\/#organization\",\"name\":\"Manufacturer of Block Making Machine | Block Moulds | Hydraulic Pressure Machine | Supporting Equipment\",\"url\":\"https:\/\/www.qzdjm.com\/\",\"logo\":{\"@type\":\"ImageObject\",\"inLanguage\":\"pt-PT\",\"@id\":\"https:\/\/www.qzdjm.com\/#\/schema\/logo\/image\/\",\"url\":\"https:\/\/www.qzdjm.com\/wp-content\/uploads\/2024\/08\/DJM-logo.png\",\"contentUrl\":\"https:\/\/www.qzdjm.com\/wp-content\/uploads\/2024\/08\/DJM-logo.png\",\"width\":6992,\"height\":2278,\"caption\":\"Manufacturer of Block Making Machine | Block Moulds | Hydraulic Pressure Machine | Supporting Equipment\"},\"image\":{\"@id\":\"https:\/\/www.qzdjm.com\/#\/schema\/logo\/image\/\"}}]}<\/script>\n<!-- \/ Yoast SEO plugin. -->","yoast_head_json":{"title":"Mobile Concrete Batching Plant YHZS Series - Manufacturer of Block Making Machine | Block Moulds | Hydraulic Pressure Machine | Supporting Equipment","description":"Mobile concrete batching plant is an innovation movable (by trailer) concrete mixing plant designed to fulfill a variety of applications.","robots":{"index":"index","follow":"follow","max-snippet":"max-snippet:-1","max-image-preview":"max-image-preview:large","max-video-preview":"max-video-preview:-1"},"canonical":"https:\/\/www.qzdjm.com\/pt\/produto\/mobile-concrete-batching-plant-yhzs-series\/","og_locale":"pt_PT","og_type":"article","og_title":"Mobile Concrete Batching Plant YHZS Series - Manufacturer of Block Making Machine | Block Moulds | Hydraulic Pressure Machine | Supporting Equipment","og_description":"Mobile concrete batching plant is an innovation movable (by trailer) concrete mixing plant designed to fulfill a variety of applications.","og_url":"https:\/\/www.qzdjm.com\/pt\/produto\/mobile-concrete-batching-plant-yhzs-series\/","og_site_name":"Manufacturer of Block Making Machine | Block Moulds | Hydraulic Pressure Machine | Supporting Equipment","article_modified_time":"2024-11-04T10:14:20+00:00","og_image":[{"width":1483,"height":888,"url":"https:\/\/www.qzdjm.com\/wp-content\/uploads\/2024\/09\/Mobile-Concrete-Batching-Plant-1.png","type":"image\/png"}],"twitter_card":"summary_large_image","twitter_misc":{"Tempo estimado de leitura":"1 minuto"},"schema":{"@context":"https:\/\/schema.org","@graph":[{"@type":"WebPage","@id":"https:\/\/www.qzdjm.com\/product\/mobile-concrete-batching-plant-yhzs-series\/","url":"https:\/\/www.qzdjm.com\/product\/mobile-concrete-batching-plant-yhzs-series\/","name":"Mobile Concrete Batching Plant YHZS Series - Manufacturer of Block Making Machine | Block Moulds | Hydraulic Pressure Machine | Supporting Equipment","isPartOf":{"@id":"https:\/\/www.qzdjm.com\/#website"},"primaryImageOfPage":{"@id":"https:\/\/www.qzdjm.com\/product\/mobile-concrete-batching-plant-yhzs-series\/#primaryimage"},"image":{"@id":"https:\/\/www.qzdjm.com\/product\/mobile-concrete-batching-plant-yhzs-series\/#primaryimage"},"thumbnailUrl":"https:\/\/www.qzdjm.com\/wp-content\/uploads\/2024\/09\/Mobile-Concrete-Batching-Plant-1.png","datePublished":"2024-09-26T15:28:22+00:00","dateModified":"2024-11-04T10:14:20+00:00","description":"Mobile concrete batching plant is an innovation movable (by trailer) concrete mixing plant designed to fulfill a variety of applications.","breadcrumb":{"@id":"https:\/\/www.qzdjm.com\/product\/mobile-concrete-batching-plant-yhzs-series\/#breadcrumb"},"inLanguage":"pt-PT","potentialAction":[{"@type":"ReadAction","target":["https:\/\/www.qzdjm.com\/product\/mobile-concrete-batching-plant-yhzs-series\/"]}]},{"@type":"ImageObject","inLanguage":"pt-PT","@id":"https:\/\/www.qzdjm.com\/product\/mobile-concrete-batching-plant-yhzs-series\/#primaryimage","url":"https:\/\/www.qzdjm.com\/wp-content\/uploads\/2024\/09\/Mobile-Concrete-Batching-Plant-1.png","contentUrl":"https:\/\/www.qzdjm.com\/wp-content\/uploads\/2024\/09\/Mobile-Concrete-Batching-Plant-1.png","width":1483,"height":888,"caption":"Mobile concrete batching plant"},{"@type":"BreadcrumbList","@id":"https:\/\/www.qzdjm.com\/product\/mobile-concrete-batching-plant-yhzs-series\/#breadcrumb","itemListElement":[{"@type":"ListItem","position":1,"name":"Home","item":"https:\/\/www.qzdjm.com\/"},{"@type":"ListItem","position":2,"name":"Products","item":"https:\/\/www.qzdjm.com\/products\/"},{"@type":"ListItem","position":3,"name":"Mobile Concrete Batching Plant YHZS Series"}]},{"@type":"WebSite","@id":"https:\/\/www.qzdjm.com\/#website","url":"https:\/\/www.qzdjm.com\/","name":"Manufacturer of Block Making Machine | Block Moulds | Hydraulic Pressure Machine | Supporting Equipment","description":"","publisher":{"@id":"https:\/\/www.qzdjm.com\/#organization"},"potentialAction":[{"@type":"SearchAction","target":{"@type":"EntryPoint","urlTemplate":"https:\/\/www.qzdjm.com\/?s={search_term_string}"},"query-input":{"@type":"PropertyValueSpecification","valueRequired":true,"valueName":"search_term_string"}}],"inLanguage":"pt-PT"},{"@type":"Organization","@id":"https:\/\/www.qzdjm.com\/#organization","name":"Manufacturer of Block Making Machine | Block Moulds | Hydraulic Pressure Machine | Supporting Equipment","url":"https:\/\/www.qzdjm.com\/","logo":{"@type":"ImageObject","inLanguage":"pt-PT","@id":"https:\/\/www.qzdjm.com\/#\/schema\/logo\/image\/","url":"https:\/\/www.qzdjm.com\/wp-content\/uploads\/2024\/08\/DJM-logo.png","contentUrl":"https:\/\/www.qzdjm.com\/wp-content\/uploads\/2024\/08\/DJM-logo.png","width":6992,"height":2278,"caption":"Manufacturer of Block Making Machine | Block Moulds | Hydraulic Pressure Machine | Supporting Equipment"},"image":{"@id":"https:\/\/www.qzdjm.com\/#\/schema\/logo\/image\/"}}]}},"_links":{"self":[{"href":"https:\/\/www.qzdjm.com\/pt\/wp-json\/wp\/v2\/product\/642","targetHints":{"allow":["GET"]}}],"collection":[{"href":"https:\/\/www.qzdjm.com\/pt\/wp-json\/wp\/v2\/product"}],"about":[{"href":"https:\/\/www.qzdjm.com\/pt\/wp-json\/wp\/v2\/types\/product"}],"replies":[{"embeddable":true,"href":"https:\/\/www.qzdjm.com\/pt\/wp-json\/wp\/v2\/comments?post=642"}],"wp:featuredmedia":[{"embeddable":true,"href":"https:\/\/www.qzdjm.com\/pt\/wp-json\/wp\/v2\/media\/645"}],"wp:attachment":[{"href":"https:\/\/www.qzdjm.com\/pt\/wp-json\/wp\/v2\/media?parent=642"}],"wp:term":[{"taxonomy":"product_brand","embeddable":true,"href":"https:\/\/www.qzdjm.com\/pt\/wp-json\/wp\/v2\/product_brand?post=642"},{"taxonomy":"product_cat","embeddable":true,"href":"https:\/\/www.qzdjm.com\/pt\/wp-json\/wp\/v2\/product_cat?post=642"},{"taxonomy":"product_tag","embeddable":true,"href":"https:\/\/www.qzdjm.com\/pt\/wp-json\/wp\/v2\/product_tag?post=642"}],"curies":[{"name":"wp","href":"https:\/\/api.w.org\/{rel}","templated":true}]}}